
{"id":899,"date":"2010-12-30T21:14:13","date_gmt":"2010-12-31T00:14:13","guid":{"rendered":"http:\/\/www.talsoft.com.ar\/site\/?page_id=899"},"modified":"2025-11-17T11:31:00","modified_gmt":"2025-11-17T14:31:00","slug":"acerca-de","status":"publish","type":"page","link":"https:\/\/www.talsoft.com.ar\/site\/es\/acerca-de\/","title":{"rendered":"Acerca de"},"content":{"rendered":"<p>[et_pb_section fb_built=\u00bb1&#8243; admin_label=\u00bbHeader\u00bb _builder_version=\u00bb4.16&#8243; background_color=\u00bbrgba(0,0,0,0)\u00bb use_background_color_gradient=\u00bbon\u00bb background_color_gradient_type=\u00bbcircular\u00bb background_color_gradient_direction_radial=\u00bbtop\u00bb background_color_gradient_stops=\u00bb#cb0519 37%|#ffffff 100%\u00bb background_color_gradient_start=\u00bb#cb0519&#8243; background_color_gradient_start_position=\u00bb37%\u00bb background_color_gradient_end=\u00bb#ffffff\u00bb background_image=\u00bbhttps:\/\/www.talsoft.com.ar\/site\/wp-content\/uploads\/2020\/08\/cyber-security-08.png\u00bb custom_padding=\u00bb||0px|||\u00bb background_last_edited=\u00bbon|phone\u00bb background_position_tablet=\u00bbcenter_right\u00bb locked=\u00bboff\u00bb global_colors_info=\u00bb{}\u00bb][et_pb_row column_structure=\u00bb3_5,2_5&#8243; _builder_version=\u00bb4.16&#8243; custom_margin=\u00bb|114px||auto||\u00bb global_colors_info=\u00bb{}\u00bb][et_pb_column type=\u00bb3_5&#8243; _builder_version=\u00bb4.16&#8243; global_colors_info=\u00bb{}\u00bb][\/et_pb_column][et_pb_column type=\u00bb2_5&#8243; _builder_version=\u00bb4.16&#8243; global_colors_info=\u00bb{}\u00bb][et_pb_text _builder_version=\u00bb4.16&#8243; text_font=\u00bb||||||||\u00bb header_font=\u00bbOverpass|900|||||||\u00bb header_font_size=\u00bb84px\u00bb header_font_size_tablet=\u00bb54px\u00bb header_font_size_phone=\u00bb32px\u00bb header_font_size_last_edited=\u00bbon|desktop\u00bb locked=\u00bboff\u00bb global_colors_info=\u00bb{}\u00bb]<\/p>\n<h1><strong>Acerca de<\/strong><\/h1>\n<p>[\/et_pb_text][et_pb_text _builder_version=\u00bb4.16&#8243; text_font=\u00bb|300|||||||\u00bb text_text_color=\u00bb#000000&#8243; text_font_size=\u00bb17px\u00bb text_line_height=\u00bb1.8em\u00bb background_color=\u00bbrgba(0,0,0,0)\u00bb background_enable_image=\u00bboff\u00bb background_repeat=\u00bbrepeat\u00bb background_layout=\u00bbdark\u00bb width=\u00bb100%\u00bb custom_padding=\u00bb|0px||||\u00bb text_font_size_tablet=\u00bb\u00bb text_font_size_phone=\u00bb14px\u00bb text_font_size_last_edited=\u00bbon|desktop\u00bb locked=\u00bboff\u00bb global_colors_info=\u00bb{}\u00bb]<\/p>\n<div style=\"font-family: 'open sans',arial,helvetica,sans-serif; font-size: 14px; background-color: #ffffff; text-align: justify;\" dir=\"auto\">\n<p style=\"margin: 0px 0px 20px;\"><strong>TalSoft TS es una empresa especializada en consultor\u00eda y servicios en seguridad inform\u00e1tica empresarial, investigaciones, trainning y administraci\u00f3n de servidores<\/strong>, que responden a las necesidades de tercerizacion de servicios de las medianas y grandes empresas, a nivel nacional como internacional.<\/p>\n<\/div>\n<div style=\"font-family: 'open sans',arial,helvetica,sans-serif; font-size: 14px; background-color: #ffffff; text-align: justify;\" dir=\"auto\">\n<p><strong>TalSoft cuenta con una amplia experiencia en seguridad inform\u00e1tica y realiza sus trabajos en las normas m\u00e1s aceptadas de pruebas remotas de seguridad inform\u00e1tica.<\/strong><\/p>\n<div>\n<p dir=\"ltr\" style=\"margin: 0px 0px 20px;\">Nos diferenciamos por:<\/p>\n<\/div>\n<ul style=\"padding: 0px; margin: 0px 0px 20px 30px; list-style: outside square;\">\n<li style=\"line-height: 1.9;\">Ofrecer servicios personalizados que se ajustan a cada cliente.<\/li>\n<li style=\"line-height: 1.9;\">La\u00a0\u00e9tica, \u00a0calidad y de servicio de nuestros profesionales.<\/li>\n<li style=\"line-height: 1.9;\">El trabajo en equipo colaborativo y din\u00e1mico.<\/li>\n<li style=\"line-height: 1.9;\">Trabajar con modelos internacionales.<\/li>\n<li style=\"line-height: 1.9;\">Mantener una relaci\u00f3n de largo plazo con nuestros clientes.<\/li>\n<li style=\"line-height: 1.9;\">Acompa\u00f1ar al cliente durante su crecimiento a una cultura de Seguridad Inform\u00e1tica.<\/li>\n<\/ul>\n<\/div>\n<p>[\/et_pb_text][\/et_pb_column][\/et_pb_row][\/et_pb_section][et_pb_section fb_built=\u00bb1&#8243; _builder_version=\u00bb4.16&#8243; _module_preset=\u00bbdefault\u00bb global_colors_info=\u00bb{}\u00bb][et_pb_row column_structure=\u00bb1_2,1_2&#8243; _builder_version=\u00bb4.16&#8243; _module_preset=\u00bbdefault\u00bb global_colors_info=\u00bb{}\u00bb][et_pb_column type=\u00bb1_2&#8243; _builder_version=\u00bb4.16&#8243; _module_preset=\u00bbdefault\u00bb global_colors_info=\u00bb{}\u00bb][et_pb_text _builder_version=\u00bb4.16&#8243; _module_preset=\u00bbdefault\u00bb global_colors_info=\u00bb{}\u00bb]<\/p>\n<h2 style=\"font-family: raleway; margin: 0px 0px 10px; line-height: 1.6; color: #2f2f2f; font-size: 24px; padding: 0px; background-color: #ffffff;\">Visi\u00f3n<\/h2>\n<p style=\"margin: 0px 0px 20px; font-family: 'open sans',arial,helvetica,sans-serif; font-size: 14px; background-color: #ffffff; text-align: justify;\">Consolidarnos como una empresa de servicios y soluciones tecnol\u00f3gicas con excelencia y respaldo local e internacional.\u00a0Fomentar alianzas entre empresas, organizaciones y universidades, que interactu\u00e9n con el objetivo de contribuir con la sociedad, en la formaci\u00f3n de una conciencia en Seguridad Inform\u00e1tica.<\/p>\n<h2 style=\"font-family: raleway; margin: 0px 0px 10px; line-height: 1.6; color: #2f2f2f; font-size: 24px; padding: 0px; background-color: #ffffff;\">Misi\u00f3n<\/h2>\n<p style=\"margin: 0px 0px 20px; font-family: 'open sans',arial,helvetica,sans-serif; font-size: 14px; background-color: #ffffff; text-align: justify;\">Nuestra misi\u00f3n es proveer servicios y soluciones tecnol\u00f3gicas en el \u00e1mbito local e internacional. Damos respuesta a las crecientes demandas del mercado en seguridad inform\u00e1tica con dos claras premisas: satisfacer las necesidades en forma \u00e9tica y profesional, y contribuir a la mejora del estado de la seguridad de nuestros clientes.<\/p>\n<p style=\"margin: 0px 0px 20px; font-family: 'open sans',arial,helvetica,sans-serif; font-size: 14px; background-color: #ffffff; text-align: justify;\">Somos un equipo de profesionales comprometidos con la prevenci\u00f3n, protecci\u00f3n y soluci\u00f3n de incidentes producidos a trav\u00e9s de recursos empresariales informatizados. Conseguimos dicho cometido mediante una permanente actualizaci\u00f3n, reentrenamiento, el an\u00e1lisis met\u00f3dico y pormenorizado de sistemas.<\/p>\n<p style=\"margin: 0px 0px 20px; font-family: 'open sans',arial,helvetica,sans-serif; font-size: 14px; background-color: #ffffff; text-align: justify;\">Nuestro equipo trabaja con modelos internacionales que permiten tener una gu\u00eda en la ejecuci\u00f3n del servicio. Buscamos una relaci\u00f3n de largo plazo y compromiso con nuestros clientes, d\u00e1ndoles un valor agregado a cada servicio con calidad, profesionalismo y respaldo en todas las soluciones.<\/p>\n<p style=\"margin: 0px 0px 20px; font-family: 'open sans',arial,helvetica,sans-serif; font-size: 14px; background-color: #ffffff; text-align: justify;\">Nuestra experiencia abarca el \u00e1mbito empresarial y acad\u00e9mico, habiendo participado de proyectos de investigaci\u00f3n y docencia universitaria, lo que nos ha llevado a tomar parte en el propio desarrollo de nuevas tecnolog\u00edas y en la comprensi\u00f3n de fen\u00f3menos de muy reciente aparici\u00f3n que afectan la seguridad inform\u00e1tica.<\/p>\n<p style=\"margin: 0px 0px 20px; font-family: 'open sans',arial,helvetica,sans-serif; font-size: 14px; background-color: #ffffff; text-align: justify;\">Realizamos alianzas con empresas pares que permiten intercambiar relaciones y servicios, permitiendo que los clientes accedan a soluciones personalizadas de mayor excelencia y variedad. Nuestro equipo de trabajo participa en decisiones importantes dentro de la empresa colaborando en las acciones futuras en el crecimiento de Talsoft.<\/p>\n<p>[\/et_pb_text][\/et_pb_column][et_pb_column type=\u00bb1_2&#8243; _builder_version=\u00bb4.16&#8243; _module_preset=\u00bbdefault\u00bb global_colors_info=\u00bb{}\u00bb][et_pb_video_slider _builder_version=\u00bb4.16&#8243; _module_preset=\u00bbdefault\u00bb min_height=\u00bb487px\u00bb border_radii=\u00bbon|10px|10px|10px|10px\u00bb global_colors_info=\u00bb{}\u00bb][et_pb_video_slider_item src=\u00bbhttps:\/\/youtu.be\/EcG_b4Pl-kY\u00bb _builder_version=\u00bb4.5.6&#8243; _module_preset=\u00bbdefault\u00bb global_colors_info=\u00bb{}\u00bb show_image_overlay=\u00bboff\u00bb][\/et_pb_video_slider_item][et_pb_video_slider_item src=\u00bbhttps:\/\/youtu.be\/wQXvIAKtdxo\u00bb _builder_version=\u00bb4.5.6&#8243; _module_preset=\u00bbdefault\u00bb global_colors_info=\u00bb{}\u00bb show_image_overlay=\u00bboff\u00bb][\/et_pb_video_slider_item][et_pb_video_slider_item src=\u00bbhttps:\/\/youtu.be\/0WQlUKbuXP4&#8243; _builder_version=\u00bb4.5.6&#8243; _module_preset=\u00bbdefault\u00bb global_colors_info=\u00bb{}\u00bb show_image_overlay=\u00bboff\u00bb][\/et_pb_video_slider_item][\/et_pb_video_slider][\/et_pb_column][\/et_pb_row][et_pb_row _builder_version=\u00bb4.16&#8243; _module_preset=\u00bbdefault\u00bb global_colors_info=\u00bb{}\u00bb][et_pb_column type=\u00bb4_4&#8243; _builder_version=\u00bb4.16&#8243; _module_preset=\u00bbdefault\u00bb global_colors_info=\u00bb{}\u00bb][et_pb_cta button_url=\u00bbhttps:\/\/myths.talsoft-security.com\/schedule-call-contacto\u00bb button_text=\u00bbCont\u00e1ctenos\u00bb _builder_version=\u00bb4.21.0&#8243; _module_preset=\u00bbdefault\u00bb background_color=\u00bb#cb0519&#8243; hover_enabled=\u00bb0&#8243; border_radii=\u00bbon|20px|20px|20px|20px\u00bb global_colors_info=\u00bb{}\u00bb sticky_enabled=\u00bb0&#8243;]<\/p>\n<p>Empieze a proteger su negocio frente ataques inform\u00e1ticos<\/p>\n<p>[\/et_pb_cta][\/et_pb_column][\/et_pb_row][\/et_pb_section]<\/p>\n","protected":false},"excerpt":{"rendered":"<p>Acerca de TalSoft TS es una empresa especializada en consultor\u00eda y servicios en seguridad inform\u00e1tica empresarial, investigaciones, trainning y administraci\u00f3n de servidores, que responden a las necesidades de tercerizacion de servicios de las medianas y grandes empresas, a nivel nacional como internacional. TalSoft cuenta con una amplia experiencia en seguridad inform\u00e1tica y realiza sus trabajos [&hellip;]<\/p>\n","protected":false},"author":3,"featured_media":0,"parent":0,"menu_order":0,"comment_status":"closed","ping_status":"open","template":"","meta":{"_et_pb_use_builder":"on","_et_pb_old_content":"<div style=\"text-align: justify;\">\n\n<strong>TalSoft TS es una empresa especializada en consultor\u00eda y servicios en seguridad inform\u00e1tica empresarial, investigaciones, trainning y administraci\u00f3n de servidores<\/strong>, que responden a las necesidades de tercerizacion de servicios de las medianas y grandes empresas, a nivel nacional como internacional.\n\n<\/div>\n<div style=\"text-align: justify;\"><strong>TalSoft cuenta con una amplia experiencia en seguridad inform\u00e1tica y realiza sus trabajos en las normas m\u00e1s aceptadas de pruebas remotas de seguridad inform\u00e1tica.<\/strong>\n<div>\n<p dir=\"ltr\">Nos diferenciamos por:<\/p>\n\n<\/div>\n<ul>\n \t<li>Ofrecer servicios personalizados que se ajustan a cada cliente.<\/li>\n \t<li>La&nbsp;\u00e9tica, &nbsp;calidad y de servicio de nuestros profesionales.<\/li>\n \t<li>El trabajo en equipo colaborativo y din\u00e1mico.<\/li>\n \t<li>Trabajar con modelos internacionales.<\/li>\n \t<li>Mantener una relaci\u00f3n de largo plazo con nuestros clientes.<\/li>\n \t<li>Acompa\u00f1ar al cliente durante su crecimiento a una cultura de Seguridad Inform\u00e1tica.<\/li>\n<\/ul>\n<p style=\"text-align: center;\"><span class=\"tlid-translation translation\"><span class=\"\" title=\"\">Nuestros clientes comentan que<strong> su satisfacci\u00f3n con nuestros servicios es 4.5 de 5 puntos.<\/strong><\/span><\/span><\/p>\n\n<\/div>\n<h2>Visi\u00f3n<\/h2>\n<p style=\"text-align: justify;\">Consolidarnos como una empresa de servicios y soluciones tecnol\u00f3gicas con excelencia y respaldo local e internacional.&nbsp;Fomentar alianzas entre empresas, organizaciones y universidades, que interactu\u00e9n con el objetivo de contribuir con la sociedad, en la formaci\u00f3n de una conciencia en Seguridad Inform\u00e1tica.<\/p>\n\n<h2>Misi\u00f3n<\/h2>\n<p style=\"text-align: justify;\">Nuestra misi\u00f3n es proveer servicios y soluciones tecnol\u00f3gicas en el \u00e1mbito local e internacional. Damos respuesta a las crecientes demandas del mercado en seguridad inform\u00e1tica con dos claras premisas: satisfacer las necesidades en forma \u00e9tica y profesional, y contribuir a la mejora del estado de la seguridad de nuestros clientes.<\/p>\n<p style=\"text-align: justify;\">Somos un equipo de profesionales comprometidos con la prevenci\u00f3n, protecci\u00f3n y soluci\u00f3n de incidentes producidos a trav\u00e9s de recursos empresariales informatizados. Conseguimos dicho cometido mediante una permanente actualizaci\u00f3n, reentrenamiento, el an\u00e1lisis met\u00f3dico y pormenorizado de sistemas.<\/p>\n<p style=\"text-align: justify;\">Nuestro equipo trabaja con modelos internacionales que permiten tener una gu\u00eda en la ejecuci\u00f3n del servicio. Buscamos una relaci\u00f3n de largo plazo y compromiso con nuestros clientes, d\u00e1ndoles un valor agregado a cada servicio con calidad, profesionalismo y respaldo en todas las soluciones.<\/p>\n<p style=\"text-align: justify;\">Nuestra experiencia abarca el \u00e1mbito empresarial y acad\u00e9mico, habiendo participado de proyectos de investigaci\u00f3n y docencia universitaria, lo que nos ha llevado a tomar parte en el propio desarrollo de nuevas tecnolog\u00edas y en la comprensi\u00f3n de fen\u00f3menos de muy reciente aparici\u00f3n que afectan la seguridad inform\u00e1tica.<\/p>\n<p style=\"text-align: justify;\">Realizamos alianzas con empresas pares que permiten intercambiar relaciones y servicios, permitiendo que los clientes accedan a soluciones personalizadas de mayor excelencia y variedad. Nuestro equipo de trabajo participa en decisiones importantes dentro de la empresa colaborando en las acciones futuras en el crecimiento de Talsoft.<\/p>\n\n<h2><span class=\"tlid-translation translation\"><span class=\"\" title=\"\">Inversi\u00f3n en seguridad inform\u00e1tica<\/span><\/span><\/h2>\n<p style=\"text-align: justify;\"><span class=\"tlid-translation translation\"><span class=\"\" title=\"\"><strong>Una experiencia que quer\u00eda compartir<\/strong> con nuestros clientes que hemos observado en este caso. <strong>Un cliente comenz\u00f3 a perder dinero, clientes, imagen, robo de informaci\u00f3n confidencial y prestigio al recibir ataques de intrusos<\/strong> hasta el punto de casi romper su empresa.<\/span><\/span><\/p>\n<span title=\"\">No pudieron controlar la situaci\u00f3n<strong> hasta que se comunicaron con nosotros para informarnos sobre su problema<\/strong>.<\/span>\n\n<strong><span title=\"\">Gracias a nuestros servicios, podr\u00eda optimizar los controles de seguridad inform\u00e1tica de su empresa y tener conocimiento para tomar decisiones proactivas contra un ataque cibern\u00e9tico.<\/span><\/strong>\n\n<span title=\"\"><strong>La inversi\u00f3n realizada por la empresa con nuestros servicios, minimiza la p\u00e9rdida de dinero y maximizar\u00e1 sus ganancias, incluso cuando ocurran ataques cibern\u00e9ticos<\/strong>.<\/span> <strong><span title=\"\">Aumentar\u00e1 su imagen, prestigio, lealtad porque proteger\u00e1 la informaci\u00f3n confidencial y la relaci\u00f3n con los clientes, inversores y proveedores.<\/span><\/strong>","_et_gb_content_width":"","footnotes":""},"class_list":["post-899","page","type-page","status-publish","hentry"],"_links":{"self":[{"href":"https:\/\/www.talsoft.com.ar\/site\/wp-json\/wp\/v2\/pages\/899","targetHints":{"allow":["GET"]}}],"collection":[{"href":"https:\/\/www.talsoft.com.ar\/site\/wp-json\/wp\/v2\/pages"}],"about":[{"href":"https:\/\/www.talsoft.com.ar\/site\/wp-json\/wp\/v2\/types\/page"}],"author":[{"embeddable":true,"href":"https:\/\/www.talsoft.com.ar\/site\/wp-json\/wp\/v2\/users\/3"}],"replies":[{"embeddable":true,"href":"https:\/\/www.talsoft.com.ar\/site\/wp-json\/wp\/v2\/comments?post=899"}],"version-history":[{"count":27,"href":"https:\/\/www.talsoft.com.ar\/site\/wp-json\/wp\/v2\/pages\/899\/revisions"}],"predecessor-version":[{"id":7287,"href":"https:\/\/www.talsoft.com.ar\/site\/wp-json\/wp\/v2\/pages\/899\/revisions\/7287"}],"wp:attachment":[{"href":"https:\/\/www.talsoft.com.ar\/site\/wp-json\/wp\/v2\/media?parent=899"}],"curies":[{"name":"wp","href":"https:\/\/api.w.org\/{rel}","templated":true}]}}