
{"id":4704,"date":"2018-07-27T13:31:10","date_gmt":"2018-07-27T16:31:10","guid":{"rendered":"https:\/\/www.talsoft.com.ar\/site\/?page_id=4704"},"modified":"2018-07-27T13:33:06","modified_gmt":"2018-07-27T16:33:06","slug":"hardening-de-usuarios","status":"publish","type":"page","link":"https:\/\/www.talsoft.com.ar\/site\/es\/servicios\/seguridad-informatica\/hardening-de-usuarios\/","title":{"rendered":"Hardening de usuarios"},"content":{"rendered":"<div id=\"wrapper\" class=\"mm-page mm-slideout\">\n<section class=\"wpb_row main_row no-seperator\">\n<div class=\"row-inner\">\n<div class=\"wpb_column vc_column_container vc_col-sm-12\">\n<div class=\"vc_column-inner \">\n<div class=\"wpb_wrapper\">\n<div class=\"wpb_text_column wpb_content_element \">\n<div class=\"wpb_wrapper\">\n<h4><img loading=\"lazy\" decoding=\"async\" class=\"aligncenter wp-image-4720 size-medium\" src=\"https:\/\/www.talsoft.com.ar\/site\/wp-content\/uploads\/2018\/07\/Logo-SMARTFENSE-color-correcto-400x288.png\" alt=\"\" width=\"400\" height=\"288\" \/><\/h4>\n<h2 class=\"caracteristicas-contenido\" style=\"text-align: center;\">Es la plataforma de\u00a0 capacitaci\u00f3n y concientizaci\u00f3n en Seguridad de la Informaci\u00f3n que genera h\u00e1bitos seguros en los usuarios finales.<\/h2>\n<p class=\"caracteristicas-contenido\"><b><img loading=\"lazy\" decoding=\"async\" class=\"wp-image-3959 alignright\" src=\"https:\/\/www.talsoft.com.ar\/site\/wp-content\/uploads\/2017\/06\/C_aWY7vXkAE7Ijj.jpg\" alt=\"\" width=\"429\" height=\"188\" srcset=\"https:\/\/www.talsoft.com.ar\/site\/wp-content\/uploads\/2017\/06\/C_aWY7vXkAE7Ijj.jpg 531w, https:\/\/www.talsoft.com.ar\/site\/wp-content\/uploads\/2017\/06\/C_aWY7vXkAE7Ijj-300x132.jpg 300w, https:\/\/www.talsoft.com.ar\/site\/wp-content\/uploads\/2017\/06\/C_aWY7vXkAE7Ijj-400x176.jpg 400w, https:\/\/www.talsoft.com.ar\/site\/wp-content\/uploads\/2017\/06\/C_aWY7vXkAE7Ijj-260x114.jpg 260w\" sizes=\"auto, (max-width: 429px) 100vw, 429px\" \/><\/b><\/p>\n<h3 class=\"caracteristicas-contenido\" style=\"text-align: left;\"><b>El factor humano es un pilar fundamental en la seguridad.<\/b><\/h3>\n<p class=\"caracteristicas-contenido\" style=\"text-align: justify;\">Mediante el entrenamiento apropiado, sus empleados ser\u00e1n conscientes de la seguridad y la importancia de la misma, tanto en su organizaci\u00f3n como en su hogar.<\/p>\n<p class=\"caracteristicas-contenido\" style=\"text-align: justify;\">Adem\u00e1s, ser\u00e1n capaces de identificar y prevenir incidentes a los que se enfrentan diariamente a trav\u00e9s de buenas pr\u00e1cticas asimiladas de una manera natural y entretenida.<\/p>\n<p class=\"caracteristicas-contenido\" style=\"text-align: justify;\">Centrando la seguridad en las personas, las organizaciones reducen los controles de seguridad y tienen un impacto positivo en el clima laboral.<\/p>\n<h4 class=\"caracteristicas-contenido\">Para lograrlo integra:<\/h4>\n<\/div>\n<\/div>\n<\/div>\n<\/div>\n<\/div>\n<\/div>\n<\/section>\n<section class=\"wpb_row main_row\">\n<div class=\"row-inner\">\n<div class=\"wpb_column vc_column_container vc_col-sm-6\">\n<div class=\"vc_column-inner \">\n<div class=\"wpb_wrapper\">\n<div class=\"service-box\">\n<div class=\"service-content-personal\">\n<ul>\n<li><strong>Herramientas de Evaluaci\u00f3n<\/strong>\n<ul>\n<li><em>Simulaci\u00f3n de Phishing y Malware (incluyendo Ransomware)<\/em><\/li>\n<li>Ex\u00e1menes<\/li>\n<li>Encuestas<\/li>\n<\/ul>\n<\/li>\n<li><strong>Herramientas de Educaci\u00f3n y refuerzo<\/strong>\n<ul>\n<li><em>M\u00f3dulos interactivos de capacitaci\u00f3n<\/em><\/li>\n<li><em>Newsletters de concientizaci\u00f3n<\/em><\/li>\n<li>Gesti\u00f3n de capacitaciones externas<\/li>\n<\/ul>\n<\/li>\n<li><strong>Herramientas de auditor\u00eda y compliance<\/strong>\n<ul>\n<li><em>Tracking autom\u00e1tico de actividades por usuario<\/em><\/li>\n<li>Logs de actividades de administraci\u00f3n y del sistema<\/li>\n<li>Gesti\u00f3n y tracking de cobertura de normativas<\/li>\n<\/ul>\n<\/li>\n<li><strong>Herramientas de medici\u00f3n<\/strong>\n<ul>\n<li><em>Reportes gerenciales y de correlaci\u00f3n<\/em><\/li>\n<li><em>Scoring de riesgos<\/em><\/li>\n<\/ul>\n<\/li>\n<li><strong>Herramientas de calendarizaci\u00f3n<\/strong>\n<ul>\n<li><em>Programador de actividades<\/em><\/li>\n<li>Asistente de planificaci\u00f3n<\/li>\n<\/ul>\n<\/li>\n<\/ul>\n<p><strong>Es el momento de empezar a concientizar a sus colaboradores y proteger su negocio. Obtenga sin costo su cotizaci\u00f3n personalizada con nuestros expertos, ahora mismo&#8230;<\/strong><\/p>\n<p style=\"text-align: center;\">[tw_button icon=\u00bb\u00bb link=\u00bbhttp:\/\/www.talsoft.com.ar\/site\/obtener-una-cotizacion\/\u00bb size=\u00bbmedium\u00bb rounded=\u00bbtrue\u00bb style=\u00bbflat\u00bb hover=\u00bbdefault\u00bb color=\u00bb#f01d1d\u00bb target=\u00bb_blank\u00bb]Obtener una cotizaci\u00f3n[\/tw_button]<\/p>\n<h2>Lo que nuestros clientes nos dicen<\/h2>\n<p>[tw_testimonials test_style=\u00bbstyle_1&#8243; category_ids=\u00bb\u00bb count=\u00bb9&#8243; bg_color=\u00bb \u00bb text_color=\u00bb \u00bb name_color=\u00bb \u00bb direction=\u00bbup\u00bb duration=\u00bb1000&#8243; timeout=\u00bb2000&#8243;]<\/p>\n<p>[tw_divider type=\u00bbspace\u00bb height=\u00bb40&#8243;]<\/p>\n<p>&nbsp;<\/p>\n<\/div>\n<\/div>\n<\/div>\n<\/div>\n<\/div>\n<\/div>\n<\/section>\n<\/div>\n","protected":false},"excerpt":{"rendered":"<p>Es la plataforma de\u00a0 capacitaci\u00f3n y concientizaci\u00f3n en Seguridad de la Informaci\u00f3n que genera h\u00e1bitos seguros en los usuarios finales. El factor humano es un pilar fundamental en la seguridad. Mediante el entrenamiento apropiado, sus empleados ser\u00e1n conscientes de la seguridad y la importancia de la misma, tanto en su organizaci\u00f3n como en su hogar. [&hellip;]<\/p>\n","protected":false},"author":3,"featured_media":0,"parent":1191,"menu_order":0,"comment_status":"closed","ping_status":"closed","template":"","meta":{"_et_pb_use_builder":"","_et_pb_old_content":"","_et_gb_content_width":"","footnotes":""},"class_list":["post-4704","page","type-page","status-publish","hentry"],"_links":{"self":[{"href":"https:\/\/www.talsoft.com.ar\/site\/wp-json\/wp\/v2\/pages\/4704","targetHints":{"allow":["GET"]}}],"collection":[{"href":"https:\/\/www.talsoft.com.ar\/site\/wp-json\/wp\/v2\/pages"}],"about":[{"href":"https:\/\/www.talsoft.com.ar\/site\/wp-json\/wp\/v2\/types\/page"}],"author":[{"embeddable":true,"href":"https:\/\/www.talsoft.com.ar\/site\/wp-json\/wp\/v2\/users\/3"}],"replies":[{"embeddable":true,"href":"https:\/\/www.talsoft.com.ar\/site\/wp-json\/wp\/v2\/comments?post=4704"}],"version-history":[{"count":9,"href":"https:\/\/www.talsoft.com.ar\/site\/wp-json\/wp\/v2\/pages\/4704\/revisions"}],"predecessor-version":[{"id":4721,"href":"https:\/\/www.talsoft.com.ar\/site\/wp-json\/wp\/v2\/pages\/4704\/revisions\/4721"}],"up":[{"embeddable":true,"href":"https:\/\/www.talsoft.com.ar\/site\/wp-json\/wp\/v2\/pages\/1191"}],"wp:attachment":[{"href":"https:\/\/www.talsoft.com.ar\/site\/wp-json\/wp\/v2\/media?parent=4704"}],"curies":[{"name":"wp","href":"https:\/\/api.w.org\/{rel}","templated":true}]}}