
{"id":4245,"date":"2017-10-02T12:53:28","date_gmt":"2017-10-02T15:53:28","guid":{"rendered":"https:\/\/www.talsoft.com.ar\/site\/?page_id=4245"},"modified":"2017-10-24T16:39:12","modified_gmt":"2017-10-24T19:39:12","slug":"auditoria-seguridad-sin-costo","status":"publish","type":"page","link":"https:\/\/www.talsoft.com.ar\/site\/es\/auditoria-seguridad-sin-costo\/","title":{"rendered":"Auditor\u00eda de Seguridad &#8211; Sin Costo"},"content":{"rendered":"<h1 style=\"text-align: center;\"><em>Conozca las amenazas cibern\u00e9ticas que pueden afectar la continuidad a su negocio<\/em><\/h1>\n<p><img loading=\"lazy\" decoding=\"async\" class=\"aligncenter wp-image-4374 size-full\" src=\"https:\/\/www.talsoft.com.ar\/site\/wp-content\/uploads\/2017\/10\/imageFinal6.png\" alt=\"\" width=\"949\" height=\"443\" srcset=\"https:\/\/www.talsoft.com.ar\/site\/wp-content\/uploads\/2017\/10\/imageFinal6.png 949w, https:\/\/www.talsoft.com.ar\/site\/wp-content\/uploads\/2017\/10\/imageFinal6-300x140.png 300w, https:\/\/www.talsoft.com.ar\/site\/wp-content\/uploads\/2017\/10\/imageFinal6-400x187.png 400w, https:\/\/www.talsoft.com.ar\/site\/wp-content\/uploads\/2017\/10\/imageFinal6-768x359.png 768w, https:\/\/www.talsoft.com.ar\/site\/wp-content\/uploads\/2017\/10\/imageFinal6-260x121.png 260w\" sizes=\"auto, (max-width: 949px) 100vw, 949px\" \/><\/p>\n<p>[ccf_form id=\u00bb4256&#8243;]<\/p>\n<p style=\"text-align: left;\"><strong>Nota<\/strong>: <em>Nos comunicaremos con usted para confirmar y autorizar una auditor\u00eda de seguridad sin costo con alcance limitado. Solo aceptamos correos electr\u00f3nicos corporativos. Correos electr\u00f3nicos como Gmail, Hotmail, etc, ser\u00e1n descartados.<\/em><\/p>\n","protected":false},"excerpt":{"rendered":"<p>Conozca las amenazas cibern\u00e9ticas que pueden afectar la continuidad a su negocio [ccf_form id=\u00bb4256&#8243;] Nota: Nos comunicaremos con usted para confirmar y autorizar una auditor\u00eda de seguridad sin costo con alcance limitado. Solo aceptamos correos electr\u00f3nicos corporativos. Correos electr\u00f3nicos como Gmail, Hotmail, etc, ser\u00e1n descartados.<\/p>\n","protected":false},"author":3,"featured_media":0,"parent":0,"menu_order":0,"comment_status":"closed","ping_status":"closed","template":"","meta":{"_et_pb_use_builder":"","_et_pb_old_content":"","_et_gb_content_width":"","footnotes":""},"class_list":["post-4245","page","type-page","status-publish","hentry"],"_links":{"self":[{"href":"https:\/\/www.talsoft.com.ar\/site\/wp-json\/wp\/v2\/pages\/4245","targetHints":{"allow":["GET"]}}],"collection":[{"href":"https:\/\/www.talsoft.com.ar\/site\/wp-json\/wp\/v2\/pages"}],"about":[{"href":"https:\/\/www.talsoft.com.ar\/site\/wp-json\/wp\/v2\/types\/page"}],"author":[{"embeddable":true,"href":"https:\/\/www.talsoft.com.ar\/site\/wp-json\/wp\/v2\/users\/3"}],"replies":[{"embeddable":true,"href":"https:\/\/www.talsoft.com.ar\/site\/wp-json\/wp\/v2\/comments?post=4245"}],"version-history":[{"count":34,"href":"https:\/\/www.talsoft.com.ar\/site\/wp-json\/wp\/v2\/pages\/4245\/revisions"}],"predecessor-version":[{"id":4376,"href":"https:\/\/www.talsoft.com.ar\/site\/wp-json\/wp\/v2\/pages\/4245\/revisions\/4376"}],"wp:attachment":[{"href":"https:\/\/www.talsoft.com.ar\/site\/wp-json\/wp\/v2\/media?parent=4245"}],"curies":[{"name":"wp","href":"https:\/\/api.w.org\/{rel}","templated":true}]}}