
{"id":4176,"date":"2017-09-17T19:04:38","date_gmt":"2017-09-17T22:04:38","guid":{"rendered":"https:\/\/www.talsoft.com.ar\/site\/?page_id=4176"},"modified":"2018-08-15T09:53:24","modified_gmt":"2018-08-15T12:53:24","slug":"metaseguridad","status":"publish","type":"page","link":"https:\/\/www.talsoft.com.ar\/site\/es\/servicios\/seguridad-informatica\/metaseguridad\/","title":{"rendered":"Meta Seguridad"},"content":{"rendered":"<p style=\"text-align: justify;\"><img loading=\"lazy\" decoding=\"async\" class=\"alignleft wp-image-4177 size-medium\" src=\"https:\/\/www.talsoft.com.ar\/site\/wp-content\/uploads\/2017\/09\/ciber-2320793_1920-400x262.jpg\" alt=\"\" width=\"400\" height=\"262\" srcset=\"https:\/\/www.talsoft.com.ar\/site\/wp-content\/uploads\/2017\/09\/ciber-2320793_1920-400x262.jpg 400w, https:\/\/www.talsoft.com.ar\/site\/wp-content\/uploads\/2017\/09\/ciber-2320793_1920-300x197.jpg 300w, https:\/\/www.talsoft.com.ar\/site\/wp-content\/uploads\/2017\/09\/ciber-2320793_1920-768x503.jpg 768w, https:\/\/www.talsoft.com.ar\/site\/wp-content\/uploads\/2017\/09\/ciber-2320793_1920-1024x671.jpg 1024w, https:\/\/www.talsoft.com.ar\/site\/wp-content\/uploads\/2017\/09\/ciber-2320793_1920-260x170.jpg 260w, https:\/\/www.talsoft.com.ar\/site\/wp-content\/uploads\/2017\/09\/ciber-2320793_1920.jpg 1920w\" sizes=\"auto, (max-width: 400px) 100vw, 400px\" \/>El servicio de <strong>MetaSeguridad<\/strong> permite implementar en tu empresa <strong>7 capas de seguridad<\/strong> para <strong>proteger la informaci\u00f3n cr\u00edtica y confidencial<\/strong> frente ataques cibern\u00e9ticos. La implementaci\u00f3n requiere un compromiso de Directivos y Colaboradores de la empresa para poder abarcar a todas las \u00e1reas de la empresa para<strong> integrar un sistema de defensa infrom\u00e1tica frente a intrusos inform\u00e1ticos<\/strong>.<\/p>\n<p style=\"text-align: justify;\"><em><strong><span lang=\"es-AR\">Destinado para empresas que no cuenten o necesiten reforzar su defensa en seguridad inform\u00e1tica de forma planificada y por etapas.<\/span><\/strong><\/em><\/p>\n<p style=\"text-align: justify;\">Con nuestros servicios se pueden <strong>optimizar los controles de seguridad inform\u00e1tica de su negocio<\/strong> y tener un <strong>conocimiento<\/strong> para tomar decisiones pro-activas frente a un ataque cibern\u00e9tico. <strong>La inversi\u00f3n<\/strong> que realiza la empresa con nuestros servicios, permite <strong>minimizar la p\u00e9rdida de dinero y maximizar las ganancias<\/strong>, a\u00fan cuando ocurren ataques cibern\u00e9ticos. <strong>Aumentar\u00e1 su imagen, prestigio, fidelidad<\/strong> porque proteger\u00e1 la informaci\u00f3n confidencial y la relaci\u00f3n<strong> con clientes, inversores, proveedores<\/strong>.<\/p>\n<p style=\"text-align: justify;\">Le garantizamos que con nuestros servicios,<strong> podr\u00e1 controlar y conocer <\/strong>el estado de la seguridad inform\u00e1tica de tu empresa y concentrarte en el crecimiento y continuidad de tu negocio. Tendr\u00e1 a su disposici\u00f3n <strong>expertos en seguridad inform\u00e1tica<\/strong> que lo ayudaran en dar respuestas a los incidentes y toma de decisiones en forma personalizada.<\/p>\n<p style=\"text-align: center;\">[tw_button icon=\u00bb\u00bb link=\u00bbhttp:\/\/www.talsoft.com.ar\/site\/obtener-una-cotizacion\/\u00bb size=\u00bbmedium\u00bb rounded=\u00bbtrue\u00bb style=\u00bbflat\u00bb hover=\u00bbdefault\u00bb color=\u00bb#f01d1d\u00bb target=\u00bb_blank\u00bb]Obtener una cotizaci\u00f3n[\/tw_button]<\/p>\n<p>&nbsp;<\/p>\n<p><img loading=\"lazy\" decoding=\"async\" class=\"aligncenter wp-image-4748 size-full\" src=\"https:\/\/www.talsoft.com.ar\/site\/wp-content\/uploads\/2018\/08\/Talsoft_-infografia_DefensaEnProfundidad.png\" alt=\"\" width=\"800\" height=\"2000\" srcset=\"https:\/\/www.talsoft.com.ar\/site\/wp-content\/uploads\/2018\/08\/Talsoft_-infografia_DefensaEnProfundidad.png 800w, https:\/\/www.talsoft.com.ar\/site\/wp-content\/uploads\/2018\/08\/Talsoft_-infografia_DefensaEnProfundidad-100x250.png 100w, https:\/\/www.talsoft.com.ar\/site\/wp-content\/uploads\/2018\/08\/Talsoft_-infografia_DefensaEnProfundidad-120x300.png 120w, https:\/\/www.talsoft.com.ar\/site\/wp-content\/uploads\/2018\/08\/Talsoft_-infografia_DefensaEnProfundidad-768x1920.png 768w, https:\/\/www.talsoft.com.ar\/site\/wp-content\/uploads\/2018\/08\/Talsoft_-infografia_DefensaEnProfundidad-410x1024.png 410w, https:\/\/www.talsoft.com.ar\/site\/wp-content\/uploads\/2018\/08\/Talsoft_-infografia_DefensaEnProfundidad-104x260.png 104w\" sizes=\"auto, (max-width: 800px) 100vw, 800px\" \/><\/p>\n<p>[tw_divider type=\u00bbline\u00bb height=\u00bb20&#8243;]<\/p>\n<h2>Lo que nuestros clientes nos dicen<\/h2>\n<p>[tw_testimonials test_style=\u00bbstyle_1&#8243; category_ids=\u00bb\u00bb count=\u00bb9&#8243; bg_color=\u00bb \u00bb text_color=\u00bb \u00bb name_color=\u00bb \u00bb direction=\u00bbup\u00bb duration=\u00bb1000&#8243; timeout=\u00bb2000&#8243;]<\/p>\n<p>[tw_divider type=\u00bbspace\u00bb height=\u00bb40&#8243;]<\/p>\n<p><strong>Es el momento de empezar a proteger su negocio. Obtenga sin costo su cotizaci\u00f3n personalizada con nuestros expertos, ahora mismo&#8230;<\/strong><\/p>\n<p style=\"text-align: center;\">[tw_button icon=\u00bb\u00bb link=\u00bbhttp:\/\/www.talsoft.com.ar\/site\/obtener-una-cotizacion\/\u00bb size=\u00bbmedium\u00bb rounded=\u00bbtrue\u00bb style=\u00bbflat\u00bb hover=\u00bbdefault\u00bb color=\u00bb#f01d1d\u00bb target=\u00bb_blank\u00bb]Obtener una cotizaci\u00f3n[\/tw_button]<\/p>\n","protected":false},"excerpt":{"rendered":"<p>El servicio de MetaSeguridad permite implementar en tu empresa 7 capas de seguridad para proteger la informaci\u00f3n cr\u00edtica y confidencial frente ataques cibern\u00e9ticos. La implementaci\u00f3n requiere un compromiso de Directivos y Colaboradores de la empresa para poder abarcar a todas las \u00e1reas de la empresa para integrar un sistema de defensa infrom\u00e1tica frente a intrusos [&hellip;]<\/p>\n","protected":false},"author":3,"featured_media":0,"parent":1191,"menu_order":0,"comment_status":"closed","ping_status":"closed","template":"","meta":{"_et_pb_use_builder":"","_et_pb_old_content":"","_et_gb_content_width":"","footnotes":""},"class_list":["post-4176","page","type-page","status-publish","hentry"],"_links":{"self":[{"href":"https:\/\/www.talsoft.com.ar\/site\/wp-json\/wp\/v2\/pages\/4176","targetHints":{"allow":["GET"]}}],"collection":[{"href":"https:\/\/www.talsoft.com.ar\/site\/wp-json\/wp\/v2\/pages"}],"about":[{"href":"https:\/\/www.talsoft.com.ar\/site\/wp-json\/wp\/v2\/types\/page"}],"author":[{"embeddable":true,"href":"https:\/\/www.talsoft.com.ar\/site\/wp-json\/wp\/v2\/users\/3"}],"replies":[{"embeddable":true,"href":"https:\/\/www.talsoft.com.ar\/site\/wp-json\/wp\/v2\/comments?post=4176"}],"version-history":[{"count":15,"href":"https:\/\/www.talsoft.com.ar\/site\/wp-json\/wp\/v2\/pages\/4176\/revisions"}],"predecessor-version":[{"id":4749,"href":"https:\/\/www.talsoft.com.ar\/site\/wp-json\/wp\/v2\/pages\/4176\/revisions\/4749"}],"up":[{"embeddable":true,"href":"https:\/\/www.talsoft.com.ar\/site\/wp-json\/wp\/v2\/pages\/1191"}],"wp:attachment":[{"href":"https:\/\/www.talsoft.com.ar\/site\/wp-json\/wp\/v2\/media?parent=4176"}],"curies":[{"name":"wp","href":"https:\/\/api.w.org\/{rel}","templated":true}]}}