
{"id":2806,"date":"2015-10-19T18:16:49","date_gmt":"2015-10-19T21:16:49","guid":{"rendered":"http:\/\/www.talsoft.com.ar\/site\/?page_id=2806"},"modified":"2017-11-06T09:40:15","modified_gmt":"2017-11-06T12:40:15","slug":"hacking-etico-defensa","status":"publish","type":"page","link":"https:\/\/www.talsoft.com.ar\/site\/es\/servicios\/seguridad-informatica\/hacking-etico-defensa\/","title":{"rendered":"Hacking \u00c9tico y defensa para empresas"},"content":{"rendered":"<p style=\"text-align: justify;\"><img loading=\"lazy\" decoding=\"async\" class=\"size-medium wp-image-3666 alignright\" src=\"https:\/\/www.talsoft.com.ar\/site\/wp-content\/uploads\/2017\/02\/security-265130_1920-400x267.jpg\" alt=\"\" width=\"400\" height=\"267\" srcset=\"https:\/\/www.talsoft.com.ar\/site\/wp-content\/uploads\/2017\/02\/security-265130_1920-400x267.jpg 400w, https:\/\/www.talsoft.com.ar\/site\/wp-content\/uploads\/2017\/02\/security-265130_1920-300x200.jpg 300w, https:\/\/www.talsoft.com.ar\/site\/wp-content\/uploads\/2017\/02\/security-265130_1920-768x512.jpg 768w, https:\/\/www.talsoft.com.ar\/site\/wp-content\/uploads\/2017\/02\/security-265130_1920-1024x683.jpg 1024w, https:\/\/www.talsoft.com.ar\/site\/wp-content\/uploads\/2017\/02\/security-265130_1920-260x173.jpg 260w, https:\/\/www.talsoft.com.ar\/site\/wp-content\/uploads\/2017\/02\/security-265130_1920.jpg 1920w\" sizes=\"auto, (max-width: 400px) 100vw, 400px\" \/><\/p>\n<p style=\"text-align: justify;\"><strong>HD (<span id=\"result_box\" class=\"short_text\" lang=\"en\"><span class=\"hps\">Hacking \u00c9tico y Defensa<\/span><\/span>)<\/strong> es un <strong>servicio integral para la empresa con los siguientes servicios:<\/strong><\/p>\n<ul>\n<li style=\"text-align: justify;\"><strong>Hacking \u00c9tico Externo \/ Interno<\/strong>: Esta etapa permite evaluar el estado de seguridad inform\u00e1tica de la empresa a nivel externo\/interno ante un ataque intrusivo. Mas informaci\u00f3n: <a href=\"http:\/\/www.talsoft.com.ar\/site\/servicios\/seguridad-informatica\/testeo-de-seguridad-informatica\/\">Aqu\u00ed<\/a><\/li>\n<li style=\"text-align: justify;\"><strong>Defensa en Profundidad<\/strong>: A partir de los resultados del \u00ab<strong>Hacking \u00c9tico Externo \/ Interno<\/strong>\u00ab, se realizan consultor\u00edas y proyectos para mejorar el nivel de seguridad inform\u00e1tica de la empresa, <em><strong>implementando controles de seguridad a nivel perimetral, red, host, aplicaci\u00f3n y datos<\/strong>.<\/em> Adem\u00e1s incluye la <em><strong>consultor\u00eda\/implementaci\u00f3n de un sistema de monitoreo de eventos de seguridad<\/strong><\/em>, a fin de contar con un sistema de registros y alertas de seguridad inform\u00e1tica de toda la red.<\/li>\n<\/ul>\n<p>De esta forma, se realiza <em><strong>una primer etapa para evaluar el estado general<\/strong><\/em> de la seguridad inform\u00e1tica de la empresa para luego<em><strong> monitorear eventos y mejorar los controles de seguridad<\/strong><\/em>, con un modelo de defensa en profundidad.<\/p>\n<p style=\"text-align: justify;\">Las empresas que reciben ataques inform\u00e1ticos a sus sistemas, ocasionan <strong>p\u00e9rdidas de dinero, clientes, imagen, robo de informaci\u00f3n confidencial y prestigio<\/strong>. Cuando se contactaron con nosotros y nos comentaron su situaci\u00f3n, empezamos a trabajar en forma colaborativa con el fin de proteger la reputaci\u00f3n y continuidad del negocio del cliente.<\/p>\n<p style=\"text-align: justify;\"><strong>La inversi\u00f3n<\/strong> que realiza la empresa con nuestros servicios, permite <strong>minimizar la p\u00e9rdida de dinero y maximizar las ganancias<\/strong>, a\u00fan cuando ocurren ataques cibern\u00e9ticos. <strong>Aumentar\u00e1 su imagen, prestigio, fidelidad<\/strong> porque proteger\u00e1 la informaci\u00f3n confidencial y la relaci\u00f3n<strong> con clientes, inversores, proveedores<\/strong>.<\/p>\n<h3><strong>Es el momento de empezar a proteger su negocio. Obtenga sin costo su cotizaci\u00f3n personalizada con nuestros expertos, ahora mismo&#8230;<\/strong><\/h3>\n<p style=\"text-align: center;\">[tw_button icon=\u00bb\u00bb link=\u00bbhttp:\/\/www.talsoft.com.ar\/site\/obtener-una-cotizacion\/\u00bb size=\u00bbmedium\u00bb rounded=\u00bbtrue\u00bb style=\u00bbflat\u00bb hover=\u00bbdefault\u00bb color=\u00bb#f01d1d\u00bb target=\u00bb_blank\u00bb]Obtener una cotizaci\u00f3n[\/tw_button]<\/p>\n<p><img loading=\"lazy\" decoding=\"async\" class=\" wp-image-2870 size-large aligncenter\" src=\"http:\/\/www.talsoft.com.ar\/site\/wp-content\/uploads\/2011\/01\/metodologia_frame2-1024x658.png\" alt=\"metodologia_frame2\" width=\"960\" height=\"617\" srcset=\"https:\/\/www.talsoft.com.ar\/site\/wp-content\/uploads\/2011\/01\/metodologia_frame2-1024x658.png 1024w, https:\/\/www.talsoft.com.ar\/site\/wp-content\/uploads\/2011\/01\/metodologia_frame2-300x193.png 300w, https:\/\/www.talsoft.com.ar\/site\/wp-content\/uploads\/2011\/01\/metodologia_frame2-400x257.png 400w, https:\/\/www.talsoft.com.ar\/site\/wp-content\/uploads\/2011\/01\/metodologia_frame2-260x167.png 260w\" sizes=\"auto, (max-width: 960px) 100vw, 960px\" \/><\/p>\n<p style=\"text-align: center;\">[tw_button icon=\u00bb\u00bb link=\u00bbhttp:\/\/www.talsoft.com.ar\/site\/obtener-una-cotizacion\/\u00bb size=\u00bbmedium\u00bb rounded=\u00bbtrue\u00bb style=\u00bbflat\u00bb hover=\u00bbdefault\u00bb color=\u00bb#f01d1d\u00bb target=\u00bb_blank\u00bb]Obtener una cotizaci\u00f3n[\/tw_button]<\/p>\n","protected":false},"excerpt":{"rendered":"<p>HD (Hacking \u00c9tico y Defensa) es un servicio integral para la empresa con los siguientes servicios: Hacking \u00c9tico Externo \/ Interno: Esta etapa permite evaluar el estado de seguridad inform\u00e1tica de la empresa a nivel externo\/interno ante un ataque intrusivo. Mas informaci\u00f3n: Aqu\u00ed Defensa en Profundidad: A partir de los resultados del \u00abHacking \u00c9tico Externo [&hellip;]<\/p>\n","protected":false},"author":3,"featured_media":0,"parent":1191,"menu_order":0,"comment_status":"closed","ping_status":"open","template":"","meta":{"_et_pb_use_builder":"","_et_pb_old_content":"","_et_gb_content_width":"","footnotes":""},"class_list":["post-2806","page","type-page","status-publish","hentry"],"_links":{"self":[{"href":"https:\/\/www.talsoft.com.ar\/site\/wp-json\/wp\/v2\/pages\/2806","targetHints":{"allow":["GET"]}}],"collection":[{"href":"https:\/\/www.talsoft.com.ar\/site\/wp-json\/wp\/v2\/pages"}],"about":[{"href":"https:\/\/www.talsoft.com.ar\/site\/wp-json\/wp\/v2\/types\/page"}],"author":[{"embeddable":true,"href":"https:\/\/www.talsoft.com.ar\/site\/wp-json\/wp\/v2\/users\/3"}],"replies":[{"embeddable":true,"href":"https:\/\/www.talsoft.com.ar\/site\/wp-json\/wp\/v2\/comments?post=2806"}],"version-history":[{"count":39,"href":"https:\/\/www.talsoft.com.ar\/site\/wp-json\/wp\/v2\/pages\/2806\/revisions"}],"predecessor-version":[{"id":4415,"href":"https:\/\/www.talsoft.com.ar\/site\/wp-json\/wp\/v2\/pages\/2806\/revisions\/4415"}],"up":[{"embeddable":true,"href":"https:\/\/www.talsoft.com.ar\/site\/wp-json\/wp\/v2\/pages\/1191"}],"wp:attachment":[{"href":"https:\/\/www.talsoft.com.ar\/site\/wp-json\/wp\/v2\/media?parent=2806"}],"curies":[{"name":"wp","href":"https:\/\/api.w.org\/{rel}","templated":true}]}}