
{"id":174,"date":"2007-05-10T10:29:04","date_gmt":"2007-05-10T13:29:04","guid":{"rendered":"http:\/\/talsoft.com.ar\/weblog\/?page_id=174"},"modified":"2009-07-01T08:45:33","modified_gmt":"2009-07-01T11:45:33","slug":"%c2%bfpor-que-no-hacer-click-en-los-mensajes-de-correo-electronico","status":"publish","type":"page","link":"https:\/\/www.talsoft.com.ar\/site\/es\/varios\/cruzada-anti-fraude-de-segu-info\/%c2%bfpor-que-no-hacer-click-en-los-mensajes-de-correo-electronico\/","title":{"rendered":"\u00bfPor qu\u00e9 no hacer click en los mensajes de correo electr\u00f3nico?"},"content":{"rendered":"<p>La respuesta es dif\u00c3\u00adcil. \u00c2\u00bfPor qu\u00c3\u00a9 no deber\u00c3\u00ada hacerlo? Qu\u00c3\u00a9 diferencia hay entre hacer click en un enlace del navegador o hacer click en un link de correo electr\u00c3\u00b3nico? Comencemos por separar los temas.<\/p>\n<p>Hay tres importantes puntos por las cuales preocuparse. Una es el cl\u00c3\u00a1sico spam de cada d\u00c3\u00ada, la otra son los mensajes que recibimos de \u00absupuestas\u00bb empresas o entidades (<a href=\"http:\/\/talsoft.com.ar\/weblog\/phishing.html\">phishing<\/a>) y el \u00c3\u00baltimo corresponder a la infecci\u00c3\u00b3n a trav\u00c3\u00a9s de enlaces.<\/p>\n<h3>Confirmaci\u00c3\u00b3n de correos en el Spam<\/h3>\n<p>En el primer caso, en muchos de los <a href=\"http:\/\/talsoft.com.ar\/weblog\/consejo-09.html\">mensajes no solicitados<\/a> (spam comercial) que recibimos, dentro del cuerpo y al final del mensaje, contiene una frase de este estilo: \u00abSi desea remover su direcci\u00c3\u00b3n de e-mail de la lista de suscripciones, por favor haga click en el siguiente v\u00c3\u00adnculo\u00bb.<\/p>\n<p class=\"centrado\"><img loading=\"lazy\" decoding=\"async\" height=\"111\" alt=\"Remover Spam\" src=\"http:\/\/talsoft.com.ar\/weblog\/images\/c7_remover_spam.png\" width=\"421\" \/><\/p>\n<p>\u00c2\u00bfPor qu\u00c3\u00a9 no hacer clic para ser dado de baja? Supuestamente, esta acci\u00c3\u00b3n llevar\u00c3\u00ada a que nuestra direcci\u00c3\u00b3n de correo electr\u00c3\u00b3nico sea removida de las bases de datos utilizadas para el env\u00c3\u00ado de correos no solicitados. Pero en realidad esto <strong>no<\/strong> es siempre as\u00c3\u00ad, y en la mayor\u00c3\u00ada de los casos se trata de un enga\u00c3\u00b1o.<\/p>\n<p>Cuando hacemos click en esos v\u00c3\u00adnculos, lo que estamos haciendo en realidad, es confirmarle al emisor de spam que nuestra direcci\u00c3\u00b3n de correo electr\u00c3\u00b3nico es v\u00c3\u00a1lida, que existe, que alguien ley\u00c3\u00b3 el mail. Los spammers en algunos casos, usan aplicaciones que generan direcciones de correo electr\u00c3\u00b3nico al azar, esperando que algunos correos sean v\u00c3\u00a1lidos. En otros casos, utilizan direcciones de correos capturadas de <a href=\"http:\/\/talsoft.com.ar\/weblog\/images\/naranja_09.jpg\">cadenas<\/a>, reenv\u00c3\u00ados, bases de datos compradas ilegalmente, etc.<\/p>\n<p>Si reciben confirmaci\u00c3\u00b3n de nuestra cuenta (para lo cual hemos colaborado) esa direcci\u00c3\u00b3n se agrega a una base de correos v\u00c3\u00a1lidos y no s\u00c3\u00b3lo que no seremos desvinculados de esas bases, sino que nos llegar\u00c3\u00a1 m\u00c3\u00a1s correo basura.<\/p>\n<p>De m\u00c3\u00a1s est\u00c3\u00a1 decir que <strong>nunca<\/strong> deber\u00c3\u00ada comprar productos que se promocionen por spam, ya que s\u00c3\u00b3lo est\u00c3\u00a1 alimentando una industria que se dedica a estafar y defraudar por estos medios.<\/p>\n<h3>Simulaci\u00c3\u00b3n de entidades (Phishing)<\/h3>\n<p>En el segundo caso, de la simulaci\u00c3\u00b3n de las entidades, el problema es a\u00c3\u00ban m\u00c3\u00a1s grave. Recibimos un correo de una \u00absupuesta\u00bb empresa que nos resulta conocida, donde nos instan a que hagamos click en v\u00c3\u00adnculos colocados en el cuerpo del correo con el objeto de promociones, encuestas, actualizaci\u00c3\u00b3n de datos, registro para recibir novedades, o advertencias de cierre de nuestras cuentas en la entidad, etc.<\/p>\n<p>De nuevo, \u00c2\u00bfpor qu\u00c3\u00a9 no hacer click en ese v\u00c3\u00adnculo? Esta acci\u00c3\u00b3n nos llevar\u00c3\u00ada a la supuesta p\u00c3\u00a1gina de la entidad\/empresa donde podr\u00c3\u00adamos realizar las acciones que se solicitan, posterior ingreso de nuestros datos como usuarios y contrase\u00c3\u00b1a.<\/p>\n<p class=\"centrado\">\u00c2\u00a0<\/p>\n<p>En realidad se trata de otro enga\u00c3\u00b1o conocido como <a href=\"http:\/\/talsoft.com.ar\/weblog\/phishing-segu-info.html\">Phishing<\/a> en donde se busca que el usuario ingrese sus datos en una p\u00c3\u00a1gina exactamente igual a la original para capturarlos y estafar al usuario.<\/p>\n<h3>Infecci\u00c3\u00b3n con malware<\/h3>\n<p>Esta tercera opci\u00c3\u00b3n ocurre generalmente cuando recibimos postales o invitaciones para descarga de nuevos programas. Se nos informa que podemos descargar estas aplicaciones para poder visualizarlas o hacer uso de ellas.<\/p>\n<p class=\"centrado\">\u00c2\u00a0<\/p>\n<p>En realidad se trata de otro enga\u00c3\u00b1o en donde lo que terminaremos descargando ser\u00c3\u00a1 un <a href=\"http:\/\/talsoft.com.ar\/weblog\/malware.html\">programa da\u00c3\u00b1ino<\/a> que se instala en el sistema para diferentes objetivos perjudiciales (robo de contrase\u00c3\u00b1as, manejo de clicks fraudulentos, recolecci\u00c3\u00b3n de direcciones de correo, etc). En este caso tambi\u00c3\u00a9n sirven los consejos sobre la protecci\u00c3\u00b3n con un <a href=\"http:\/\/talsoft.com.ar\/weblog\/consejo-06.html\">antivirus<\/a> y <a href=\"http:\/\/talsoft.com.ar\/weblog\/consejo-16.html\">antispyware<\/a>.<\/p>\n<h3>Entonces, no hagas click en los enlaces<\/h3>\n<p>Como puede verse, se debe prestar especial atenci\u00c3\u00b3n a todo lo que se refiere a v\u00c3\u00adnculos de correo electr\u00c3\u00b3nico para evitarnos un gran problema que va m\u00c3\u00a1s all\u00c3\u00a1 del posible da\u00c3\u00b1o del sistema, porque tambi\u00c3\u00a9n ata\u00c3\u00b1e a nuestra informaci\u00c3\u00b3n confidencial, privacidad, datos financieros y econ\u00c3\u00b3micos.<\/p>\n<p>Siempre se debe revisar que el enlace que nos ofrecen para hacer click sea el mismo que nos muestra el cliente de correo. La segunda imagen muestra que al pasar el mouse sobre el enlace, aparece un \u00abglobito\u00bb con informaci\u00c3\u00b3n del link real. En la tercera imagen tambi\u00c3\u00a9n aparece el v\u00c3\u00adnculo en la barra de direcciones.<\/p>\n<div class=\"box\">\n<h3>Modo Paranoico<\/h3>\n<p>Ingresar el enlace ofrecido manualmente en el cuadro de direcciones de nuestro navegador de Internet (siempre). <strong>No<\/strong> confiar en los links que se ofrecen por correo, verificar los destinos a los cuales nos lleva dicho v\u00c3\u00adnculo y sospechar de las direcciones con n\u00c3\u00bameros de IP en lugar de URL&#8217;s en el dominio.<\/p>\n<p>Desconfiar de cualquier correo en otro idioma, sobre todo si no tenemos contactos que hablen el mismo. \u00c2\u00bfPor qu\u00c3\u00a9 una persona de Brasil o de EE.UU. habr\u00c3\u00ada de enviarnos una postal? como en la segunda imagen.<\/p>\n<p>Recuerde que <strong>las entidades financieras no solicitan informaci\u00c3\u00b3n por correo electr\u00c3\u00b3nico<\/strong>. Si recibe un e-mail de este tipo simplemente b\u00c3\u00b3rrelo.<\/p>\n<p>M\u00c3\u00a1s f\u00c3\u00a1cil: <strong>no<\/strong> hagas clic en estos enlaces y borra el correo. Te habr\u00c3\u00a1s ahorrado muchos problemas.<\/div>\n","protected":false},"excerpt":{"rendered":"<p>La respuesta es dif\u00c3\u00adcil. \u00c2\u00bfPor qu\u00c3\u00a9 no deber\u00c3\u00ada hacerlo? Qu\u00c3\u00a9 diferencia hay entre hacer click en un enlace del navegador o hacer click en un link de correo electr\u00c3\u00b3nico? Comencemos por separar los temas. Hay tres importantes puntos por las cuales preocuparse. Una es el cl\u00c3\u00a1sico spam de cada d\u00c3\u00ada, la otra son los mensajes [&hellip;]<\/p>\n","protected":false},"author":3,"featured_media":0,"parent":162,"menu_order":0,"comment_status":"open","ping_status":"open","template":"","meta":{"_et_pb_use_builder":"","_et_pb_old_content":"","_et_gb_content_width":"","footnotes":""},"class_list":["post-174","page","type-page","status-publish","hentry"],"_links":{"self":[{"href":"https:\/\/www.talsoft.com.ar\/site\/wp-json\/wp\/v2\/pages\/174","targetHints":{"allow":["GET"]}}],"collection":[{"href":"https:\/\/www.talsoft.com.ar\/site\/wp-json\/wp\/v2\/pages"}],"about":[{"href":"https:\/\/www.talsoft.com.ar\/site\/wp-json\/wp\/v2\/types\/page"}],"author":[{"embeddable":true,"href":"https:\/\/www.talsoft.com.ar\/site\/wp-json\/wp\/v2\/users\/3"}],"replies":[{"embeddable":true,"href":"https:\/\/www.talsoft.com.ar\/site\/wp-json\/wp\/v2\/comments?post=174"}],"version-history":[{"count":1,"href":"https:\/\/www.talsoft.com.ar\/site\/wp-json\/wp\/v2\/pages\/174\/revisions"}],"predecessor-version":[{"id":541,"href":"https:\/\/www.talsoft.com.ar\/site\/wp-json\/wp\/v2\/pages\/174\/revisions\/541"}],"up":[{"embeddable":true,"href":"https:\/\/www.talsoft.com.ar\/site\/wp-json\/wp\/v2\/pages\/162"}],"wp:attachment":[{"href":"https:\/\/www.talsoft.com.ar\/site\/wp-json\/wp\/v2\/media?parent=174"}],"curies":[{"name":"wp","href":"https:\/\/api.w.org\/{rel}","templated":true}]}}