
{"id":168,"date":"2007-05-03T13:12:03","date_gmt":"2007-05-03T16:12:03","guid":{"rendered":"http:\/\/talsoft.com.ar\/weblog\/?page_id=168"},"modified":"2009-07-01T08:49:42","modified_gmt":"2009-07-01T11:49:42","slug":"configuracion-correcta-del-navegador-y-del-correo-electronico","status":"publish","type":"page","link":"https:\/\/www.talsoft.com.ar\/site\/es\/varios\/cruzada-anti-fraude-de-segu-info\/configuracion-correcta-del-navegador-y-del-correo-electronico\/","title":{"rendered":"Configuraci\u00f3n correcta del navegador y del correo electr\u00f3nico"},"content":{"rendered":"<p>A la hora de utilizar Internet, los dos usos m\u00c3\u00a1s comunes son el de navegar y el de enviar y recibir correo electr\u00c3\u00b3nico. A trav\u00c3\u00a9s de peque\u00c3\u00b1as configuraciones a los programas que utilicemos, podemos hacer de ello, un uso m\u00c3\u00a1s seguro.<\/p>\n<h3>Navegadores<\/h3>\n<p>Un <strong>navegador web<\/strong> o <strong>explorador web<\/strong> (o en ingl\u00c3\u00a9s <em>browser<\/em>) es una aplicaci\u00c3\u00b3n que permite visualizar p\u00c3\u00a1ginas web. El programa m\u00c3\u00a1s utilizado es el Internet Explorer ya que es instalado por defecto con Windows.<\/p>\n<p>A trav\u00c3\u00a9s de los sitios web, nos sometemos a innumerables aplicaciones da\u00c3\u00b1inas para nuestro sistema, cada vez que utilizamos cualquier browser o navegador. Sin embargo, al ser Internet Explorer (al igual que Windows) el m\u00c3\u00a1s utilizado, es tambi\u00c3\u00a9n el navegador sobre el cual m\u00c3\u00a1s malware se ha desarrollado y al que apuntan la mayor\u00c3\u00ada de los delincuentes.<\/p>\n<p>Es por ello, que un primer consejo para estar m\u00c3\u00a1s seguros, es intentar utilizar otro navegador que nos brinde las mismas prestaciones pero cuyas configuraci\u00c3\u00b3n de \u00abf\u00c3\u00a1brica\u00bb permita menos ataques. Dos de los m\u00c3\u00a1s populares son el <a href=\"http:\/\/www.mozilla.com\/firefox\">Mozilla Firefox<\/a> y <a href=\"http:\/\/www.opera.com\/\">Opera<\/a>. En ambos casos, los programas son de f\u00c3\u00a1cil descarga, instalaci\u00c3\u00b3n y su utilizaci\u00c3\u00b3n es casi id\u00c3\u00a9ntica a la del Internet Explorer.<\/p>\n<p>En caso de utilizar el Internet Explorer existen ciertos riesgos que es mejor no correr haciendo unas peque\u00c3\u00b1as modificaciones a nuestra configuraci\u00c3\u00b3n:<\/p>\n<ol>\n<li>Desactivar los controles ActiveX y JavaScript, que son peque\u00c3\u00b1as aplicaciones que se ejecutan dentro de las p\u00c3\u00a1ginas web y que son muy utilizadas a la hora de programar aplicaciones da\u00c3\u00b1inas. Para ello, seguir estas instrucciones:\n<ol type=\"a\">\n<li>Dir\u00c3\u00adjase a <strong><em>Herramientas<\/em><\/strong> \/<strong><em> Opciones de Internet<\/em><\/strong> y, dentro de ella, a la solapa <strong><em>Seguridad.<\/em><\/strong><\/li>\n<li>Dentro de la opci\u00c3\u00b3n Internet, presionar en <strong><em>Nivel personalizado<\/em><\/strong>.<\/li>\n<li>Para las opciones <strong><em>&#8216;Automatizaci\u00c3\u00b3n de los subprogramas de Java&#8217;<\/em><\/strong> y <strong><em>&#8216;Secuencias de comandos ActiveX&#8217;<\/em><\/strong> elegir la opci\u00c3\u00b3n <strong><em>&#8216;Pedir datos&#8217;<\/em><\/strong>. De esta forma, cada vez que visite una p\u00c3\u00a1gina que requiera JavaScript (o Active Scripting), saldr\u00c3\u00a1 una ventana con la pregunta <em>\u00ab\u00c2\u00bfDesea permitir la ejecuci\u00c3\u00b3n de los archivos de comandos?\u00bb<\/em> y usted podr\u00c3\u00a1 decidir en funci\u00c3\u00b3n de la confiabilidad que le genere la p\u00c3\u00a1gina que est\u00c3\u00a1 visitando.<\/li>\n<\/ol>\n<\/li>\n<\/ol>\n<p>Recuerde, mantenerse al d\u00c3\u00ada con las actualizaciones a trav\u00c3\u00a9s del sitio de <a href=\"http:\/\/windowsupdate.microsoft.com\/\">Windows Update de Microsoft<\/a> o bien descarg\u00c3\u00a1ndolas cuando Windows le informe de ello en la barra inferior.<\/p>\n<p>Por otro lado, son recomendables los siguientes consejos para cualquiera de los navegadores que utilicemos en nuestra PC:<\/p>\n<ol>\n<li>No descargar aplicaciones de sitios web que no sean confiables, ni instalar las famosas <em>\u00abbarras complementarias\u00bb<\/em> que ofrecen servicios adicionales de todo tipo, pero que a cambio muestran publicidades en ventanas emergentes.<\/li>\n<li>No ingresar informaci\u00c3\u00b3n sensible o privada (correo, contrase\u00c3\u00b1as, datos personales) en sitios web de los cuales no tengamos referencias.<\/li>\n<li>No visitar las p\u00c3\u00a1ginas a trav\u00c3\u00a9s de links, sino tipeando la direcci\u00c3\u00b3n en el navegador y verificando siempre que corresponda a la entidad\/organizaci\u00c3\u00b3n que deseamos visitar.<\/li>\n<\/ol>\n<h3>Correo<\/h3>\n<p>Cuando utilizamos cuentas de correo, estas se pueden configurar en una aplicaci\u00c3\u00b3n para descargarlos y administrarlos en nuestra PC. Si bien existen otros clientes de correo, el Outlook Express es el programa m\u00c3\u00a1s utilizado para la gesti\u00c3\u00b3n de correos electr\u00c3\u00b3nicos y las principales configuraciones que podremos realizarle para hacerlo m\u00c3\u00a1s seguro son las siguientes:<\/p>\n<ol>\n<li>Deshabilitar la vista previa: de esta forma un correo se abrir\u00c3\u00a1 s\u00c3\u00b3lo al hacer doble clic en \u00c3\u00a9l. De esta forma evitaremos leer los correos no deseados. Ahora, si deshabilitamos la vista previa, pero seguimos abriendo todos los mails que recibimos, seguiremos teniendo problemas de seguridad. El objetivo de esta configuraci\u00c3\u00b3n es poder decidir (y discernir) qu\u00c3\u00a9 correos abrir y cuales no. \u00c2\u00bfCu\u00c3\u00a1les no? Aquellos de remitentes desconocidos, con archivos adjuntos no solicitados o asuntos sospechosos.\n<p>Para quitar el panel de vista previa, realizar los siguientes pasos:<\/p>\n<p>Ir al men\u00c3\u00ba <strong><em>Ver<\/em><\/strong>. Elegir la opci\u00c3\u00b3n <strong><em>Dise\u00c3\u00b1o<\/em><\/strong>. Desmarcar la casilla <strong><em>&#8216;Mostrar panel de vista previa&#8217;<\/em><\/strong><\/li>\n<li>Deshabilitar la ejecuci\u00c3\u00b3n de scripts (al igual que con Internet Explorer) al leer los correos:\n<ol type=\"a\">\n<li>Ir al men\u00c3\u00ba <strong><em>Herramientas<\/em><\/strong>, y luego en <strong><em>Opciones<\/em><\/strong><\/li>\n<li>En la leng\u00c3\u00bceta <strong><em>Seguridad<\/em><\/strong>, tildar en <strong><em>&#8216;Zona de sitios restringidos (m\u00c3\u00a1s segura)&#8217;<\/em><\/strong><\/li>\n<\/ol>\n<\/li>\n<\/ol>\n<p>En la misma solapa podemos elegir la opci\u00c3\u00b3n <strong><em>\u00e2\u20ac\u02dcNo permitir que se guarden o abran archivos adjuntos que puedan contener virus\u00e2\u20ac\u2122<\/em><\/strong> para tener m\u00c3\u00a1s controlados los adjuntos recibidos a trav\u00c3\u00a9s de nuestras cuentas de mail.<\/p>\n<ol>\n<li>Enviar textos sin formato, de esta forma evitamos enviar c\u00c3\u00b3digo html en nuestros mails:\n<ol type=\"a\">\n<li>Ir al men\u00c3\u00ba <strong><em>Herramientas<\/em><\/strong>, y luego en <strong><em>Opciones<\/em><\/strong><\/li>\n<li>En la leng\u00c3\u00bceta <strong><em>Enviar<\/em><\/strong>, destildar en <strong><em>&#8216;Responder a los mensajes en el formato en que se enviaron&#8217;<\/em><\/strong><\/li>\n<li>En <strong><em>&#8216;Configuraci\u00c3\u00b3n de formato de envio de correo&#8217;<\/em><\/strong> elegir<strong><em> &#8216;Texto sin formato&#8217;<\/em><\/strong><\/li>\n<\/ol>\n<\/li>\n<\/ol>\n<p>Estas son las principales configuraciones que podremos realizar tanto en nuestro navegador como en nuestro correo para estar mejor protegidos.<\/p>\n<div class=\"box\">\n<h3>Modo Paranoico<\/h3>\n<p><strong>Nunca<\/strong> ejecute un archivo adjunto directamente desde el correo. Desc\u00c3\u00a1rguelo en una carpeta de su PC y utilice un <a href=\"http:\/\/talsoft.com.ar\/weblog\/consejo-06.html\">antivirus (o m\u00c3\u00a1s de uno) con capacidades proactivas<\/a>, para analizarlo antes de ejecutarlo. Si no solicit\u00c3\u00b3 el adjunto, ni conoce su contenido, elimine el correo sin m\u00c3\u00a1s.<\/p>\n<p>Si cree conocer a la persona que env\u00c3\u00ado el mail puede consultarle sobre la veracidad del mismo y del contenido del archivo. Recuerde que el remitente de un correo puede falsearse f\u00c3\u00a1cilmente.<\/p>\n<p>Si bien la mayor\u00c3\u00ada de los programas da\u00c3\u00b1inos actuales se ejecutan en Windows, si utiliza otro sistema operativo como Linux o MAC OS, no deje de estar atento y configure su navegador y cliente de correo de la mejor manera posible.<\/p><\/div>\n","protected":false},"excerpt":{"rendered":"<p>A la hora de utilizar Internet, los dos usos m\u00c3\u00a1s comunes son el de navegar y el de enviar y recibir correo electr\u00c3\u00b3nico. A trav\u00c3\u00a9s de peque\u00c3\u00b1as configuraciones a los programas que utilicemos, podemos hacer de ello, un uso m\u00c3\u00a1s seguro. Navegadores Un navegador web o explorador web (o en ingl\u00c3\u00a9s browser) es una aplicaci\u00c3\u00b3n [&hellip;]<\/p>\n","protected":false},"author":3,"featured_media":0,"parent":162,"menu_order":0,"comment_status":"open","ping_status":"open","template":"","meta":{"_et_pb_use_builder":"","_et_pb_old_content":"","_et_gb_content_width":"","footnotes":""},"class_list":["post-168","page","type-page","status-publish","hentry"],"_links":{"self":[{"href":"https:\/\/www.talsoft.com.ar\/site\/wp-json\/wp\/v2\/pages\/168","targetHints":{"allow":["GET"]}}],"collection":[{"href":"https:\/\/www.talsoft.com.ar\/site\/wp-json\/wp\/v2\/pages"}],"about":[{"href":"https:\/\/www.talsoft.com.ar\/site\/wp-json\/wp\/v2\/types\/page"}],"author":[{"embeddable":true,"href":"https:\/\/www.talsoft.com.ar\/site\/wp-json\/wp\/v2\/users\/3"}],"replies":[{"embeddable":true,"href":"https:\/\/www.talsoft.com.ar\/site\/wp-json\/wp\/v2\/comments?post=168"}],"version-history":[{"count":1,"href":"https:\/\/www.talsoft.com.ar\/site\/wp-json\/wp\/v2\/pages\/168\/revisions"}],"predecessor-version":[{"id":545,"href":"https:\/\/www.talsoft.com.ar\/site\/wp-json\/wp\/v2\/pages\/168\/revisions\/545"}],"up":[{"embeddable":true,"href":"https:\/\/www.talsoft.com.ar\/site\/wp-json\/wp\/v2\/pages\/162"}],"wp:attachment":[{"href":"https:\/\/www.talsoft.com.ar\/site\/wp-json\/wp\/v2\/media?parent=168"}],"curies":[{"name":"wp","href":"https:\/\/api.w.org\/{rel}","templated":true}]}}