
{"id":1526,"date":"2011-09-13T21:02:52","date_gmt":"2011-09-14T00:02:52","guid":{"rendered":"http:\/\/www.talsoft.com.ar\/?page_id=1526"},"modified":"2016-05-24T11:21:36","modified_gmt":"2016-05-24T14:21:36","slug":"curso-de-seguridad-informatica-en-la-empresa","status":"publish","type":"page","link":"https:\/\/www.talsoft.com.ar\/site\/es\/servicios\/cursos-y-capacitacion\/curso-de-seguridad-informatica-en-la-empresa\/","title":{"rendered":"Curso de Seguridad Inform\u00e1tica en la empresa"},"content":{"rendered":"<h1 style=\"text-align: justify;\">Introducci\u00f3n<\/h1>\n<p style=\"text-align: justify;\">Este curso permite tener una visi\u00f3n general y mas t\u00e9cnica de la seguridad inform\u00e1tica en la empresa. Se enfoca a una introducci\u00f3n a la seguridad inform\u00e1tica, en forma te\u00f3rica y practica, en los distintos niveles desde la seguridad en la empresa. Por otro lado se realiza una introducci\u00f3n a la defensa en niveles, mejores practicas, pol\u00edticas de seguridad inform\u00e1tica y la introducci\u00f3n a la norma internacional PCI.<\/p>\n<h2>Objetivos<\/h2>\n<ul>\n<li>Conocer la defensa en profundidad de la seguridad inform\u00e1tica en la empresa.<\/li>\n<li>Conocer la importancia de las pol\u00edticas de seguridad.<\/li>\n<li>Conocer los problemas de seguridad en los distintos niveles.<\/li>\n<li>Concientizar en los problemas reales de la actualidad.<\/li>\n<li>No es una opci\u00f3n la seguridad inform\u00e1tica en la empresa, es una necesidad.<\/li>\n<\/ul>\n<p>[tw_button icon=\u00bb\u00bb link=\u00bbhttp:\/\/www.talsoft.com.ar\/site\/obtener-una-cotizacion\/\u00bb size=\u00bbmedium\u00bb rounded=\u00bbtrue\u00bb style=\u00bbflat\u00bb hover=\u00bbdefault\u00bb color=\u00bb#f01d1d\u00bb target=\u00bb_blank\u00bb]Obtener una cotizaci\u00f3n[\/tw_button]<\/p>\n<h2>Temario<\/h2>\n<ol>\n<li>Introducci\u00f3n a la seguridad<\/li>\n<li>Seguridad en redes\n<ol type=\"a\">\n<li>Seguridad en las comunicaciones<\/li>\n<li>Seguridad por niveles<\/li>\n<li>Seguridad para los clientes<\/li>\n<li>Rastreo y monitoreo<\/li>\n<li>El factor humano<\/li>\n<li>Firewalls<\/li>\n<\/ol>\n<\/li>\n<li>Seguridad en servidores\n<ol type=\"a\">\n<li>Definici\u00f3n de las necesidades seg\u00fan el entorno<\/li>\n<li>Gu\u00edas de best practices<\/li>\n<li>Protecciones generales<\/li>\n<li>Servidores Linux<\/li>\n<\/ol>\n<\/li>\n<li>Seguridad en Aplicaciones Web\n<ol type=\"a\">\n<li>La actualidad en problemas de seguridad<\/li>\n<li>Metodolog\u00edas de testeo<\/li>\n<li>Seguridad en el acceso a los datos<\/li>\n<li>Sql injection<\/li>\n<li>Xss<\/li>\n<\/ol>\n<\/li>\n<li>Pol\u00edticas de seguridad\n<ol type=\"a\">\n<li>Introducci\u00f3n a las pol\u00edticas<\/li>\n<li>Introducci\u00f3n a las normas<\/li>\n<li>Introducci\u00f3n a las procedimientos<\/li>\n<\/ol>\n<\/li>\n<li>Sistemas de detecci\u00f3n de intrusiones\n<ol type=\"a\">\n<li>Tipos de IDS<\/li>\n<li>NIDS<\/li>\n<li>HIDS<\/li>\n<li>Instalaci\u00f3n y administraci\u00f3n<\/li>\n<li>Monitoreo y actualizaci\u00f3n<\/li>\n<\/ol>\n<\/li>\n<li>PCI\n<ol type=\"a\">\n<li>\u00bfQu\u00e9 son las PCI?<\/li>\n<li>Objetivos, requisitos y planificaci\u00f3n<\/li>\n<li>Necesidades y prioridades<\/li>\n<\/ol>\n<\/li>\n<\/ol>\n<h2 style=\"text-align: justify;\">Entregables<\/h2>\n<p>Los entregables incluyen:<\/p>\n<ul>\n<li>Presentaci\u00f3n del curso en formato digital.<\/li>\n<\/ul>\n<h2 style=\"text-align: justify;\">Informaci\u00f3n adicional<\/h2>\n<p>La capacitaci\u00f3n se llevar\u00e1 a cabo en lugar onsite o a definir. Duraci\u00f3n de 7 clases de 3 horas. Las formas de pago disponibles son: Efectivo, Transferencia Bancaria, Cheque.<\/p>\n<p>[tw_button icon=\u00bb\u00bb link=\u00bbhttp:\/\/www.talsoft.com.ar\/site\/obtener-una-cotizacion\/\u00bb size=\u00bbmedium\u00bb rounded=\u00bbtrue\u00bb style=\u00bbflat\u00bb hover=\u00bbdefault\u00bb color=\u00bb#f01d1d\u00bb target=\u00bb_blank\u00bb]Obtener una cotizaci\u00f3n[\/tw_button]<\/p>\n","protected":false},"excerpt":{"rendered":"<p>Introducci\u00f3n Este curso permite tener una visi\u00f3n general y mas t\u00e9cnica de la seguridad inform\u00e1tica en la empresa. Se enfoca a una introducci\u00f3n a la seguridad inform\u00e1tica, en forma te\u00f3rica y practica, en los distintos niveles desde la seguridad en la empresa. Por otro lado se realiza una introducci\u00f3n a la defensa en niveles, mejores [&hellip;]<\/p>\n","protected":false},"author":3,"featured_media":0,"parent":1108,"menu_order":0,"comment_status":"closed","ping_status":"open","template":"","meta":{"_et_pb_use_builder":"","_et_pb_old_content":"","_et_gb_content_width":"","footnotes":""},"class_list":["post-1526","page","type-page","status-publish","hentry"],"_links":{"self":[{"href":"https:\/\/www.talsoft.com.ar\/site\/wp-json\/wp\/v2\/pages\/1526","targetHints":{"allow":["GET"]}}],"collection":[{"href":"https:\/\/www.talsoft.com.ar\/site\/wp-json\/wp\/v2\/pages"}],"about":[{"href":"https:\/\/www.talsoft.com.ar\/site\/wp-json\/wp\/v2\/types\/page"}],"author":[{"embeddable":true,"href":"https:\/\/www.talsoft.com.ar\/site\/wp-json\/wp\/v2\/users\/3"}],"replies":[{"embeddable":true,"href":"https:\/\/www.talsoft.com.ar\/site\/wp-json\/wp\/v2\/comments?post=1526"}],"version-history":[{"count":9,"href":"https:\/\/www.talsoft.com.ar\/site\/wp-json\/wp\/v2\/pages\/1526\/revisions"}],"predecessor-version":[{"id":3191,"href":"https:\/\/www.talsoft.com.ar\/site\/wp-json\/wp\/v2\/pages\/1526\/revisions\/3191"}],"up":[{"embeddable":true,"href":"https:\/\/www.talsoft.com.ar\/site\/wp-json\/wp\/v2\/pages\/1108"}],"wp:attachment":[{"href":"https:\/\/www.talsoft.com.ar\/site\/wp-json\/wp\/v2\/media?parent=1526"}],"curies":[{"name":"wp","href":"https:\/\/api.w.org\/{rel}","templated":true}]}}