
{"id":1512,"date":"2011-09-13T20:36:13","date_gmt":"2011-09-13T23:36:13","guid":{"rendered":"http:\/\/www.talsoft.com.ar\/?page_id=1512"},"modified":"2011-09-13T21:08:01","modified_gmt":"2011-09-14T00:08:01","slug":"curso-introductorio-de-voip","status":"publish","type":"page","link":"https:\/\/www.talsoft.com.ar\/site\/es\/servicios\/cursos-y-capacitacion\/curso-introductorio-de-voip\/","title":{"rendered":"Curso Introductorio de VOIP"},"content":{"rendered":"<h1 style=\"text-align: justify;\">Introducci\u00f3n<\/h1>\n<p style=\"text-align: justify;\">Esta curso esta orientado a una introducci\u00f3n al mundo de comunicaciones por VOIP para una empresa que requieren conocer los est\u00e1ndares de VoIP para ayudarlos a optimizar la utilizaci\u00f3n de los recursos, dise\u00f1ar las redes de la forma m\u00e1s adecuada y mantener los sistemas instalados con un conocimiento profundo de la tecnolog\u00eda involucrada detr\u00e1s de los equipos.<\/p>\n<h2>Objetivos<\/h2>\n<ul>\n<li>Conocer las diferentes implementaciones que ofrece la tecnolog\u00eda VoIP.<\/li>\n<li>Identificar los beneficios para las organizaciones y los costes de implementaci\u00f3n.<\/li>\n<li>Identificar las ventajas y limitaciones de la tecnolog\u00eda VoIP en comparaci\u00f3n con la telefon\u00eda tradicional.<\/li>\n<li>Comprender los componentes y protocolos del paquete tecnol\u00f3gico que se engloba dentro de VoIP, y como se integran y complementan entre s\u00ed.<\/li>\n<li>Describir las funcionalidades y servicios adicionales que incorpora VoIP.<\/li>\n<li>Caracterizar las consideraciones de calidad de servicio, ancho de banda, compresi\u00f3n y control del eco relacionadas con la paquetizaci\u00f3n de la voz.<\/li>\n<\/ul>\n<h2><\/h2>\n<h2>Temario<\/h2>\n<ol>\n<li>Introducci\u00f3n a la telefon\u00eda ip\n<ol type=\"a\">\n<li>Protocolos de se\u00f1alizaci\u00f3n<\/li>\n<li>Hardware de interconexi\u00f3n<\/li>\n<\/ol>\n<\/li>\n<li>En que interviene gnu\/linux<\/li>\n<li>Ventajas y Desventajas<\/li>\n<li>Asterisk\n<ol type=\"a\">\n<li>Que es asterisk<\/li>\n<li>Funcionalidades<\/li>\n<li>Licencia<\/li>\n<li>Archivos b\u00e1sicos de config<\/li>\n<li>Distribuciones<\/li>\n<\/ol>\n<\/li>\n<li>Configuraci\u00f3n b\u00e1sica<\/li>\n<li>Configuraci\u00f3n Avanzada<\/li>\n<li>Tipo de Hardware soportado\n<ol type=\"a\">\n<li>Anal\u00f3gico<\/li>\n<li>Digital<\/li>\n<\/ol>\n<\/li>\n<li>Tel\u00e9fonos ip y configuraci\u00f3n b\u00e1sica<\/li>\n<li>Calidad de voz<\/li>\n<li>Protocolos involucrados en voip<\/li>\n<\/ol>\n<p>&nbsp;<\/p>\n<h2 style=\"text-align: justify;\">Entregables<\/h2>\n<p>Los entregables incluyen:<\/p>\n<ul>\n<li>Presentaci\u00f3n del curso en formato digital.<\/li>\n<\/ul>\n<p>&nbsp;<\/p>\n<h2 style=\"text-align: justify;\">Informaci\u00f3n adicional<\/h2>\n<p>La capacitaci\u00f3n se llevar\u00e1 a cabo en lugar onsite o a definir.<\/p>\n<p>Las formas de pago disponibles son: Efectivo, Transferencia Bancaria, Cheque.<\/p>\n<p><strong>Consultar bonificaci\u00f3n a grupos<\/strong><\/p>\n","protected":false},"excerpt":{"rendered":"<p>Introducci\u00f3n Esta curso esta orientado a una introducci\u00f3n al mundo de comunicaciones por VOIP para una empresa que requieren conocer los est\u00e1ndares de VoIP para ayudarlos a optimizar la utilizaci\u00f3n de los recursos, dise\u00f1ar las redes de la forma m\u00e1s adecuada y mantener los sistemas instalados con un conocimiento profundo de la tecnolog\u00eda involucrada detr\u00e1s [&hellip;]<\/p>\n","protected":false},"author":3,"featured_media":0,"parent":1108,"menu_order":4,"comment_status":"closed","ping_status":"closed","template":"","meta":{"_et_pb_use_builder":"","_et_pb_old_content":"","_et_gb_content_width":"","footnotes":""},"class_list":["post-1512","page","type-page","status-publish","hentry"],"_links":{"self":[{"href":"https:\/\/www.talsoft.com.ar\/site\/wp-json\/wp\/v2\/pages\/1512","targetHints":{"allow":["GET"]}}],"collection":[{"href":"https:\/\/www.talsoft.com.ar\/site\/wp-json\/wp\/v2\/pages"}],"about":[{"href":"https:\/\/www.talsoft.com.ar\/site\/wp-json\/wp\/v2\/types\/page"}],"author":[{"embeddable":true,"href":"https:\/\/www.talsoft.com.ar\/site\/wp-json\/wp\/v2\/users\/3"}],"replies":[{"embeddable":true,"href":"https:\/\/www.talsoft.com.ar\/site\/wp-json\/wp\/v2\/comments?post=1512"}],"version-history":[{"count":4,"href":"https:\/\/www.talsoft.com.ar\/site\/wp-json\/wp\/v2\/pages\/1512\/revisions"}],"predecessor-version":[{"id":1536,"href":"https:\/\/www.talsoft.com.ar\/site\/wp-json\/wp\/v2\/pages\/1512\/revisions\/1536"}],"up":[{"embeddable":true,"href":"https:\/\/www.talsoft.com.ar\/site\/wp-json\/wp\/v2\/pages\/1108"}],"wp:attachment":[{"href":"https:\/\/www.talsoft.com.ar\/site\/wp-json\/wp\/v2\/media?parent=1512"}],"curies":[{"name":"wp","href":"https:\/\/api.w.org\/{rel}","templated":true}]}}