
{"id":1489,"date":"2011-09-13T19:19:57","date_gmt":"2011-09-13T22:19:57","guid":{"rendered":"http:\/\/www.talsoft.com.ar\/?page_id=1489"},"modified":"2016-05-24T11:20:21","modified_gmt":"2016-05-24T14:20:21","slug":"curso-introductorio-de-gnulinux","status":"publish","type":"page","link":"https:\/\/www.talsoft.com.ar\/site\/es\/servicios\/cursos-y-capacitacion\/curso-introductorio-de-gnulinux\/","title":{"rendered":"Curso Introductorio a GNU\/Linux"},"content":{"rendered":"<h1 style=\"text-align: justify;\">Introducci\u00f3n<\/h1>\n<p style=\"text-align: justify;\">Esta curso ser\u00e1 \u00fatil sobre todo a quienes est\u00e1n dando sus primeros pasos en el mundo del software libre. El objetivo principal es proporcionar una serie de explicaciones sencillas y pr\u00e1cticas, de tal modo que cualquiera, sin grandes conocimientos de inform\u00e1tica, pueda convertirse en usuario de GNU\/Linux y aprovechar todas las ventajas que ofrecen los sistemas libres.<\/p>\n<h2>Objetivos<\/h2>\n<ul>\n<li>Conocer los principios b\u00e1sicos que caracterizan al software libre<\/li>\n<li>Ser capaz de utilizar una computadora con Ubuntu como Sistema Operativo.<\/li>\n<li>Personalizar el entorno para ajustarlo a las propias necesidades.<\/li>\n<li>Adquirir los conocimientos necesarios para organizar y gestionar la informaci\u00f3n almacen\u00e1ndola en archivos y carpetas.<\/li>\n<li>Acceder a Internet y utilizar las aplicaciones esenciales: navegaci\u00f3n, correo electr\u00f3nico, etc.<\/li>\n<li>Conocer las principales aplicaciones ofim\u00e1ticas y crear documentos utilizando las prestaciones b\u00e1sicas de las mismas.<\/li>\n<li>Manejar documentos multimedia utilizando las herramientas disponibles en Ubuntu.<\/li>\n<li>Realizar tareas b\u00e1sicas de administraci\u00f3n del sistema: actualizaciones, instalaci\u00f3n de aplicaciones, etc.<\/li>\n<\/ul>\n<p>[tw_button icon=\u00bb\u00bb link=\u00bbhttp:\/\/www.talsoft.com.ar\/site\/obtener-una-cotizacion\/\u00bb size=\u00bbmedium\u00bb rounded=\u00bbtrue\u00bb style=\u00bbflat\u00bb hover=\u00bbdefault\u00bb color=\u00bb#f01d1d\u00bb target=\u00bb_blank\u00bb]Obtener una cotizaci\u00f3n[\/tw_button]<\/p>\n<h2>Temario<\/h2>\n<ol>\n<li>Introducci\u00f3n al curso\n<ol type=\"a\">\n<li>Metodolog\u00eda del curso<\/li>\n<li>Objetivos<\/li>\n<\/ol>\n<\/li>\n<li>Software Libre\n<ol type=\"a\">\n<li>Breve historia de GNU\/Linux<\/li>\n<li>Distribuciones GNU\/Linux<\/li>\n<li>Otras distribuciones GNU\/Linux<\/li>\n<\/ol>\n<\/li>\n<li>Razones por las que deber\u00edamos usar software libre<\/li>\n<li>El entorno de trabajo en Ubuntu\n<ol type=\"a\">\n<li>El escritorio<\/li>\n<li>Las ventanas y el \u00e1rea de trabajo<\/li>\n<li>Lanzadores o accesos directos<\/li>\n<li>Personalizaci\u00f3n del escritorio<\/li>\n<li>Preferencias de Accesibilidad<\/li>\n<\/ol>\n<\/li>\n<li>Gesti\u00f3n de archivos\n<ol type=\"a\">\n<li>El administrador de archivos<\/li>\n<li>El sistema de ficheros<\/li>\n<li>Permisos sobre archivos y carpetas<\/li>\n<\/ol>\n<\/li>\n<li>Administraci\u00f3n b\u00e1sica del sistema\n<ol type=\"a\">\n<li>El usuario administrador<\/li>\n<li>Terminales<\/li>\n<li>Gesti\u00f3n de usuarios y grupos<\/li>\n<li>Instalaci\u00f3n de programas<\/li>\n<li>Conectarse a Internet<\/li>\n<\/ol>\n<\/li>\n<li>Aplicaciones de red\n<ol type=\"a\">\n<li>Navegador Firefox<\/li>\n<li>Evolution. Mucho m\u00e1s que un cliente de correo<\/li>\n<li>Mensajer\u00eda instant\u00e1nea con Pidgin<\/li>\n<li>Ofim\u00e1tica en Ubuntu<\/li>\n<li>Conectarse a Internet<\/li>\n<\/ol>\n<\/li>\n<li>Ofim\u00e1tica en Ubuntu<\/li>\n<li>OpenOffice o LibreOffice<\/li>\n<li>Multimedia<\/li>\n<li>M\u00fasica<\/li>\n<li>V\u00eddeo<\/li>\n<li>Utilidades<\/li>\n<\/ol>\n<p>&nbsp;<\/p>\n<h2 style=\"text-align: justify;\">Entregables<\/h2>\n<p>Los entregables incluyen:<\/p>\n<ul>\n<li>Presentaci\u00f3n del curso en formato digital.<\/li>\n<\/ul>\n<p>&nbsp;<\/p>\n<h2 style=\"text-align: justify;\">Informaci\u00f3n adicional<\/h2>\n<p>La capacitaci\u00f3n se llevar\u00e1 a cabo en lugar onsite o a definir.<\/p>\n<p>Las formas de pago disponibles son: Efectivo, Transferencia Bancaria, Cheque.<\/p>\n<p>[tw_button icon=\u00bb\u00bb link=\u00bbhttp:\/\/www.talsoft.com.ar\/site\/obtener-una-cotizacion\/\u00bb size=\u00bbmedium\u00bb rounded=\u00bbtrue\u00bb style=\u00bbflat\u00bb hover=\u00bbdefault\u00bb color=\u00bb#f01d1d\u00bb target=\u00bb_blank\u00bb]Obtener una cotizaci\u00f3n[\/tw_button]<\/p>\n","protected":false},"excerpt":{"rendered":"<p>Introducci\u00f3n Esta curso ser\u00e1 \u00fatil sobre todo a quienes est\u00e1n dando sus primeros pasos en el mundo del software libre. El objetivo principal es proporcionar una serie de explicaciones sencillas y pr\u00e1cticas, de tal modo que cualquiera, sin grandes conocimientos de inform\u00e1tica, pueda convertirse en usuario de GNU\/Linux y aprovechar todas las ventajas que ofrecen [&hellip;]<\/p>\n","protected":false},"author":3,"featured_media":0,"parent":1108,"menu_order":5,"comment_status":"closed","ping_status":"closed","template":"","meta":{"_et_pb_use_builder":"","_et_pb_old_content":"","_et_gb_content_width":"","footnotes":""},"class_list":["post-1489","page","type-page","status-publish","hentry"],"_links":{"self":[{"href":"https:\/\/www.talsoft.com.ar\/site\/wp-json\/wp\/v2\/pages\/1489","targetHints":{"allow":["GET"]}}],"collection":[{"href":"https:\/\/www.talsoft.com.ar\/site\/wp-json\/wp\/v2\/pages"}],"about":[{"href":"https:\/\/www.talsoft.com.ar\/site\/wp-json\/wp\/v2\/types\/page"}],"author":[{"embeddable":true,"href":"https:\/\/www.talsoft.com.ar\/site\/wp-json\/wp\/v2\/users\/3"}],"replies":[{"embeddable":true,"href":"https:\/\/www.talsoft.com.ar\/site\/wp-json\/wp\/v2\/comments?post=1489"}],"version-history":[{"count":22,"href":"https:\/\/www.talsoft.com.ar\/site\/wp-json\/wp\/v2\/pages\/1489\/revisions"}],"predecessor-version":[{"id":3190,"href":"https:\/\/www.talsoft.com.ar\/site\/wp-json\/wp\/v2\/pages\/1489\/revisions\/3190"}],"up":[{"embeddable":true,"href":"https:\/\/www.talsoft.com.ar\/site\/wp-json\/wp\/v2\/pages\/1108"}],"wp:attachment":[{"href":"https:\/\/www.talsoft.com.ar\/site\/wp-json\/wp\/v2\/media?parent=1489"}],"curies":[{"name":"wp","href":"https:\/\/api.w.org\/{rel}","templated":true}]}}