
{"id":1480,"date":"2011-09-13T19:12:56","date_gmt":"2011-09-13T22:12:56","guid":{"rendered":"http:\/\/www.talsoft.com.ar\/?page_id=1480"},"modified":"2012-05-04T17:14:50","modified_gmt":"2012-05-04T20:14:50","slug":"plan-de-migracion-a-gnulinux","status":"publish","type":"page","link":"https:\/\/www.talsoft.com.ar\/site\/es\/servicios\/cursos-y-capacitacion\/plan-de-migracion-a-gnulinux\/","title":{"rendered":"Curso Plan de Migraci\u00f3n a GNU\/Linux"},"content":{"rendered":"<h1 style=\"text-align: justify;\">Introducci\u00f3n<\/h1>\n<p style=\"text-align: justify;\">Este curso esta orientado a conocer los pasos necesarios para realizar una migraci\u00f3n exitosa a software libre en una empresa. El curso contiene una tem\u00e1tica que abarca desde los principios del software libre pasando luego a los requisitos previos a una migraci\u00f3n, la plantificaci\u00f3n y su implementaci\u00f3n. Como practica en este curso se mostrara como se puede personalizar una distribuci\u00f3n GNU\/Linux para una empresa.<\/p>\n<h2>Objetivos<\/h2>\n<ul>\n<li>Conocer los principios b\u00e1sicos que caracterizan al software libre.<\/li>\n<li>Los beneficios del software libre en la empresa.<\/li>\n<li>Conocer los pasos a una migraci\u00f3n total o parcial a software libre.<\/li>\n<li>Poder realizar una personalizacion de una distribuci\u00f3n GNU\/Linux para la empresa.<\/li>\n<\/ul>\n<p><strong>Obtener un Presupuesto personalizado\u00a0<\/strong>:\u00a0<a href=\"https:\/\/spreadsheets.google.com\/viewform?formkey=dERaQTYwSVQyWXpheTBmYm8zZEFlY2c6MQ\">Aqu\u00ed<\/a><\/p>\n<h2>Temario<\/h2>\n<ol>\n<li>Introducci\u00f3n al curso\n<ol type=\"a\">\n<li>Metodolog\u00eda del curso<\/li>\n<li>Objetivos<\/li>\n<\/ol>\n<\/li>\n<li>Software Libre\n<ol type=\"a\">\n<li>Breve historia de GNU\/Linux<\/li>\n<li>Distribuciones GNU\/Linux<\/li>\n<li>Otras distribuciones GNU\/Linux<\/li>\n<\/ol>\n<\/li>\n<li>Razones por las que deber\u00edamos usar software libre<\/li>\n<li>Requisitos para la migraci\u00f3n<\/li>\n<li>Planificaci\u00f3n\n<ol type=\"a\">\n<li>T\u00e9cnica<\/li>\n<li>Plan de contingencia<\/li>\n<li>Plan de evaluaci\u00f3n<\/li>\n<li>Planificaci\u00f3n econ\u00f3mica<\/li>\n<\/ol>\n<\/li>\n<li>Implementaci\u00f3n\n<ol type=\"a\">\n<li>Formaci\u00f3n<\/li>\n<li>T\u00e9cnica<\/li>\n<li>Crear nuestra distribuci\u00f3n gnu\/linux<\/li>\n<\/ol>\n<\/li>\n<li>Evaluaci\u00f3n<\/li>\n<\/ol>\n<p>&nbsp;<\/p>\n<h2>Entregables<\/h2>\n<p>Los entregables incluyen:<\/p>\n<ul>\n<li>Presentaci\u00f3n del curso en formato digital.<\/li>\n<\/ul>\n<p>&nbsp;<\/p>\n<h2>Informaci\u00f3n adicional<\/h2>\n<p>La capacitaci\u00f3n se llevar\u00e1 a cabo en lugar onsite o a definir.<\/p>\n<p>Las formas de pago disponibles son: Efectivo, Transferencia Bancaria, Cheque.<\/p>\n<p><strong>Consultar bonificaci\u00f3n a grupos<\/strong><\/p>\n<p><strong>Obtener un Presupuesto personalizado\u00a0<\/strong>:\u00a0<a href=\"https:\/\/spreadsheets.google.com\/viewform?formkey=dERaQTYwSVQyWXpheTBmYm8zZEFlY2c6MQ\">Aqu\u00ed<\/a><\/p>\n","protected":false},"excerpt":{"rendered":"<p>Introducci\u00f3n Este curso esta orientado a conocer los pasos necesarios para realizar una migraci\u00f3n exitosa a software libre en una empresa. El curso contiene una tem\u00e1tica que abarca desde los principios del software libre pasando luego a los requisitos previos a una migraci\u00f3n, la plantificaci\u00f3n y su implementaci\u00f3n. Como practica en este curso se mostrara [&hellip;]<\/p>\n","protected":false},"author":3,"featured_media":0,"parent":1108,"menu_order":3,"comment_status":"closed","ping_status":"closed","template":"","meta":{"_et_pb_use_builder":"","_et_pb_old_content":"","_et_gb_content_width":"","footnotes":""},"class_list":["post-1480","page","type-page","status-publish","hentry"],"_links":{"self":[{"href":"https:\/\/www.talsoft.com.ar\/site\/wp-json\/wp\/v2\/pages\/1480","targetHints":{"allow":["GET"]}}],"collection":[{"href":"https:\/\/www.talsoft.com.ar\/site\/wp-json\/wp\/v2\/pages"}],"about":[{"href":"https:\/\/www.talsoft.com.ar\/site\/wp-json\/wp\/v2\/types\/page"}],"author":[{"embeddable":true,"href":"https:\/\/www.talsoft.com.ar\/site\/wp-json\/wp\/v2\/users\/3"}],"replies":[{"embeddable":true,"href":"https:\/\/www.talsoft.com.ar\/site\/wp-json\/wp\/v2\/comments?post=1480"}],"version-history":[{"count":10,"href":"https:\/\/www.talsoft.com.ar\/site\/wp-json\/wp\/v2\/pages\/1480\/revisions"}],"predecessor-version":[{"id":1756,"href":"https:\/\/www.talsoft.com.ar\/site\/wp-json\/wp\/v2\/pages\/1480\/revisions\/1756"}],"up":[{"embeddable":true,"href":"https:\/\/www.talsoft.com.ar\/site\/wp-json\/wp\/v2\/pages\/1108"}],"wp:attachment":[{"href":"https:\/\/www.talsoft.com.ar\/site\/wp-json\/wp\/v2\/media?parent=1480"}],"curies":[{"name":"wp","href":"https:\/\/api.w.org\/{rel}","templated":true}]}}