
{"id":1430,"date":"2011-07-04T17:22:21","date_gmt":"2011-07-04T20:22:21","guid":{"rendered":"http:\/\/www.talsoft.com.ar\/?page_id=1430"},"modified":"2020-08-18T14:26:40","modified_gmt":"2020-08-18T17:26:40","slug":"auditoria-en-aplicaciones-moviles","status":"publish","type":"page","link":"https:\/\/www.talsoft.com.ar\/site\/es\/servicios\/seguridad-informatica\/auditoria-en-aplicaciones-moviles\/","title":{"rendered":"Auditor\u00eda en Aplicaciones M\u00f3viles"},"content":{"rendered":"<p>[et_pb_section fb_built=\u00bb1&#8243; fullwidth=\u00bbon\u00bb _builder_version=\u00bb4.5.6&#8243; _module_preset=\u00bbdefault\u00bb][et_pb_fullwidth_post_title meta=\u00bboff\u00bb featured_image=\u00bboff\u00bb _builder_version=\u00bb4.5.6&#8243; _module_preset=\u00bbdefault\u00bb][\/et_pb_fullwidth_post_title][\/et_pb_section][et_pb_section fb_built=\u00bb1&#8243; admin_label=\u00bbsection\u00bb _builder_version=\u00bb3.22&#8243;][et_pb_row admin_label=\u00bbrow\u00bb _builder_version=\u00bb3.25&#8243; background_size=\u00bbinitial\u00bb background_position=\u00bbtop_left\u00bb background_repeat=\u00bbrepeat\u00bb column_structure=\u00bb1_2,1_2&#8243;][et_pb_column type=\u00bb1_2&#8243; _builder_version=\u00bb3.25&#8243; custom_padding=\u00bb|||\u00bb custom_padding__hover=\u00bb|||\u00bb][et_pb_text admin_label=\u00bbText\u00bb _builder_version=\u00bb4.5.6&#8243; background_size=\u00bbinitial\u00bb background_position=\u00bbtop_left\u00bb background_repeat=\u00bbrepeat\u00bb hover_enabled=\u00bb0&#8243;]<\/p>\n<p style=\"text-align: justify;\">Con la<strong> expansi\u00f3n de las tecnolog\u00edas m\u00f3viles<\/strong> y el auge de estar conectado con toda la informaci\u00f3n del negocio, las empresas empezaron a desarrollar aplicaciones para sus clientes y posibilitarle la conectividad con los sistemas de la empresa en estos dispositivos.<\/p>\n<p style=\"text-align: justify;\">Este servicio permite realizar una <strong>auditor\u00eda de seguridad para aplicaciones m\u00f3viles<\/strong>, con el objetivo de <strong>analizar las las vulnerabilidades que generen un riesgo en el negocio del cliente<\/strong>. Estos sistemas desarrollados que manejan informaci\u00f3n sensible del negocio, podr\u00edan tener mayor impacto en su empresa.<\/p>\n<p style=\"text-align: justify;\">\n[\/et_pb_text][\/et_pb_column][et_pb_column type=\u00bb1_2&#8243; _builder_version=\u00bb3.25&#8243; custom_padding=\u00bb|||\u00bb custom_padding__hover=\u00bb|||\u00bb][et_pb_video_slider _builder_version=\u00bb4.5.6&#8243; _module_preset=\u00bbdefault\u00bb min_height=\u00bb487px\u00bb border_radii=\u00bbon|10px|10px|10px|10px\u00bb][et_pb_video_slider_item src=\u00bbhttps:\/\/youtu.be\/EcG_b4Pl-kY\u00bb _builder_version=\u00bb4.5.6&#8243; _module_preset=\u00bbdefault\u00bb show_image_overlay=\u00bboff\u00bb][\/et_pb_video_slider_item][et_pb_video_slider_item src=\u00bbhttps:\/\/youtu.be\/wQXvIAKtdxo\u00bb _builder_version=\u00bb4.5.6&#8243; _module_preset=\u00bbdefault\u00bb show_image_overlay=\u00bboff\u00bb][\/et_pb_video_slider_item][et_pb_video_slider_item src=\u00bbhttps:\/\/youtu.be\/0WQlUKbuXP4&#8243; _builder_version=\u00bb4.5.6&#8243; _module_preset=\u00bbdefault\u00bb show_image_overlay=\u00bboff\u00bb][\/et_pb_video_slider_item][\/et_pb_video_slider][\/et_pb_column][\/et_pb_row][\/et_pb_section][et_pb_section fb_built=\u00bb1&#8243; _builder_version=\u00bb4.5.6&#8243; _module_preset=\u00bbdefault\u00bb][et_pb_row column_structure=\u00bb1_5,3_5,1_5&#8243; admin_label=\u00bbDescripcionServicio\u00bb _builder_version=\u00bb4.5.6&#8243; _module_preset=\u00bbdefault\u00bb width=\u00bb69.8%\u00bb custom_margin=\u00bb|199px||auto||\u00bb custom_padding=\u00bb|0px||||\u00bb][et_pb_column type=\u00bb1_5&#8243; _builder_version=\u00bb4.5.6&#8243; _module_preset=\u00bbdefault\u00bb][\/et_pb_column][et_pb_column type=\u00bb3_5&#8243; _builder_version=\u00bb4.5.6&#8243; _module_preset=\u00bbdefault\u00bb][et_pb_pricing_tables featured_table_background_color=\u00bb#000000&#8243; featured_table_header_background_color=\u00bb#ffffff\u00bb featured_table_header_text_color=\u00bb#ffffff\u00bb header_background_color=\u00bb#ffffff\u00bb featured_table_subheader_text_color=\u00bb#ffffff\u00bb featured_table_text_color=\u00bb#000000&#8243; featured_table_bullet_color=\u00bb#ffffff\u00bb bullet_color=\u00bb#ffffff\u00bb show_featured_drop_shadow=\u00bboff\u00bb _builder_version=\u00bb4.5.6&#8243; _module_preset=\u00bbdefault\u00bb subheader_text_color=\u00bb#ffffff\u00bb body_text_color=\u00bb#000000&#8243; header_text_color=\u00bb#ffffff\u00bb header_text_align=\u00bbcenter\u00bb subheader_text_align=\u00bbcenter\u00bb background_enable_color=\u00bboff\u00bb background_image=\u00bbhttps:\/\/www.talsoft.com.ar\/site\/wp-content\/uploads\/2014\/05\/bg_talsoft_1354x619.jpg\u00bb custom_button=\u00bbon\u00bb button_text_color=\u00bb#cb0519&#8243; text_orientation=\u00bbcenter\u00bb width=\u00bb100%\u00bb custom_margin=\u00bb|2px||3px||\u00bb custom_padding=\u00bb|6px||0px||\u00bb hover_enabled=\u00bb0&#8243;][et_pb_pricing_table featured=\u00bbon\u00bb title=\u00bbAuditor\u00eda Aplicaciones M\u00f3viles\u00bb subtitle=\u00bbPor Proyecto \/ Suscripci\u00f3n Anual\u00bb button_url=\u00bb@ET-DC@eyJkeW5hbWljIjp0cnVlLCJjb250ZW50IjoicG9zdF9saW5rX3VybF9wYWdlIiwic2V0dGluZ3MiOnsicG9zdF9pZCI6IjkwNyJ9fQ==@\u00bb button_text=\u00bbCont\u00e1ctenos\u00bb bullet_color=\u00bb#cb0519&#8243; price_background_color=\u00bb#cb0519&#8243; header_background_color=\u00bb#cb0519&#8243; _builder_version=\u00bb4.5.6&#8243; _dynamic_attributes=\u00bbbutton_url\u00bb _module_preset=\u00bbdefault\u00bb header_text_align=\u00bbcenter\u00bb header_text_color=\u00bb#ffffff\u00bb body_text_color=\u00bb#000000&#8243; subheader_text_color=\u00bb#000000&#8243; currency_frequency_text_color=\u00bb#ffffff\u00bb excluded_text_color=\u00bb#000000&#8243; background_color=\u00bbrgba(0,0,0,0)\u00bb background_enable_color=\u00bbon\u00bb button_alignment=\u00bbcenter\u00bb text_orientation=\u00bbleft\u00bb hover_enabled=\u00bb0&#8243; border_color_all_price=\u00bb#cb0519&#8243;]<\/p>\n<p>Firma y acuerdo MSA (Master Service Agreement)<br \/> Consultas por correo electr\u00f3nico \/ Skype<br \/> Respuesta ante incidentes<br \/> Atenci\u00f3n personalizada<br \/> Expertos en tecnolog\u00edas en cloud y seguridad inform\u00e1tica<\/p>\n<p>An\u00e1lisis de las aplicaciones M\u00f3viles<\/p>\n<p>An\u00e1lisis de permisos.<\/p>\n<p>An\u00e1lisis de la base de datos.<\/p>\n<p>An\u00e1lisis de la comunicaci\u00f3n con el servidor.<\/p>\n<p>An\u00e1lisis de los Web Services.<\/p>\n<p>An\u00e1lisis de la autenticaci\u00f3n<\/p>\n<p>An\u00e1lisis de la autorizaci\u00f3n<\/p>\n<p>An\u00e1lisis L\u00f3gico de la aplicaci\u00f3n.<\/p>\n<p>[\/et_pb_pricing_table][\/et_pb_pricing_tables][\/et_pb_column][et_pb_column type=\u00bb1_5&#8243; _builder_version=\u00bb4.5.6&#8243; _module_preset=\u00bbdefault\u00bb][\/et_pb_column][\/et_pb_row][\/et_pb_section][et_pb_section fb_built=\u00bb1&#8243; next_background_color=\u00bb#ffffff\u00bb admin_label=\u00bbFeedback\u00bb _builder_version=\u00bb4.5.6&#8243; use_background_color_gradient=\u00bbon\u00bb background_color_gradient_start=\u00bb#cb0519&#8243; background_color_gradient_end=\u00bb#ffffff\u00bb background_color_gradient_direction=\u00bb243deg\u00bb background_color_gradient_start_position=\u00bb49%\u00bb background_image=\u00bbhttps:\/\/www.talsoft.com.ar\/site\/wp-content\/uploads\/2020\/08\/cyber-security-12.png\u00bb background_size=\u00bbcontain\u00bb background_position=\u00bbtop_left\u00bb min_height=\u00bb1549px\u00bb overflow-x=\u00bbhidden\u00bb overflow-y=\u00bbhidden\u00bb custom_margin=\u00bb||\u00bb custom_padding=\u00bb13vw|||||\u00bb top_divider_height=\u00bb26vw\u00bb top_divider_flip=\u00bbhorizontal\u00bb bottom_divider_style=\u00bbasymmetric\u00bb bottom_divider_height=\u00bb22vw\u00bb collapsed=\u00bboff\u00bb][et_pb_row column_structure=\u00bb1_2,1_2&#8243; _builder_version=\u00bb4.5.6&#8243;][et_pb_column type=\u00bb1_2&#8243; _builder_version=\u00bb3.25.3&#8243;][et_pb_testimonial author=\u00bbDavid Casta\u00f1eda\u00bb company_name=\u00bbProyectos Millennium\u00bb portrait_url=\u00bbhttps:\/\/www.talsoft.com.ar\/site\/wp-content\/uploads\/2020\/08\/foto4.jpeg\u00bb _builder_version=\u00bb4.5.6&#8243; _module_preset=\u00bbdefault\u00bb background_enable_color=\u00bboff\u00bb background_image=\u00bbhttps:\/\/www.talsoft.com.ar\/site\/wp-content\/uploads\/2014\/05\/bg_talsoft_1354x619.jpg\u00bb custom_padding=\u00bb||73px|||\u00bb border_radii=\u00bbon|20px|20px|20px|20px\u00bb]<\/p>\n<p>Muy agradecido, un servicio muy profesional y con resultados inmediatos en un tema muy delicado, como la seguridad inform\u00e1tica.<\/p>\n<p>[\/et_pb_testimonial][et_pb_testimonial author=\u00bbRodrigo Alfaro \u00bb job_title=\u00bbCEO\u00bb company_name=\u00bbGemforce\u00bb portrait_url=\u00bbhttps:\/\/www.talsoft.com.ar\/site\/wp-content\/uploads\/2020\/08\/foto5.jpeg\u00bb _builder_version=\u00bb4.5.6&#8243; _module_preset=\u00bbdefault\u00bb background_color=\u00bbrgba(0,0,0,0)\u00bb background_image=\u00bbhttps:\/\/www.talsoft.com.ar\/site\/wp-content\/uploads\/2014\/05\/bg_talsoft_1354x619.jpg\u00bb border_radii=\u00bbon|20px|20px|20px|20px\u00bb]<\/p>\n<p>\u00abEstuvimos recibiendo ataques en nuestro sitio web, desde el momento que contactamos a Talsoft nos atendieron al instante y se involucraron en la soluci\u00f3n del problema, lo que m\u00e1s me impresiono fue su disponibilidad y empe\u00f1o en ayudarnos a resolver el problema.\u00bb<\/p>\n<p>[\/et_pb_testimonial][et_pb_testimonial company_name=\u00bbAvisLatam\u00bb portrait_url=\u00bbhttps:\/\/www.talsoft.com.ar\/site\/wp-content\/uploads\/2020\/08\/foto1.jpeg\u00bb _builder_version=\u00bb4.5.6&#8243; _module_preset=\u00bbdefault\u00bb background_color=\u00bbrgba(0,0,0,0)\u00bb background_image=\u00bbhttps:\/\/www.talsoft.com.ar\/site\/wp-content\/uploads\/2014\/05\/bg_talsoft_1354x619.jpg\u00bb custom_padding=\u00bb||96px|||\u00bb border_radii=\u00bbon|20px|20px|20px|20px\u00bb]<\/p>\n<p>\u00abEntregaron un servicio de calidad y se acomodaron a los tiempos de entrega del proyecto, siendo que eran bastante acotados.\u00bb<\/p>\n<p>[\/et_pb_testimonial][\/et_pb_column][et_pb_column type=\u00bb1_2&#8243; _builder_version=\u00bb3.25.3&#8243; custom_padding=\u00bb||\u00bb][et_pb_testimonial author=\u00bbCarlos Bergia\u00bb job_title=\u00bbSysAdmin\u00bb company_name=\u00bbWcentrix\u00bb portrait_url=\u00bbhttps:\/\/www.talsoft.com.ar\/site\/wp-content\/uploads\/2020\/08\/foto3.jpeg\u00bb _builder_version=\u00bb4.5.6&#8243; _module_preset=\u00bbdefault\u00bb background_color=\u00bbrgba(0,0,0,0)\u00bb background_image=\u00bbhttps:\/\/www.talsoft.com.ar\/site\/wp-content\/uploads\/2014\/05\/bg_talsoft_1354x619.jpg\u00bb border_radii=\u00bbon|20px|20px|20px|20px\u00bb]<\/p>\n<p><span class=\"tlid-translation translation\"><span title=\"\">\u00abMucha facilidad de contacto con Talsoft, ya sea por mail o skype la comunicaci\u00f3n era muy r\u00e1pida. Con respecto al escaneo de vulnerabilidades, muy conforme con la herramienta.<\/span><\/span>\u00ab<\/p>\n<p>[\/et_pb_testimonial][et_pb_testimonial author=\u00bbRicardo May\u00bb company_name=\u00bbNexuscom Arg.\u00bb portrait_url=\u00bbhttps:\/\/www.talsoft.com.ar\/site\/wp-content\/uploads\/2020\/08\/foto2.jpeg\u00bb _builder_version=\u00bb4.5.6&#8243; _module_preset=\u00bbdefault\u00bb background_color=\u00bbrgba(0,0,0,0)\u00bb background_image=\u00bbhttps:\/\/www.talsoft.com.ar\/site\/wp-content\/uploads\/2014\/05\/bg_talsoft_1354x619.jpg\u00bb custom_padding=\u00bb||70px|||\u00bb border_radii=\u00bbon|20px|20px|20px|20px\u00bb]<\/p>\n<p><span class=\"tlid-translation translation\"><span title=\"\">\u00abCon vuestros servicios de consultor\u00eda logramos mejorar la seguridad inform\u00e1tica de nuestros sistemas, permiti\u00e9ndonos alcanzar un nivel de excelencia y as\u00ed certificar PCI-DSS.<\/span><\/span>\u00ab<\/p>\n<p>[\/et_pb_testimonial][et_pb_text _builder_version=\u00bb4.5.6&#8243; text_font=\u00bb||||||||\u00bb header_2_font=\u00bbOverpass|900|||||||\u00bb header_2_font_size=\u00bb56px\u00bb header_2_line_height=\u00bb1.1em\u00bb header_3_font=\u00bbOverpass|600|||||||\u00bb header_3_text_color=\u00bb#00b4ff\u00bb header_3_font_size=\u00bb30px\u00bb header_3_line_height=\u00bb1.2em\u00bb background_layout=\u00bbdark\u00bb header_2_font_size_tablet=\u00bb38px\u00bb header_2_font_size_phone=\u00bb26px\u00bb header_2_font_size_last_edited=\u00bbon|desktop\u00bb header_3_font_tablet=\u00bb\u00bb header_3_font_phone=\u00bbOverpass|700|||||||\u00bb header_3_font_last_edited=\u00bbon|phone\u00bb header_3_font_size_tablet=\u00bb24px\u00bb header_3_font_size_phone=\u00bb18px\u00bb header_3_font_size_last_edited=\u00bbon|desktop\u00bb locked=\u00bboff\u00bb]<\/p>\n<h3><\/h3>\n<h2><span style=\"font-size: xx-large;\">\u00bfPor qu\u00e9 controlar y conocer la seguridad inform\u00e1tica de su empresa?<\/span><\/h2>\n<p>[\/et_pb_text][et_pb_divider color=\u00bb#00b4ff\u00bb divider_weight=\u00bb2px\u00bb _builder_version=\u00bb3.25.1&#8243; width=\u00bb100px\u00bb custom_margin=\u00bb||0px\u00bb][\/et_pb_divider][et_pb_text _builder_version=\u00bb3.27.4&#8243; text_font=\u00bbOverpass|300|||||||\u00bb text_font_size=\u00bb17px\u00bb text_line_height=\u00bb1.8em\u00bb background_layout=\u00bbdark\u00bb text_font_size_tablet=\u00bb\u00bb text_font_size_phone=\u00bb14px\u00bb text_font_size_last_edited=\u00bbon|desktop\u00bb locked=\u00bboff\u00bb]<\/p>\n<p>Los principales <strong>consecuencias<\/strong> para tu <strong>negocio<\/strong> ante un <strong>ataque inform\u00e1tico<\/strong>, ocasiona <strong>p\u00e9rdida de dinero, robo de informaci\u00f3n, da\u00f1o de imagen \/ reputaci\u00f3n, problemas legales<\/strong>.<\/p>\n<p>[\/et_pb_text][et_pb_button button_url=\u00bb@ET-DC@eyJkeW5hbWljIjp0cnVlLCJjb250ZW50IjoicG9zdF9saW5rX3VybF9wYWdlIiwic2V0dGluZ3MiOnsicG9zdF9pZCI6IjkwNyJ9fQ==@\u00bb button_text=\u00bbCont\u00e1ctenos\u00bb button_alignment=\u00bbcenter\u00bb _builder_version=\u00bb4.5.6&#8243; _dynamic_attributes=\u00bbbutton_url\u00bb custom_button=\u00bbon\u00bb button_text_size=\u00bb19px\u00bb button_text_color=\u00bb#ffffff\u00bb button_bg_color=\u00bbrgba(0,0,0,0)\u00bb button_border_width=\u00bb2px\u00bb button_border_color=\u00bb#ffffff\u00bb button_border_radius=\u00bb100px\u00bb button_font=\u00bbOverpass|900||on|||||\u00bb button_use_icon=\u00bboff\u00bb custom_padding=\u00bb17px|52px|17px|52px|true|true\u00bb box_shadow_style=\u00bbpreset3&#8243; box_shadow_vertical=\u00bb0px\u00bb box_shadow_blur=\u00bb0px\u00bb box_shadow_spread=\u00bb-10px\u00bb box_shadow_color=\u00bbrgba(25,114,255,0.4)\u00bb locked=\u00bboff\u00bb box_shadow_color__hover=\u00bb#2585b2&#8243; box_shadow_blur__hover_enabled=\u00bbon\u00bb box_shadow_blur__hover=\u00bb40px\u00bb box_shadow_vertical__hover_enabled=\u00bbon\u00bb box_shadow_vertical__hover=\u00bb10px\u00bb][\/et_pb_button][\/et_pb_column][\/et_pb_row][et_pb_row column_structure=\u00bb1_2,1_2&#8243; _builder_version=\u00bb3.25.3&#8243; custom_padding=\u00bb0px||0px|||\u00bb][et_pb_column type=\u00bb1_2&#8243; _builder_version=\u00bb3.25.3&#8243;][\/et_pb_column][et_pb_column type=\u00bb1_2&#8243; _builder_version=\u00bb3.25.3&#8243;][et_pb_image src=\u00bbhttps:\/\/www.talsoft.com.ar\/site\/wp-content\/uploads\/2020\/08\/cyber-security-15.jpg\u00bb _builder_version=\u00bb3.25.3&#8243; transform_scale_tablet=\u00bb100%|100%\u00bb transform_scale_phone=\u00bb\u00bb transform_scale_last_edited=\u00bbon|desktop\u00bb transform_translate=\u00bb10vw|0px\u00bb transform_translate_tablet=\u00bb0vw|0vw\u00bb transform_translate_phone=\u00bb\u00bb transform_translate_last_edited=\u00bbon|desktop\u00bb transform_translate_linked=\u00bboff\u00bb transform_rotate=\u00bb0deg|0deg|318deg\u00bb transform_rotate_tablet=\u00bb0deg|0deg|14deg\u00bb transform_rotate_phone=\u00bb\u00bb transform_rotate_last_edited=\u00bbon|desktop\u00bb transform_skew_tablet=\u00bb\u00bb transform_skew_phone=\u00bb\u00bb transform_skew_last_edited=\u00bbon|desktop\u00bb transform_origin_tablet=\u00bb\u00bb transform_origin_phone=\u00bb\u00bb transform_origin_last_edited=\u00bbon|desktop\u00bb transform_styles_last_edited=\u00bbon|desktop\u00bb custom_margin=\u00bb|-30vw|8vw||false\u00bb transform_styles_tablet=\u00bb\u00bb transform_styles_phone=\u00bb\u00bb border_radii=\u00bbon|500px|500px|500px|500px\u00bb locked=\u00bboff\u00bb][\/et_pb_image][\/et_pb_column][\/et_pb_row][\/et_pb_section]<\/p>\n","protected":false},"excerpt":{"rendered":"<p>Con la expansi\u00f3n de las tecnolog\u00edas m\u00f3viles y el auge de estar conectado con toda la informaci\u00f3n del negocio, las empresas empezaron a desarrollar aplicaciones para sus clientes y posibilitarle la conectividad con los sistemas de la empresa en estos dispositivos. Este servicio permite realizar una auditor\u00eda de seguridad para aplicaciones m\u00f3viles, con el objetivo [&hellip;]<\/p>\n","protected":false},"author":3,"featured_media":0,"parent":1191,"menu_order":0,"comment_status":"closed","ping_status":"closed","template":"","meta":{"_et_pb_use_builder":"on","_et_pb_old_content":"<p style=\"text-align: justify;\"><img class=\"size-medium wp-image-3656 alignleft\" src=\"https:\/\/www.talsoft.com.ar\/site\/wp-content\/uploads\/2011\/07\/arm-1867759_1920-400x267.jpg\" alt=\"\" width=\"400\" height=\"267\" \/>Con la<strong> expansi\u00f3n de las tecnolog\u00edas m\u00f3viles<\/strong> y el auge de estar conectado con toda la informaci\u00f3n del negocio, las empresas empezaron a desarrollar aplicaciones para sus clientes y posibilitarle la conectividad con los sistemas de la empresa en estos dispositivos.<\/p>\r\n<p style=\"text-align: justify;\">Este servicio permite realizar una <strong>auditor\u00eda de seguridad para aplicaciones m\u00f3viles<\/strong>, con el objetivo de <strong>analizar las las vulnerabilidades que generen un riesgo en el negocio del cliente<\/strong>. Estos sistemas desarrollados que manejan informaci\u00f3n sensible del negocio, podr\u00edan tener mayor impacto en su empresa.<\/p>\r\n<p style=\"text-align: justify;\"><strong>La inversi\u00f3n<\/strong> que realiza la empresa con nuestros servicios, permite <strong>minimizar la p\u00e9rdida de dinero y maximizar las ganancias<\/strong>, a\u00fan cuando ocurren ataques cibern\u00e9ticos. <strong>Aumentar\u00e1 su imagen, prestigio, fidelidad<\/strong> porque proteger\u00e1 la informaci\u00f3n confidencial y la relaci\u00f3n<strong> con clientes, inversores, proveedores<\/strong>.<\/p>\r\n<p style=\"text-align: justify;\">Le garantizamos que con nuestros servicios,<strong> podr\u00e1 controlar y conocer <\/strong>el estado de la seguridad inform\u00e1tica de tu empresa y concentrarte en el crecimiento y prosperidad de tu negocio. <strong>Nuestros profesionales trabajan en forma artesanal<\/strong>, de la misma forma que lo hace un intruso pero <strong>en forma autorizada<\/strong>. Tendr\u00e1 a su disposici\u00f3n <strong>expertos en seguridad inform\u00e1tica<\/strong> que lo ayudaran en dar respuestas a los incidentes y toma de decisiones en forma personalizada.<\/p>\r\n<p style=\"text-align: justify;\"><strong><span style=\"text-decoration: underline;\">Es el momento de empezar a proteger su negocio<\/span>. <span style=\"text-decoration: underline;\">Obtenga sin costo su cotizaci\u00f3n personalizada<\/span> con nuestros expertos, <span style=\"text-decoration: underline;\">ahora mismo...<\/span><\/strong><\/p>\r\n[tw_divider type=\"space\" height=\"20\"]\r\n<p style=\"text-align: center;\">[tw_button icon=\"\" link=\"http:\/\/www.talsoft.com.ar\/site\/obtener-una-cotizacion\/\" size=\"medium\" rounded=\"true\" style=\"flat\" hover=\"default\" color=\"#f01d1d\" target=\"_blank\"]Obtener una cotizaci\u00f3n[\/tw_button]<\/p>\r\n<p style=\"text-align: justify;\"><img class=\"size-large wp-image-2740 aligncenter\" src=\"https:\/\/www.talsoft.com.ar\/site\/wp-content\/uploads\/2012\/11\/beneficios_1200x450-1024x384.png\" alt=\"\" width=\"960\" height=\"360\" \/><\/p>\r\n<p style=\"text-align: justify;\">[tw_divider type=\"space\" height=\"20\"]<\/p>\r\n<p style=\"text-align: justify;\">[tw_accordion][tw_accordion_item item_title=\"<strong>Detalle general del servicio<\/strong>\" item_expand=\"false\"]El servicio ofrecido incluye testeos de seguridad inform\u00e1tica de la aplicaci\u00f3n m\u00f3vil y de los servidores que intervienen. Se realizar\u00e1 en base al est\u00e1ndar <strong>OWASP Mobile Top Ten<\/strong> y a continuaci\u00f3n se enumeran los diferentes testeos que se realizan:<\/p>\r\n\r\n<ol>\r\n \t<li>An\u00e1lisis de las aplicaciones M\u00f3viles\r\n<ol>\r\n \t<li>An\u00e1lisis de permisos.<\/li>\r\n \t<li>An\u00e1lisis de la base de datos.<\/li>\r\n \t<li>An\u00e1lisis de la comunicaci\u00f3n con el servidor.<\/li>\r\n \t<li>An\u00e1lisis de los Web Services.<\/li>\r\n \t<li>An\u00e1lisis de la autenticaci\u00f3n<\/li>\r\n \t<li>An\u00e1lisis de la autorizaci\u00f3n<\/li>\r\n \t<li>An\u00e1lisis L\u00f3gico de la aplicaci\u00f3n.<\/li>\r\n<\/ol>\r\n<\/li>\r\n<\/ol>\r\n<ol>\r\n \t<li>Generaci\u00f3n del informe final.[\/tw_accordion_item][tw_accordion_item item_title=\"<strong>Entregas<\/strong>\" item_expand=\"false\"] Se entregar\u00e1 un informe fina gerencial y t\u00e9cnico,\u00a0 en el que se incluyen los an\u00e1lisis y los resultados de las pruebas. El reporte entregado contendr\u00e1 la evaluaci\u00f3n del estado de seguridad a la fecha de la conclusi\u00f3n de las pruebas como as\u00ed tambi\u00e9n las recomendaciones en cada caso.[\/tw_accordion_item][tw_accordion_item item_title=\"<strong>Adicionales sin cargo<\/strong>\" item_expand=\"false\"]\r\n<ol>\r\n \t<li style=\"text-align: justify;\"><strong>Re-verificaci\u00f3n<\/strong>: Una vez realizado el testeo y entregado el reporte, la propuesta incluye 1 re-testeo de seguridad de las vulnerabilidades resueltas. El retesteo para la generaci\u00f3n del reporte final, no debe extenderse mas all\u00e1 de los 30 d\u00edas de entregado el reporte inicial.<\/li>\r\n \t<li style=\"text-align: justify;\"><strong>Consultor\u00edas<\/strong>: La propuesta incluye consultor\u00edas sobre temas en seguridad inform\u00e1tica.<\/li>\r\n \t<li style=\"text-align: justify;\"><strong>Convenio de confidencialidad<\/strong>: El servicio se iniciar\u00e1 una vez firmado el convenio de confidencialidad y aceptando las condiciones comerciales.<\/li>\r\n \t<li style=\"text-align: justify;\"><strong>Cloud Privado<\/strong>: Se crear\u00e1 un acceso al cliente a nuestro cloud para poder descargar los reportes o recursos.<\/li>\r\n<\/ol>\r\n[\/tw_accordion_item][\/tw_accordion]<\/li>\r\n<\/ol>\r\n[tw_divider type=\"space\" height=\"20\"]\r\n<p style=\"text-align: center;\">[tw_button icon=\"\" link=\"http:\/\/www.talsoft.com.ar\/site\/obtener-una-cotizacion\/\" size=\"medium\" rounded=\"true\" style=\"flat\" hover=\"default\" color=\"#f01d1d\" target=\"_blank\"]Obtener una cotizaci\u00f3n[\/tw_button]<\/p>","_et_gb_content_width":"","footnotes":""},"class_list":["post-1430","page","type-page","status-publish","hentry"],"_links":{"self":[{"href":"https:\/\/www.talsoft.com.ar\/site\/wp-json\/wp\/v2\/pages\/1430","targetHints":{"allow":["GET"]}}],"collection":[{"href":"https:\/\/www.talsoft.com.ar\/site\/wp-json\/wp\/v2\/pages"}],"about":[{"href":"https:\/\/www.talsoft.com.ar\/site\/wp-json\/wp\/v2\/types\/page"}],"author":[{"embeddable":true,"href":"https:\/\/www.talsoft.com.ar\/site\/wp-json\/wp\/v2\/users\/3"}],"replies":[{"embeddable":true,"href":"https:\/\/www.talsoft.com.ar\/site\/wp-json\/wp\/v2\/comments?post=1430"}],"version-history":[{"count":26,"href":"https:\/\/www.talsoft.com.ar\/site\/wp-json\/wp\/v2\/pages\/1430\/revisions"}],"predecessor-version":[{"id":6380,"href":"https:\/\/www.talsoft.com.ar\/site\/wp-json\/wp\/v2\/pages\/1430\/revisions\/6380"}],"up":[{"embeddable":true,"href":"https:\/\/www.talsoft.com.ar\/site\/wp-json\/wp\/v2\/pages\/1191"}],"wp:attachment":[{"href":"https:\/\/www.talsoft.com.ar\/site\/wp-json\/wp\/v2\/media?parent=1430"}],"curies":[{"name":"wp","href":"https:\/\/api.w.org\/{rel}","templated":true}]}}