
{"id":1197,"date":"2011-01-04T19:20:26","date_gmt":"2011-01-04T22:20:26","guid":{"rendered":"http:\/\/www.talsoft.com.ar\/index.php"},"modified":"2012-11-14T17:25:37","modified_gmt":"2012-11-14T20:25:37","slug":"administracion-tecnologicas","status":"publish","type":"page","link":"https:\/\/www.talsoft.com.ar\/site\/es\/servicios\/administracion-tecnologicas\/","title":{"rendered":"Administraci\u00f3n Tecnol\u00f3gicas"},"content":{"rendered":"<h2>Servicios de Administraci\u00f3n Tecnol\u00f3gicas<\/h2>\n<ul>\n<li>\n<h4><a href=\"http:\/\/www.talsoft.com.ar\/index.php\/servicios\/administracion-tecnologicas\/administracion-remota-de-servicios\">Administraci\u00f3n Remota de Servicios<\/a><\/h4>\n<\/li>\n<li>\n<h4><a href=\"http:\/\/www.talsoft.com.ar\/index.php\/servicios\/administracion-tecnologicas\/soluciones-open-source-para-empresas\">Soluciones Open Source para empresas<\/a><\/h4>\n<\/li>\n<\/ul>\n","protected":false},"excerpt":{"rendered":"<p>Servicios de Administraci\u00f3n Tecnol\u00f3gicas Administraci\u00f3n Remota de Servicios Soluciones Open Source para empresas<\/p>\n","protected":false},"author":3,"featured_media":0,"parent":901,"menu_order":2,"comment_status":"closed","ping_status":"closed","template":"","meta":{"_et_pb_use_builder":"","_et_pb_old_content":"","_et_gb_content_width":"","footnotes":""},"class_list":["post-1197","page","type-page","status-publish","hentry"],"_links":{"self":[{"href":"https:\/\/www.talsoft.com.ar\/site\/wp-json\/wp\/v2\/pages\/1197","targetHints":{"allow":["GET"]}}],"collection":[{"href":"https:\/\/www.talsoft.com.ar\/site\/wp-json\/wp\/v2\/pages"}],"about":[{"href":"https:\/\/www.talsoft.com.ar\/site\/wp-json\/wp\/v2\/types\/page"}],"author":[{"embeddable":true,"href":"https:\/\/www.talsoft.com.ar\/site\/wp-json\/wp\/v2\/users\/3"}],"replies":[{"embeddable":true,"href":"https:\/\/www.talsoft.com.ar\/site\/wp-json\/wp\/v2\/comments?post=1197"}],"version-history":[{"count":4,"href":"https:\/\/www.talsoft.com.ar\/site\/wp-json\/wp\/v2\/pages\/1197\/revisions"}],"predecessor-version":[{"id":1962,"href":"https:\/\/www.talsoft.com.ar\/site\/wp-json\/wp\/v2\/pages\/1197\/revisions\/1962"}],"up":[{"embeddable":true,"href":"https:\/\/www.talsoft.com.ar\/site\/wp-json\/wp\/v2\/pages\/901"}],"wp:attachment":[{"href":"https:\/\/www.talsoft.com.ar\/site\/wp-json\/wp\/v2\/media?parent=1197"}],"curies":[{"name":"wp","href":"https:\/\/api.w.org\/{rel}","templated":true}]}}