
{"id":1191,"date":"2011-01-04T19:18:43","date_gmt":"2011-01-04T22:18:43","guid":{"rendered":"http:\/\/www.talsoft.com.ar\/index.php"},"modified":"2020-08-04T09:58:14","modified_gmt":"2020-08-04T12:58:14","slug":"seguridad-informatica","status":"publish","type":"page","link":"https:\/\/www.talsoft.com.ar\/site\/es\/servicios\/seguridad-informatica\/","title":{"rendered":"Seguridad Inform\u00e1tica"},"content":{"rendered":"<p style=\"text-align: justify;\">Algunos de nuestros clientes<strong> nos comentaban que empezaron a perder dinero, clientes, imagen, robo de informaci\u00f3n confidencial y prestigio<\/strong> por recibir ataques de intrusos inform\u00e1ticos en los diferentes sistemas que utilizaban. No pudieron controlar la situaci\u00f3n hasta que se <strong>contactaron con nosotros<\/strong> para comentarnos sobre su problema.<\/p>\n<p style=\"text-align: justify;\">Gracias a nuestros servicios pudieron <strong>optimizar los controles de seguridad inform\u00e1tica de su negocio<\/strong> y tener un <strong>conocimiento<\/strong> para tomar decisiones pro-activas frente a un ataque cibern\u00e9tico. <strong>La inversi\u00f3n<\/strong> que realiza la empresa con nuestros servicios, permite <strong>minimizar la p\u00e9rdida de dinero y maximizar las ganancias<\/strong>, a\u00fan cuando ocurren ataques cibern\u00e9ticos. <strong>Aumentar\u00e1 su imagen, prestigio, fidelidad<\/strong> porque proteger\u00e1 la informaci\u00f3n confidencial y la relaci\u00f3n<strong> con clientes, inversores, proveedores<\/strong>.<\/p>\n<h3 style=\"text-align: justify;\"><em><strong>Invierta menos del 10% y obtenga mas del 90% de beneficios para su empresa.<\/strong><\/em><\/h3>\n<p style=\"text-align: justify;\">Le garantizamos que con nuestros servicios,<strong> podr\u00e1 controlar y conocer <\/strong>el estado de la seguridad inform\u00e1tica de tu empresa y concentrarte en el crecimiento y prosperidad de tu negocio. <strong>Nuestros profesionales trabajan en forma artesanal<\/strong>, de la misma forma que lo hace un intruso pero <strong>en forma autorizada<\/strong>. Tendr\u00e1 a su disposici\u00f3n <strong>expertos en seguridad inform\u00e1tica<\/strong> que lo ayudaran en dar respuestas a los incidentes y toma de decisiones en forma personalizada.<\/p>\n<p style=\"text-align: justify;\"><strong><span style=\"text-decoration: underline;\">Es el momento de empezar a proteger su negocio<\/span>. <span style=\"text-decoration: underline;\">Obtenga sin costo su cotizaci\u00f3n personalizada<\/span> con nuestros expertos, <span style=\"text-decoration: underline;\">ahora mismo&#8230;<\/span><\/strong><\/p>\n","protected":false},"excerpt":{"rendered":"<p>Algunos de nuestros clientes nos comentaban que empezaron a perder dinero, clientes, imagen, robo de informaci\u00f3n confidencial y prestigio por recibir ataques de intrusos inform\u00e1ticos en los diferentes sistemas que utilizaban. No pudieron controlar la situaci\u00f3n hasta que se contactaron con nosotros para comentarnos sobre su problema. Gracias a nuestros servicios pudieron optimizar los controles [&hellip;]<\/p>\n","protected":false},"author":3,"featured_media":0,"parent":901,"menu_order":0,"comment_status":"closed","ping_status":"open","template":"","meta":{"_et_pb_use_builder":"","_et_pb_old_content":"","_et_gb_content_width":"","footnotes":""},"class_list":["post-1191","page","type-page","status-publish","hentry"],"_links":{"self":[{"href":"https:\/\/www.talsoft.com.ar\/site\/wp-json\/wp\/v2\/pages\/1191","targetHints":{"allow":["GET"]}}],"collection":[{"href":"https:\/\/www.talsoft.com.ar\/site\/wp-json\/wp\/v2\/pages"}],"about":[{"href":"https:\/\/www.talsoft.com.ar\/site\/wp-json\/wp\/v2\/types\/page"}],"author":[{"embeddable":true,"href":"https:\/\/www.talsoft.com.ar\/site\/wp-json\/wp\/v2\/users\/3"}],"replies":[{"embeddable":true,"href":"https:\/\/www.talsoft.com.ar\/site\/wp-json\/wp\/v2\/comments?post=1191"}],"version-history":[{"count":11,"href":"https:\/\/www.talsoft.com.ar\/site\/wp-json\/wp\/v2\/pages\/1191\/revisions"}],"predecessor-version":[{"id":3431,"href":"https:\/\/www.talsoft.com.ar\/site\/wp-json\/wp\/v2\/pages\/1191\/revisions\/3431"}],"up":[{"embeddable":true,"href":"https:\/\/www.talsoft.com.ar\/site\/wp-json\/wp\/v2\/pages\/901"}],"wp:attachment":[{"href":"https:\/\/www.talsoft.com.ar\/site\/wp-json\/wp\/v2\/media?parent=1191"}],"curies":[{"name":"wp","href":"https:\/\/api.w.org\/{rel}","templated":true}]}}