
{"id":1122,"date":"2011-01-03T14:55:42","date_gmt":"2011-01-03T17:55:42","guid":{"rendered":"http:\/\/www.talsoft.com.ar\/index.php"},"modified":"2011-01-04T19:14:53","modified_gmt":"2011-01-04T22:14:53","slug":"kiwys-project","status":"publish","type":"page","link":"https:\/\/www.talsoft.com.ar\/site\/es\/research\/kiwys-project\/","title":{"rendered":"KIWYS PROJECT"},"content":{"rendered":"<p style=\"text-align: justify;\">Las Botnets son redes de equipos, normalmente caseros, que fueron infectados y controlados remotamente por un intruso. Esta red semi-aut\u00f3noma de equipos es utilizada para realizar acciones maliciosas de todo tipo.<\/p>\n<p style=\"text-align: justify;\">El grupo se propuso como objetivo el dise\u00f1o de un sistema Antibotnet como hoy tenemos sistemas Antivirus o sistemas Antimalware. Esta idea innovadora es la que creemos vale la pena desarrollar.<\/p>\n<p style=\"text-align: justify;\">El dise\u00f1o principal de la soluci\u00f3n Antibotnet del Proyecto consiste en un Framework para centralizar los resultados de las detecciones realizadas en cada cliente hogare\u00f1o distribuido por el mundo en un grupo de equipos donde se realiza la correlaci\u00f3n de eventos y se aprende de las diferentes Botnets. Con un alto conocimiento de las tendencias actuales (debido a la cantidad de clientes que est\u00e1n conectados) esta correlaci\u00f3n permite alertar las mejores acciones a tomar en todos los clientes que todav\u00eda no est\u00e1n infectados.<\/p>\n<p style=\"text-align: justify;\">De esta forma, los clientes infectados, durante el per\u00edodo que act\u00faan ayudan a conocer las acciones que es conveniente evitar y se disminuye la proporci\u00f3n de clientes que act\u00faan en la Botnet.<\/p>\n<p style=\"text-align: justify;\">El objetivo final del sistema es lograr que las Botnets no sean un recurso \u00fatil para el intruso. Es importante notar que creemos es sumamente dif\u00edcil detectar el malware antes de que infecte el cliente y esa tarea le corresponde a los Antivirus. Nuestra soluci\u00f3n es complementaria en el sentido de que evita las acciones de la Botnet. Si el intruso que maneja la Botnet cree que tiene 10000 equipos infectados, quiz\u00e1 a la hora de realizar un ataque solo 3000 lo hagan, porque el resto fue identificado y evitado por los clientes Antibotnet. De esta forma se busca que las Botnet no sean un recurso \u00fatil para el intruso.<\/p>\n<p style=\"text-align: justify;\">Proyecto iniciado como Grupo de Estudio de Seguridad Inform\u00e1tica en la Universidad FASTA ( http:\/\/www.ufasta.edu.ar ), en Mar del Plata, Buenos Aires, Argentina.<\/p>\n<h3><strong>Recursos<\/strong><\/h3>\n<ul>\n<li><a href=\"http:\/\/www.kiwys.com.ar\/\">Sitio Web<\/a><\/li>\n<li><a href=\"http:\/\/docs.google.com\/a\/talsoft.com.ar\/present\/view?id=dhf2xwsj_19f8tbv2zf\">Presentaci\u00f3n 1<\/a><\/li>\n<li><a href=\"http:\/\/docs.google.com\/present\/view?id=dg4m32rj_27hgqm25rd\">Presentaci\u00f3n 2<\/a><\/li>\n<li><a href=\"http:\/\/www.talsoft.com.ar\/site\/index.php?p=639\">Presentaci\u00f3n Prototipo<\/a><\/li>\n<\/ul>\n<h3>No dude en consultarnos<\/h3>\n<p>Si desea conocer los costos del servicio, cont\u00e1ctese con nosotros por medio de nuestro mail. consultas[at]talsoft.com.ar<\/p>\n","protected":false},"excerpt":{"rendered":"<p>Las Botnets son redes de equipos, normalmente caseros, que fueron infectados y controlados remotamente por un intruso. Esta red semi-aut\u00f3noma de equipos es utilizada para realizar acciones maliciosas de todo tipo. El grupo se propuso como objetivo el dise\u00f1o de un sistema Antibotnet como hoy tenemos sistemas Antivirus o sistemas Antimalware. Esta idea innovadora es [&hellip;]<\/p>\n","protected":false},"author":3,"featured_media":0,"parent":1104,"menu_order":0,"comment_status":"closed","ping_status":"closed","template":"","meta":{"_et_pb_use_builder":"","_et_pb_old_content":"","_et_gb_content_width":"","footnotes":""},"class_list":["post-1122","page","type-page","status-publish","hentry"],"_links":{"self":[{"href":"https:\/\/www.talsoft.com.ar\/site\/wp-json\/wp\/v2\/pages\/1122","targetHints":{"allow":["GET"]}}],"collection":[{"href":"https:\/\/www.talsoft.com.ar\/site\/wp-json\/wp\/v2\/pages"}],"about":[{"href":"https:\/\/www.talsoft.com.ar\/site\/wp-json\/wp\/v2\/types\/page"}],"author":[{"embeddable":true,"href":"https:\/\/www.talsoft.com.ar\/site\/wp-json\/wp\/v2\/users\/3"}],"replies":[{"embeddable":true,"href":"https:\/\/www.talsoft.com.ar\/site\/wp-json\/wp\/v2\/comments?post=1122"}],"version-history":[{"count":8,"href":"https:\/\/www.talsoft.com.ar\/site\/wp-json\/wp\/v2\/pages\/1122\/revisions"}],"predecessor-version":[{"id":1179,"href":"https:\/\/www.talsoft.com.ar\/site\/wp-json\/wp\/v2\/pages\/1122\/revisions\/1179"}],"up":[{"embeddable":true,"href":"https:\/\/www.talsoft.com.ar\/site\/wp-json\/wp\/v2\/pages\/1104"}],"wp:attachment":[{"href":"https:\/\/www.talsoft.com.ar\/site\/wp-json\/wp\/v2\/media?parent=1122"}],"curies":[{"name":"wp","href":"https:\/\/api.w.org\/{rel}","templated":true}]}}