
{"id":1108,"date":"2011-01-03T14:15:10","date_gmt":"2011-01-03T17:15:10","guid":{"rendered":"http:\/\/www.talsoft.com.ar\/index.php"},"modified":"2018-10-04T16:50:47","modified_gmt":"2018-10-04T19:50:47","slug":"cursos-y-capacitacion","status":"publish","type":"page","link":"https:\/\/www.talsoft.com.ar\/site\/es\/servicios\/cursos-y-capacitacion\/","title":{"rendered":"Capacitaci\u00f3n"},"content":{"rendered":"<p><img loading=\"lazy\" decoding=\"async\" class=\"size-full wp-image-3867 aligncenter\" src=\"https:\/\/www.talsoft.com.ar\/site\/wp-content\/uploads\/2017\/05\/C_aWY7vXkAE7Ijj.jpglarge.jpeg\" alt=\"\" width=\"531\" height=\"233\" srcset=\"https:\/\/www.talsoft.com.ar\/site\/wp-content\/uploads\/2017\/05\/C_aWY7vXkAE7Ijj.jpglarge.jpeg 531w, https:\/\/www.talsoft.com.ar\/site\/wp-content\/uploads\/2017\/05\/C_aWY7vXkAE7Ijj.jpglarge-300x132.jpeg 300w, https:\/\/www.talsoft.com.ar\/site\/wp-content\/uploads\/2017\/05\/C_aWY7vXkAE7Ijj.jpglarge-400x176.jpeg 400w, https:\/\/www.talsoft.com.ar\/site\/wp-content\/uploads\/2017\/05\/C_aWY7vXkAE7Ijj.jpglarge-260x114.jpeg 260w\" sizes=\"auto, (max-width: 531px) 100vw, 531px\" \/><\/p>\n<p>[tw_callout callout_style=\u00bbstyle_1&#8243; callout_description=\u00bb\u00bb btn_text=\u00bbInfo\u00bb btn_icon=\u00bb\u00bb btn_color=\u00bb \u00bb btn_url=\u00bbhttps:\/\/learn.talsoft.com.ar\/\u00bb btn_target=\u00bb_self\u00bb]Curso de OWASP Top Ten en aplicaciones web[\/tw_callout]<\/p>\n<p>[tw_divider type=\u00bbspace\u00bb height=\u00bb20&#8243;]<\/p>\n<p>[tw_callout callout_style=\u00bbstyle_1&#8243; callout_description=\u00bb\u00bb btn_text=\u00bbInfo\u00bb btn_icon=\u00bb\u00bb btn_color=\u00bb \u00bb btn_url=\u00bbhttps:\/\/learn.talsoft.com.ar\/\u00bb btn_target=\u00bb_self\u00bb]Curso de OWASP Top Ten en aplicaciones m\u00f3viles[\/tw_callout]<\/p>\n<p>[tw_divider type=\u00bbspace\u00bb height=\u00bb20&#8243;]<\/p>\n<p>[tw_callout callout_style=\u00bbstyle_1&#8243; callout_description=\u00bb\u00bb btn_text=\u00bbInfo\u00bb btn_icon=\u00bb\u00bb btn_color=\u00bb \u00bb btn_url=\u00bbhttps:\/\/learn.talsoft.com.ar\/\u00bb btn_target=\u00bb_self\u00bb]Curso de Seguridad Inform\u00e1tica en la empresa[\/tw_callout]<\/p>\n<p>[tw_divider type=\u00bbspace\u00bb height=\u00bb20&#8243;]<\/p>\n<p>[tw_callout callout_style=\u00bbstyle_1&#8243; callout_description=\u00bb\u00bb btn_text=\u00bbInfo\u00bb btn_icon=\u00bb\u00bb btn_color=\u00bb \u00bb btn_url=\u00bbhttps:\/\/learn.talsoft.com.ar\/\u00bb btn_target=\u00bb_self\u00bb]Charla de Concientizaci\u00f3n en Seguridad Inform\u00e1tica.[\/tw_callout]<\/p>\n<p>[tw_divider type=\u00bbspace\u00bb height=\u00bb20&#8243;]<\/p>\n<p>[tw_callout callout_style=\u00bbstyle_1&#8243; callout_description=\u00bb\u00bb btn_text=\u00bbInfo\u00bb btn_icon=\u00bb\u00bb btn_color=\u00bb \u00bb btn_url=\u00bbhttps:\/\/www.talsoft.com.ar\/site\/obtener-una-cotizacion\/\u00bb btn_target=\u00bb_self\u00bb]Cons\u00faltenos por charlas \/ cursos personalizadaos.[\/tw_callout]<\/p>\n<p>&nbsp;<\/p>\n<h2>Bit\u00e1cora de eventos<\/h2>\n<p><strong>20\/04\/2018<\/strong>: <a href=\"https:\/\/www.owasp.org\/index.php\/LatamTour2018#tab=ARGENTINA__28PATAGONIA_29\"><strong>Owasp Latam Tour 2018 Patagonia<\/strong><\/a> \u00abInseguridad en alarmas para veh\u00edculos\u00bb &#8211; Detalle: <a href=\"https:\/\/www.owasp.org\/index.php\/LatamTour2018#tab=ARGENTINA__28PATAGONIA_29\">Aqu\u00ed<\/a><\/p>\n<p><strong>Youtube <\/strong>&#8211; \u00abVisita nuestro canal de Youtube\u00bb &#8211; Detalle: <a href=\"https:\/\/www.youtube.com\/channel\/UCnO026Qq-DHx3yHjL6jTO9g\">Aqu\u00ed<\/a><\/p>\n<p><strong>17\/03\/2018<\/strong>: \u00abNota en Radio Mix 89.9 FM sobre ataques cibern\u00e9ticos a sistemas cr\u00edticos y otros temas\u00bb- Detalle: <a href=\"https:\/\/www.youtube.com\/watch?v=c3urYaw_2rs\">Aqu\u00ed<\/a><\/p>\n<p><strong>06\/03\/2018<\/strong>: \u00abNota sobre Ciberseguridad y Amenazas Empresariales &#8211; Programa Tv Pol\u00edtica y Producci\u00f3n\u00bb &#8211; Detalle: <a href=\"https:\/\/www.youtube.com\/watch?v=N7a-phq4w8M&amp;t=204s\">Aqu\u00ed<\/a><\/p>\n<p><strong>18\/11\/2017:\u00a0\u00a0<\/strong><strong><a href=\"http:\/\/www.mercadosyempresas.tv\/\">Mercadoyempresas.tv<\/a> <\/strong>&#8211; \u00abFraudes Online y recomendaciones en Ecommerce\u00bb &#8211; Detalle: <a href=\"https:\/\/www.youtube.com\/watch?v=B1yC86Slu7A\">Aqu\u00ed<\/a><\/p>\n<p><strong>29\/09\/2017:\u00a0\u00a0<\/strong><strong><a href=\"https:\/\/www.ekoparty.org\/\">EKOPARTY 2017 #EKO13<\/a> <\/strong>&#8211; \u00abInseguridad en alarmas para veh\u00edculos\u00bb &#8211; Detalle: <a href=\"https:\/\/www.ekoparty.org\/charla.php?id=673\">Aqu\u00ed<\/a><\/p>\n<p><strong>08\/07\/2017:\u00a0\u00a0<\/strong><strong><a href=\"http:\/\/www.mercadosyempresas.tv\/\">Mercadoyempresas.tv<\/a> <\/strong>&#8211; \u00abCiberataques\u00bb &#8211; Detalle: Aqu\u00ed<\/p>\n<p><strong>19\/05\/2017:\u00a0 TV UCIP<\/strong> &#8211; \u00abPol\u00edtica y Producci\u00f3n\u00bb\u00a0 &#8211; Detalle <a href=\"https:\/\/youtu.be\/CdLgPj--Abs\">Aqu\u00ed <\/a><\/p>\n<p><strong>01\/12\/2016:<\/strong>\u00a0 <strong><a href=\"https:\/\/www.facebook.com\/jefeba\/\">JEFEBA<\/a> &#8211; <\/strong>\u201cFinalistas JEFEBA 2016\u201d &#8211; Detalle: <a href=\"http:\/\/www.talsoft.com.ar\/site\/finalistas-jefeba-2016\/\">Aqu\u00ed<\/a><\/p>\n<p><strong>19\/10\/2016:<\/strong>\u00a0 <strong><a href=\"http:\/\/frecuenciaemprender.com.ar\/\">Frecuencia Emprender<\/a> &#8211; <\/strong>\u201cEntrevista en Bien Tic\u201d &#8211; Detalle: <a href=\"https:\/\/www.youtube.com\/watch?v=GCvuC55kAMw\">Aqu\u00ed<\/a><\/p>\n<p><strong>17\/09\/2016:<\/strong>\u00a0 <strong><a href=\"https:\/\/www.facebook.com\/mdpemprende\/\">MDP EMPRENDE<\/a> &#8211; <\/strong>\u201cVivir la Seguridad Inform\u00e1tica\u201d &#8211; Detalle: <a href=\"https:\/\/www.youtube.com\/playlist?list=PLx7kmrOMxSji-tBnchuzI8XkKmgomgN7b\">Aqu\u00ed<\/a><\/p>\n<p><strong>24\/06\/2016:<\/strong>\u00a0 <strong><a href=\"http:\/\/www.pwnconf.org\/\">pwnTalks<\/a> &#8211; <\/strong>\u201cCloud Computing for n00bs + IT Security PCI-DSS\u201d &#8211; Detalle: <a href=\"http:\/\/www.meetup.com\/es-ES\/pwnbeers\/events\/231897777\/\">Aqu\u00ed<\/a><\/p>\n<p><strong>05\/05\/2016:<\/strong>\u00a0 <strong><a href=\"http:\/\/www.canal10mardelplata.tv\/\">Canal10MDQ<\/a> &#8211; <\/strong>\u201cContrase\u00f1as: Tips y recomendaciones\u201d &#8211; Detalle: <a href=\"http:\/\/www.talsoft.com.ar\/site\/contrasenas-tips-y-recomendaciones\/\">Aqu\u00ed<\/a><\/p>\n<p><strong>11\/02\/2016:<\/strong>\u00a0 <strong><a href=\"http:\/\/www.mardelplatait.org\/\">ATICMADAY<\/a> &#8211; <\/strong>\u201cBUSINESS EDITION\u201d &#8211; Detalle: <a href=\"http:\/\/www.talsoft.com.ar\/site\/aticmaday-bussines-edition\/\">Aqu\u00ed<\/a><\/p>\n<p><strong>05\/11\/2015:<\/strong>\u00a0 <strong><a href=\"http:\/\/www.mardelplatait.org\/\">MarDelPlataIT<\/a> &#8211; Workshop &#8211;<\/strong>\u201cHackeando al piojo de la empresa\u201d &#8211; Detalle: <a href=\"http:\/\/www.talsoft.com.ar\/site\/workshop-hackeando-al-piojo-de-la-empresa\/\">Aqu\u00ed<\/a><\/p>\n<p><strong>11\/07\/2015<\/strong>:\u00a0<strong><a href=\"http:\/\/www.mercadosyempresas.tv\/\">Mercadoyempresas.tv<\/a> <\/strong>&#8211; Entrevista 2da parte &#8211; Detalle: <a title=\"Entrevista 2da parte MercadosyEmpresas.tv\" href=\"http:\/\/www.talsoft.com.ar\/site\/entrevista-2da-parte-mercadosyempresas-tv\/\">Aqu\u00ed<\/a><\/p>\n<p><strong>04\/07\/2015<\/strong>:\u00a0<strong><a href=\"http:\/\/www.mercadosyempresas.tv\/\">Mercadoyempresas.tv<\/a> <\/strong>&#8211; Entrevista 1ra parte &#8211; Detalle: <a title=\"Entrevista 1ra Parte \u2013 Mercadoyempresas.tv\" href=\"http:\/\/www.talsoft.com.ar\/site\/entrevista-1ra-parte-mercadoyempresas-tv\/\">Aqu\u00ed<\/a><\/p>\n<p><strong>29\/11\/2014: <a href=\"http:\/\/barcampmdq.com.ar\/\">BarcampMDQ<\/a><\/strong> &#8211; Detalle: <a href=\"http:\/\/barcampmdq.com.ar\/\">Aqu\u00ed<\/a><\/p>\n<p><strong>25\/11\/2014: CPCIBA<\/strong> &#8211; \u00ab<span class=\"speaker-name\">Explotando Vulnerabilidades en aplicaciones web &#8211; Detalle: <a title=\"CPCIBA \u2013 Explotando Vulnerabilidades en aplicaciones web\" href=\"http:\/\/www.talsoft.com.ar\/site\/cpciba-explotando-vulnerabilidades-en-aplicaciones-web\/\">Aqu\u00ed<\/a><\/span><\/p>\n<p><strong>23\/11\/2014: <a href=\"http:\/\/www.pwnconf.org\">PwnConf<\/a><\/strong> &#8211; \u00ab<span class=\"speaker-name\">Privacidad en Internet de la mano de EnigmaGPG\u00bb &#8211; Detalle: <a title=\"PwnConf \u2013 \u201cPrivacidad en Internet de la mano de EnigmaGPG\u201d\" href=\"http:\/\/www.talsoft.com.ar\/site\/pwnconf-privacidad-en-internet-de-la-mano-de-enigmagpg\/\">Aqu\u00ed<\/a><\/span><\/p>\n<p><strong>26\/02\/2014:<\/strong>\u00a0 <strong>SUMA &#8211;\u00a0Workshop<\/strong>\u00a0\u2013 \u201cComo protegerse del gran hermano\u201d &#8211; Detalle: <a title=\"SUMA \u2013 Workshop \u2013 \u201cComo protegerse del gran hermano\u201d\" href=\"http:\/\/www.talsoft.com.ar\/site\/suma-workshop-como-protegerse-del-gran-hermano\/\">Aqu\u00ed <\/a><\/p>\n<p><strong>20\/02\/2014:<\/strong>\u00a0 <strong><a href=\"http:\/\/www.mardelplatait.org\/\">MarDelPlataIT<\/a> &#8211; <\/strong>\u201cKick Off \u2013 INTRODUCCI\u00d3N A VULNERABILIDADES EN APLICACIONES WEB\u201d &#8211; Detalle:<a title=\"MarDelPlataIT \u2013 \u201cINTRODUCCI\u00d3N A VULNERABILIDADES EN APLICACIONES WEB\u201d\" href=\"http:\/\/www.talsoft.com.ar\/site\/mardelplatait-introduccion-vulnerabilidades-en-aplicaciones-web\/\"> Aqu\u00ed<\/a><\/p>\n<p><strong>17\/04\/2013:<\/strong>\u00a0\u00a0<strong>Suma Conectivo &#8211;\u00a0Workshop<\/strong>\u00a0\u2013 \u201cKick Off \u2013 Seguridad en aplicaciones web\u201d &#8211; Detalle: <a title=\"Suma Conectivo \u2013 Workshop \u2013 \u201cKick Off \u2013 Seguridad en aplicaciones web\u201d\" href=\"http:\/\/www.talsoft.com.ar\/site\/suma-conectivo-workshop-kick-seguridad-en-aplicaciones-web\/\">Aqu\u00ed <\/a><\/p>\n<p><strong>23\/02\/2013:<\/strong>\u00a0\u00a0<strong>Suma Conectivo &#8211; Barcamp<\/strong> \u2013 \u201cLa Amenaza Fantasma m\u00f3vil\u201d &#8211; Detalle: <a title=\"Suma Conectivo \u2013 Barcamp \u2013 \u201cLa Amenaza Fantasma m\u00f3vil\u201d\" href=\"http:\/\/www.talsoft.com.ar\/site\/suma-conectivo-barcamp-la-amenaza-fantasma-movil\/\">Aqu\u00ed <\/a><\/p>\n<p><strong>02\/11\/2012: \u00a0Apertura Digital 2012<\/strong>\u00a0&#8211; \u00abSeguridad inform\u00e1tica en el\u00a0d\u00eda\u00a0a\u00a0d\u00eda\u00a0digital\u00bb &#8211; Detalle: <a title=\"Apertura Digital 2012 \u2013 \u201cSeguridad inform\u00e1tica en el d\u00eda a d\u00eda digital\u201d\" href=\"http:\/\/www.talsoft.com.ar\/site\/apertura-digital-2012-seguridad-informatica-en-el-dia-dia-digital\/\">Aqu\u00ed <\/a><\/p>\n<p><strong>19\/08\/2011:\u00a0 MDQDevConf<\/strong>\u00a0 &#8211; \u00abEl negocio, el software y la seguridad inform\u00e1tica\u00bb &#8211; Detalle: <a title=\"Evento MDQDevConf \u201cEl negocio, el software y la seguridad inform\u00e1tica\u201d\" href=\"http:\/\/www.talsoft.com.ar\/site\/evento-mdqdevconf-el-negocio-el-software-y-la-seguridad-informatica\/\">Aqu\u00ed <\/a><\/p>\n<p><strong>12\/08\/2011:\u00a0 GBConsulting<\/strong> &#8211; \u00abConcientizando en Seguridad Inform\u00e1tica &#8211; Desarrollamos software seguro\u00bb &#8211; Detalle: <a title=\"Concientizando en Seguridad Inform\u00e1tica \u2013 Desarrollamos software seguro\" href=\"http:\/\/www.talsoft.com.ar\/site\/concientizando-en-seguridad-informatica-desarrollamos-software-seguro\/\">Aqu\u00ed <\/a><\/p>\n<p>&nbsp;<\/p>\n","protected":false},"excerpt":{"rendered":"<p>[tw_callout callout_style=\u00bbstyle_1&#8243; callout_description=\u00bb\u00bb btn_text=\u00bbInfo\u00bb btn_icon=\u00bb\u00bb btn_color=\u00bb \u00bb btn_url=\u00bbhttps:\/\/learn.talsoft.com.ar\/\u00bb btn_target=\u00bb_self\u00bb]Curso de OWASP Top Ten en aplicaciones web[\/tw_callout] [tw_divider type=\u00bbspace\u00bb height=\u00bb20&#8243;] [tw_callout callout_style=\u00bbstyle_1&#8243; callout_description=\u00bb\u00bb btn_text=\u00bbInfo\u00bb btn_icon=\u00bb\u00bb btn_color=\u00bb \u00bb btn_url=\u00bbhttps:\/\/learn.talsoft.com.ar\/\u00bb btn_target=\u00bb_self\u00bb]Curso de OWASP Top Ten en aplicaciones m\u00f3viles[\/tw_callout] [tw_divider type=\u00bbspace\u00bb height=\u00bb20&#8243;] [tw_callout callout_style=\u00bbstyle_1&#8243; callout_description=\u00bb\u00bb btn_text=\u00bbInfo\u00bb btn_icon=\u00bb\u00bb btn_color=\u00bb \u00bb btn_url=\u00bbhttps:\/\/learn.talsoft.com.ar\/\u00bb btn_target=\u00bb_self\u00bb]Curso de Seguridad Inform\u00e1tica en la empresa[\/tw_callout] [tw_divider type=\u00bbspace\u00bb [&hellip;]<\/p>\n","protected":false},"author":3,"featured_media":0,"parent":901,"menu_order":3,"comment_status":"closed","ping_status":"closed","template":"","meta":{"_et_pb_use_builder":"","_et_pb_old_content":"","_et_gb_content_width":"","footnotes":""},"class_list":["post-1108","page","type-page","status-publish","hentry"],"_links":{"self":[{"href":"https:\/\/www.talsoft.com.ar\/site\/wp-json\/wp\/v2\/pages\/1108","targetHints":{"allow":["GET"]}}],"collection":[{"href":"https:\/\/www.talsoft.com.ar\/site\/wp-json\/wp\/v2\/pages"}],"about":[{"href":"https:\/\/www.talsoft.com.ar\/site\/wp-json\/wp\/v2\/types\/page"}],"author":[{"embeddable":true,"href":"https:\/\/www.talsoft.com.ar\/site\/wp-json\/wp\/v2\/users\/3"}],"replies":[{"embeddable":true,"href":"https:\/\/www.talsoft.com.ar\/site\/wp-json\/wp\/v2\/comments?post=1108"}],"version-history":[{"count":70,"href":"https:\/\/www.talsoft.com.ar\/site\/wp-json\/wp\/v2\/pages\/1108\/revisions"}],"predecessor-version":[{"id":4873,"href":"https:\/\/www.talsoft.com.ar\/site\/wp-json\/wp\/v2\/pages\/1108\/revisions\/4873"}],"up":[{"embeddable":true,"href":"https:\/\/www.talsoft.com.ar\/site\/wp-json\/wp\/v2\/pages\/901"}],"wp:attachment":[{"href":"https:\/\/www.talsoft.com.ar\/site\/wp-json\/wp\/v2\/media?parent=1108"}],"curies":[{"name":"wp","href":"https:\/\/api.w.org\/{rel}","templated":true}]}}