
{"id":1104,"date":"2011-01-03T14:13:14","date_gmt":"2011-01-03T17:13:14","guid":{"rendered":"http:\/\/www.talsoft.com.ar\/index.php"},"modified":"2014-02-18T13:59:47","modified_gmt":"2014-02-18T16:59:47","slug":"research","status":"publish","type":"page","link":"https:\/\/www.talsoft.com.ar\/site\/es\/research\/","title":{"rendered":"Research"},"content":{"rendered":"<h3>Security Advisories<\/h3>\n<ul>\n<li><a title=\"Security Advisories\" href=\"http:\/\/www.talsoft.com.ar\/site\/research\/security-advisories\/\"><strong>Security Advisories<\/strong><\/a><\/li>\n<\/ul>\n<h3>Proyecto de investigaci\u00f3n mantenidos por Talsoft TS<\/h3>\n<ul>\n<li><strong>SSH-SNIFFER<\/strong>: Detecci\u00f3n de sesiones interactivas en SSH. M\u00e1s Informaci\u00f3n <a title=\"SSH-Sniffer\" href=\"http:\/\/www.talsoft.com.ar\/site\/research\/tools\/ssh-sniffer\/\">Aqu\u00ed<\/a><\/li>\n<li><strong>KIWYS PROJECT<\/strong>: Detecci\u00f3n de Botnets . M\u00e1s Informaci\u00f3n <a title=\"KIWYS PROJECT\" href=\"http:\/\/www.talsoft.com.ar\/site\/research\/kiwys-project\/\">Aqu\u00ed<\/a><\/li>\n<\/ul>\n<h3>No dude en consultarnos<\/h3>\n<p>Si desea conocer los costos del servicio, cont\u00e1ctese con nosotros por medio de nuestro mail. consultas[at]talsoft.com.ar<\/p>\n","protected":false},"excerpt":{"rendered":"<p>Security Advisories Security Advisories Proyecto de investigaci\u00f3n mantenidos por Talsoft TS SSH-SNIFFER: Detecci\u00f3n de sesiones interactivas en SSH. M\u00e1s Informaci\u00f3n Aqu\u00ed KIWYS PROJECT: Detecci\u00f3n de Botnets . M\u00e1s Informaci\u00f3n Aqu\u00ed No dude en consultarnos Si desea conocer los costos del servicio, cont\u00e1ctese con nosotros por medio de nuestro mail. consultas[at]talsoft.com.ar<\/p>\n","protected":false},"author":3,"featured_media":0,"parent":0,"menu_order":2,"comment_status":"closed","ping_status":"closed","template":"","meta":{"_et_pb_use_builder":"","_et_pb_old_content":"","_et_gb_content_width":"","footnotes":""},"class_list":["post-1104","page","type-page","status-publish","hentry"],"_links":{"self":[{"href":"https:\/\/www.talsoft.com.ar\/site\/wp-json\/wp\/v2\/pages\/1104","targetHints":{"allow":["GET"]}}],"collection":[{"href":"https:\/\/www.talsoft.com.ar\/site\/wp-json\/wp\/v2\/pages"}],"about":[{"href":"https:\/\/www.talsoft.com.ar\/site\/wp-json\/wp\/v2\/types\/page"}],"author":[{"embeddable":true,"href":"https:\/\/www.talsoft.com.ar\/site\/wp-json\/wp\/v2\/users\/3"}],"replies":[{"embeddable":true,"href":"https:\/\/www.talsoft.com.ar\/site\/wp-json\/wp\/v2\/comments?post=1104"}],"version-history":[{"count":20,"href":"https:\/\/www.talsoft.com.ar\/site\/wp-json\/wp\/v2\/pages\/1104\/revisions"}],"predecessor-version":[{"id":2356,"href":"https:\/\/www.talsoft.com.ar\/site\/wp-json\/wp\/v2\/pages\/1104\/revisions\/2356"}],"wp:attachment":[{"href":"https:\/\/www.talsoft.com.ar\/site\/wp-json\/wp\/v2\/media?parent=1104"}],"curies":[{"name":"wp","href":"https:\/\/api.w.org\/{rel}","templated":true}]}}