
{"id":1049,"date":"2011-01-03T13:26:51","date_gmt":"2011-01-03T16:26:51","guid":{"rendered":"http:\/\/www.talsoft.com.ar\/index.php"},"modified":"2025-11-14T18:51:21","modified_gmt":"2025-11-14T21:51:21","slug":"testeo-de-seguridad-informatica","status":"publish","type":"page","link":"https:\/\/www.talsoft.com.ar\/site\/es\/servicios\/seguridad-informatica\/testeo-de-seguridad-informatica\/","title":{"rendered":"Hacking \u00c9tico para Empresas"},"content":{"rendered":"[et_pb_section fb_built=\u00bb1&#8243; fullwidth=\u00bbon\u00bb _builder_version=\u00bb4.16&#8243; _module_preset=\u00bbdefault\u00bb global_colors_info=\u00bb{}\u00bb][et_pb_fullwidth_post_title meta=\u00bboff\u00bb featured_image=\u00bboff\u00bb _builder_version=\u00bb4.16&#8243; _module_preset=\u00bbdefault\u00bb global_colors_info=\u00bb{}\u00bb][\/et_pb_fullwidth_post_title][\/et_pb_section][et_pb_section fb_built=\u00bb1&#8243; admin_label=\u00bbsection\u00bb _builder_version=\u00bb4.16&#8243; collapsed=\u00bboff\u00bb global_colors_info=\u00bb{}\u00bb][et_pb_row admin_label=\u00bbrow\u00bb _builder_version=\u00bb4.16&#8243; background_size=\u00bbinitial\u00bb background_position=\u00bbtop_left\u00bb background_repeat=\u00bbrepeat\u00bb global_colors_info=\u00bb{}\u00bb][et_pb_column type=\u00bb4_4&#8243; _builder_version=\u00bb4.16&#8243; custom_padding=\u00bb|||\u00bb global_colors_info=\u00bb{}\u00bb custom_padding__hover=\u00bb|||\u00bb][et_pb_video_slider _builder_version=\u00bb4.16&#8243; _module_preset=\u00bbdefault\u00bb min_height=\u00bb487px\u00bb border_radii=\u00bbon|10px|10px|10px|10px\u00bb global_colors_info=\u00bb{}\u00bb][et_pb_video_slider_item src=\u00bbhttps:\/\/www.youtube.com\/watch?v=Jw8C8NNHCbo\u00bb _builder_version=\u00bb4.5.6&#8243; _module_preset=\u00bbdefault\u00bb global_colors_info=\u00bb{}\u00bb show_image_overlay=\u00bboff\u00bb][\/et_pb_video_slider_item][et_pb_video_slider_item src=\u00bbhttps:\/\/youtu.be\/EcG_b4Pl-kY\u00bb _builder_version=\u00bb4.5.6&#8243; _module_preset=\u00bbdefault\u00bb global_colors_info=\u00bb{}\u00bb show_image_overlay=\u00bboff\u00bb][\/et_pb_video_slider_item][et_pb_video_slider_item src=\u00bbhttps:\/\/youtu.be\/wQXvIAKtdxo\u00bb _builder_version=\u00bb4.5.6&#8243; _module_preset=\u00bbdefault\u00bb global_colors_info=\u00bb{}\u00bb show_image_overlay=\u00bboff\u00bb][\/et_pb_video_slider_item][et_pb_video_slider_item src=\u00bbhttps:\/\/youtu.be\/0WQlUKbuXP4&#8243; _builder_version=\u00bb4.5.6&#8243; _module_preset=\u00bbdefault\u00bb global_colors_info=\u00bb{}\u00bb show_image_overlay=\u00bboff\u00bb][\/et_pb_video_slider_item][\/et_pb_video_slider][et_pb_text admin_label=\u00bbText\u00bb _builder_version=\u00bb4.16&#8243; background_size=\u00bbinitial\u00bb background_position=\u00bbtop_left\u00bb background_repeat=\u00bbrepeat\u00bb custom_margin=\u00bb||-138px|||\u00bb custom_padding=\u00bb||85px|||\u00bb global_colors_info=\u00bb{}\u00bb]<p><\/p>\n<figure class=\"wp-block-embed-youtube wp-block-embed is-type-video is-provider-youtube wp-embed-aspect-16-9 wp-has-aspect-ratio\">\n<div class=\"wp-block-embed__wrapper\"><\/div>\n<\/figure>\n<p><\/p>\n<p>Un proyecto de<strong> Hacking \u00c9tico<\/strong> consiste en una auditor\u00eda de seguridad\u00a0controlada en los sistemas inform\u00e1ticos de una empresa, de <em><strong>la misma forma que lo har\u00eda un intruso o pirata inform\u00e1tico pero de forma \u00e9tica, previa autorizaci\u00f3n de un convenio de confidencialidad por escrito<\/strong><\/em>. El resultado es un informe donde se identifican los sistemas en los que se ha logrado penetrar y la informaci\u00f3n confidencial y\/o secreta conseguida. <strong>E<em>ste servicio tambi\u00e9n puede utilizarse para garantizar el cumplimiento de PCI DSS<\/em>.<\/strong><\/p>\n<p><\/p>\n<p>Comprende un conjunto de <strong><em>metodolog\u00edas y t\u00e9cnicas para realizar un diagn\u00f3stico integral de las debilidades de los sistemas inform\u00e1ticos de la organizaci\u00f3n<\/em>.<\/strong> Consiste en un modelo que reproduce intentos de acceso a cualquier entorno inform\u00e1tico de un intruso potencial desde los diferentes puntos de entrada que existan, tanto internos como remotos. Detectando las debilidades de la organizaci\u00f3n antes de que se produzcan los ingresos indebidos de intrusos.<\/p>\n<p><\/p>\n<p style=\"text-align: center;\"><\/p>\n<h2><\/h2>\n<h2><\/h2>[\/et_pb_text][\/et_pb_column][\/et_pb_row][et_pb_row admin_label=\u00bbTitulo Beneficios\u00bb _builder_version=\u00bb4.16&#8243; _module_preset=\u00bbdefault\u00bb global_colors_info=\u00bb{}\u00bb][et_pb_column type=\u00bb4_4&#8243; _builder_version=\u00bb4.16&#8243; _module_preset=\u00bbdefault\u00bb global_colors_info=\u00bb{}\u00bb][et_pb_text _builder_version=\u00bb4.16&#8243; _module_preset=\u00bbdefault\u00bb global_colors_info=\u00bb{}\u00bb]<h2 style=\"text-align: left;\">Beneficios para su empresa<\/h2>[\/et_pb_text][\/et_pb_column][\/et_pb_row][et_pb_row column_structure=\u00bb1_3,1_3,1_3&#8243; admin_label=\u00bbBeneficios\u00bb _builder_version=\u00bb4.16&#8243; custom_margin=\u00bb-8vw||||false\u00bb custom_padding=\u00bb300px||0px|||\u00bb global_colors_info=\u00bb{}\u00bb][et_pb_column type=\u00bb1_3&#8243; _builder_version=\u00bb4.16&#8243; global_colors_info=\u00bb{}\u00bb][et_pb_blurb title=\u00bbDetecci\u00f3n temprana de Vulnerabilidades\u00bb image=\u00bbhttps:\/\/www.talsoft.com.ar\/site\/wp-content\/uploads\/2020\/08\/beneficios_icon1.png\u00bb image_icon_width=\u00bb30%\u00bb _builder_version=\u00bb4.16&#8243; header_font=\u00bbOverpass|900|||||||\u00bb header_line_height=\u00bb1.4em\u00bb body_font=\u00bbOverpass|300|||||||\u00bb body_line_height=\u00bb1.8em\u00bb text_orientation=\u00bbcenter\u00bb image_max_width=\u00bb30%\u00bb global_colors_info=\u00bb{}\u00bb]<p>Nuestra metodolog\u00eda nos permite auditar per\u00edodicamente su negocio para encontras vulnerabilidades.<\/p>[\/et_pb_blurb][\/et_pb_column][et_pb_column type=\u00bb1_3&#8243; _builder_version=\u00bb4.16&#8243; transform_scale_tablet=\u00bb\u00bb transform_scale_phone=\u00bb\u00bb transform_scale_last_edited=\u00bbon|desktop\u00bb transform_translate=\u00bb0px|-94px\u00bb transform_translate_tablet=\u00bb0px|0px\u00bb transform_translate_phone=\u00bb\u00bb transform_translate_last_edited=\u00bbon|desktop\u00bb transform_translate_linked=\u00bboff\u00bb transform_rotate_tablet=\u00bb\u00bb transform_rotate_phone=\u00bb\u00bb transform_rotate_last_edited=\u00bbon|desktop\u00bb transform_skew_tablet=\u00bb\u00bb transform_skew_phone=\u00bb\u00bb transform_skew_last_edited=\u00bbon|desktop\u00bb transform_origin_tablet=\u00bb\u00bb transform_origin_phone=\u00bb\u00bb transform_origin_last_edited=\u00bbon|desktop\u00bb transform_styles_last_edited=\u00bbon|desktop\u00bb transform_styles_tablet=\u00bb\u00bb transform_styles_phone=\u00bb\u00bb global_colors_info=\u00bb{}\u00bb][et_pb_blurb title=\u00bbAuditor\u00eda dentro del desarrollo de software\u00bb image=\u00bbhttps:\/\/www.talsoft.com.ar\/site\/wp-content\/uploads\/2020\/08\/beneficios_icon2.png\u00bb image_icon_width=\u00bb30%\u00bb _builder_version=\u00bb4.16&#8243; header_font=\u00bbOverpass|900|||||||\u00bb header_line_height=\u00bb1.4em\u00bb body_font=\u00bbOverpass|300|||||||\u00bb body_line_height=\u00bb1.8em\u00bb text_orientation=\u00bbcenter\u00bb image_max_width=\u00bb30%\u00bb locked=\u00bboff\u00bb global_colors_info=\u00bb{}\u00bb]<p>Auditamos sistemas durante el ciclo de vida del software, que permite encontrar vulnerabilidades en fases tempranas del desarrollo.<\/p>[\/et_pb_blurb][et_pb_blurb title=\u00bbMaximize sus ganancias y minimize sus p\u00e9rdidas de dinero.\u00bb image=\u00bbhttps:\/\/www.talsoft.com.ar\/site\/wp-content\/uploads\/2020\/08\/beneficios_icon5.png\u00bb image_icon_width=\u00bb30%\u00bb _builder_version=\u00bb4.16&#8243; header_font=\u00bbOverpass|900|||||||\u00bb header_line_height=\u00bb1.4em\u00bb body_font=\u00bbOverpass|300|||||||\u00bb body_line_height=\u00bb1.8em\u00bb text_orientation=\u00bbcenter\u00bb image_max_width=\u00bb30%\u00bb locked=\u00bboff\u00bb global_colors_info=\u00bb{}\u00bb]<p>Los principales consecuencias para tu negocio ante un ataque inform\u00e1tico, ocasiona p\u00e9rdida de dinero, robo de informaci\u00f3n, da\u00f1o de imagen \/ reputaci\u00f3n, problemas legales.<\/p>[\/et_pb_blurb][\/et_pb_column][et_pb_column type=\u00bb1_3&#8243; _builder_version=\u00bb4.16&#8243; transform_scale_tablet=\u00bb\u00bb transform_scale_phone=\u00bb\u00bb transform_scale_last_edited=\u00bbon|desktop\u00bb transform_translate=\u00bb0px|-188px\u00bb transform_translate_tablet=\u00bb0px|0px\u00bb transform_translate_phone=\u00bb\u00bb transform_translate_last_edited=\u00bbon|desktop\u00bb transform_translate_linked=\u00bboff\u00bb transform_rotate_tablet=\u00bb\u00bb transform_rotate_phone=\u00bb\u00bb transform_rotate_last_edited=\u00bbon|desktop\u00bb transform_skew_tablet=\u00bb\u00bb transform_skew_phone=\u00bb\u00bb transform_skew_last_edited=\u00bbon|desktop\u00bb transform_origin_tablet=\u00bb\u00bb transform_origin_phone=\u00bb\u00bb transform_origin_last_edited=\u00bbon|desktop\u00bb transform_styles_last_edited=\u00bbon|desktop\u00bb transform_styles_tablet=\u00bb\u00bb transform_styles_phone=\u00bb\u00bb global_colors_info=\u00bb{}\u00bb][et_pb_blurb title=\u00bbAumenta la confianza con Clientes \/ -inversores\u00bb image=\u00bbhttps:\/\/www.talsoft.com.ar\/site\/wp-content\/uploads\/2020\/08\/beneficios_icon3.png\u00bb image_icon_width=\u00bb30%\u00bb _builder_version=\u00bb4.16&#8243; header_font=\u00bbOverpass|900|||||||\u00bb header_line_height=\u00bb1.4em\u00bb body_font=\u00bbOverpass|300|||||||\u00bb body_line_height=\u00bb1.8em\u00bb text_orientation=\u00bbcenter\u00bb image_max_width=\u00bb30%\u00bb locked=\u00bboff\u00bb global_colors_info=\u00bb{}\u00bb]<p>Cuando su negocio tiene lineamientos como eje principal, la seguridad inform\u00e1tica en todos sus aspectos, mejora la confianza con Clientes y\/o Inversores.<\/p>[\/et_pb_blurb][et_pb_blurb title=\u00bbProtecci\u00f3n de la informaci\u00f3n cr\u00edtica y confidencial\u00bb image=\u00bbhttps:\/\/www.talsoft.com.ar\/site\/wp-content\/uploads\/2020\/08\/beneficios_icon3.png\u00bb image_icon_width=\u00bb30%\u00bb _builder_version=\u00bb4.16&#8243; header_font=\u00bbOverpass|900|||||||\u00bb header_line_height=\u00bb1.4em\u00bb body_font=\u00bbOverpass|300|||||||\u00bb body_line_height=\u00bb1.8em\u00bb text_orientation=\u00bbcenter\u00bb image_max_width=\u00bb30%\u00bb locked=\u00bboff\u00bb global_colors_info=\u00bb{}\u00bb]<p>Nuestros servicios permiten mejorar la protecci\u00f3n de la infomaci\u00f3n cr\u00edtica y confidencial frente ataques inform\u00e1ticos.<\/p>[\/et_pb_blurb][\/et_pb_column][\/et_pb_row][et_pb_row column_structure=\u00bb1_5,3_5,1_5&#8243; admin_label=\u00bbDescripcionServicio\u00bb _builder_version=\u00bb4.16&#8243; _module_preset=\u00bbdefault\u00bb width=\u00bb69.8%\u00bb custom_margin=\u00bb|199px||auto||\u00bb custom_padding=\u00bb|0px||||\u00bb global_colors_info=\u00bb{}\u00bb][et_pb_column type=\u00bb1_5&#8243; _builder_version=\u00bb4.16&#8243; _module_preset=\u00bbdefault\u00bb global_colors_info=\u00bb{}\u00bb][\/et_pb_column][et_pb_column type=\u00bb3_5&#8243; _builder_version=\u00bb4.16&#8243; _module_preset=\u00bbdefault\u00bb global_colors_info=\u00bb{}\u00bb][et_pb_pricing_tables featured_table_background_color=\u00bb#000000&#8243; featured_table_header_background_color=\u00bb#ffffff\u00bb featured_table_header_text_color=\u00bb#ffffff\u00bb header_background_color=\u00bb#ffffff\u00bb featured_table_subheader_text_color=\u00bb#ffffff\u00bb featured_table_text_color=\u00bb#000000&#8243; featured_table_bullet_color=\u00bb#ffffff\u00bb bullet_color=\u00bb#ffffff\u00bb show_featured_drop_shadow=\u00bboff\u00bb _builder_version=\u00bb4.21.0&#8243; _module_preset=\u00bbdefault\u00bb subheader_text_color=\u00bb#ffffff\u00bb body_text_color=\u00bb#000000&#8243; header_text_color=\u00bb#ffffff\u00bb header_text_align=\u00bbcenter\u00bb subheader_text_align=\u00bbcenter\u00bb background_enable_color=\u00bboff\u00bb background_image=\u00bbhttps:\/\/www.talsoft.com.ar\/site\/wp-content\/uploads\/2014\/05\/bg_talsoft_1354x619.jpg\u00bb custom_button=\u00bbon\u00bb button_text_color=\u00bb#cb0519&#8243; text_orientation=\u00bbcenter\u00bb global_colors_info=\u00bb{}\u00bb][et_pb_pricing_table featured=\u00bbon\u00bb title=\u00bbProyecto de Hacking \u00e9tico\u00bb subtitle=\u00bbPor Proyecto \/ Anual\u00bb button_url=\u00bbhttps:\/\/myths.talsoft-security.com\/schedule-call-contacto\u00bb button_text=\u00bbCont\u00e1ctenos\u00bb bullet_color=\u00bb#cb0519&#8243; price_background_color=\u00bb#cb0519&#8243; header_background_color=\u00bb#cb0519&#8243; _builder_version=\u00bb4.21.0&#8243; _module_preset=\u00bbdefault\u00bb header_text_align=\u00bbcenter\u00bb header_text_color=\u00bb#ffffff\u00bb body_text_color=\u00bb#000000&#8243; subheader_text_color=\u00bb#000000&#8243; currency_frequency_text_color=\u00bb#ffffff\u00bb excluded_text_color=\u00bb#000000&#8243; background_color=\u00bbrgba(0,0,0,0)\u00bb background_enable_color=\u00bbon\u00bb button_alignment=\u00bbcenter\u00bb text_orientation=\u00bbleft\u00bb border_color_all_price=\u00bb#cb0519&#8243; global_colors_info=\u00bb{}\u00bb sticky_transition=\u00bbon\u00bb]<p>+Planificaci\u00f3n de ataque.<\/p>\n<p>+Reconocimiento de la empresa.<br \/>+Detecci\u00f3n de vulnerabilidades.<br \/>+Explotaci\u00f3n de vulnerabilidades.<br \/>+Generaci\u00f3n de reportes Inicial y Final.<br \/>+Re-verificaci\u00f3n de problema corregidos hasta 30 d\u00edas.<br \/>+Consultor\u00eda en seguridad inform\u00e1tica.<br \/>+Cloud Privado para su empresa.<br \/>+Tipo Externo o Interno.<\/p>[\/et_pb_pricing_table][\/et_pb_pricing_tables][\/et_pb_column][et_pb_column type=\u00bb1_5&#8243; _builder_version=\u00bb4.16&#8243; _module_preset=\u00bbdefault\u00bb global_colors_info=\u00bb{}\u00bb][\/et_pb_column][\/et_pb_row][et_pb_row admin_label=\u00bbmetodogia\u00bb _builder_version=\u00bb4.16&#8243; _module_preset=\u00bbdefault\u00bb global_colors_info=\u00bb{}\u00bb][et_pb_column type=\u00bb4_4&#8243; _builder_version=\u00bb4.16&#8243; _module_preset=\u00bbdefault\u00bb global_colors_info=\u00bb{}\u00bb][et_pb_image src=\u00bbhttps:\/\/www.talsoft.com.ar\/site\/wp-content\/uploads\/2011\/01\/metodologia_frame2.png\u00bb title_text=\u00bbbg_talsoft_1354x619&#8243; _builder_version=\u00bb4.16&#8243; _module_preset=\u00bbdefault\u00bb background_image=\u00bbhttps:\/\/www.talsoft.com.ar\/site\/wp-content\/uploads\/2014\/05\/bg_talsoft_1354x619.jpg\u00bb global_colors_info=\u00bb{}\u00bb][\/et_pb_image][\/et_pb_column][\/et_pb_row][et_pb_row column_structure=\u00bb1_2,1_2&#8243; _builder_version=\u00bb4.16&#8243; global_colors_info=\u00bb{}\u00bb][et_pb_column type=\u00bb1_2&#8243; _builder_version=\u00bb4.16&#8243; global_colors_info=\u00bb{}\u00bb][et_pb_testimonial author=\u00bbDavid Casta\u00f1eda\u00bb company_name=\u00bbProyectos Millennium\u00bb portrait_url=\u00bbhttps:\/\/www.talsoft.com.ar\/site\/wp-content\/uploads\/2020\/08\/foto4.jpeg\u00bb _builder_version=\u00bb4.16&#8243; _module_preset=\u00bbdefault\u00bb background_enable_color=\u00bboff\u00bb background_image=\u00bbhttps:\/\/www.talsoft.com.ar\/site\/wp-content\/uploads\/2014\/05\/bg_talsoft_1354x619.jpg\u00bb custom_padding=\u00bb||73px|||\u00bb border_radii=\u00bbon|20px|20px|20px|20px\u00bb global_colors_info=\u00bb{}\u00bb]<p>Muy agradecido, un servicio muy profesional y con resultados inmediatos en un tema muy delicado, como la seguridad inform\u00e1tica.<\/p>[\/et_pb_testimonial][et_pb_testimonial author=\u00bbRodrigo Alfaro \u00bb job_title=\u00bbCEO\u00bb company_name=\u00bbGemforce\u00bb portrait_url=\u00bbhttps:\/\/www.talsoft.com.ar\/site\/wp-content\/uploads\/2020\/08\/foto5.jpeg\u00bb _builder_version=\u00bb4.16&#8243; _module_preset=\u00bbdefault\u00bb background_color=\u00bbrgba(0,0,0,0)\u00bb background_image=\u00bbhttps:\/\/www.talsoft.com.ar\/site\/wp-content\/uploads\/2014\/05\/bg_talsoft_1354x619.jpg\u00bb border_radii=\u00bbon|20px|20px|20px|20px\u00bb global_colors_info=\u00bb{}\u00bb]<p>\u00abEstuvimos recibiendo ataques en nuestro sitio web, desde el momento que contactamos a Talsoft nos atendieron al instante y se involucraron en la soluci\u00f3n del problema, lo que m\u00e1s me impresiono fue su disponibilidad y empe\u00f1o en ayudarnos a resolver el problema.\u00bb<\/p>[\/et_pb_testimonial][et_pb_testimonial company_name=\u00bbAvisLatam\u00bb portrait_url=\u00bbhttps:\/\/www.talsoft.com.ar\/site\/wp-content\/uploads\/2020\/08\/foto1.jpeg\u00bb _builder_version=\u00bb4.16&#8243; _module_preset=\u00bbdefault\u00bb background_color=\u00bbrgba(0,0,0,0)\u00bb background_image=\u00bbhttps:\/\/www.talsoft.com.ar\/site\/wp-content\/uploads\/2014\/05\/bg_talsoft_1354x619.jpg\u00bb custom_padding=\u00bb||96px|||\u00bb border_radii=\u00bbon|20px|20px|20px|20px\u00bb global_colors_info=\u00bb{}\u00bb]<p>\u00abEntregaron un servicio de calidad y se acomodaron a los tiempos de entrega del proyecto, siendo que eran bastante acotados.\u00bb<\/p>[\/et_pb_testimonial][\/et_pb_column][et_pb_column type=\u00bb1_2&#8243; _builder_version=\u00bb4.16&#8243; custom_padding=\u00bb||\u00bb global_colors_info=\u00bb{}\u00bb][et_pb_testimonial author=\u00bbM. Toyos\u00bb company_name=\u00bbCasimiro F\u00e9lix Toyos e Hijos S.A.\u00bb portrait_url=\u00bbhttps:\/\/www.talsoft.com.ar\/site\/wp-content\/uploads\/2020\/08\/foto3.jpeg\u00bb _builder_version=\u00bb4.21.0&#8243; _module_preset=\u00bbdefault\u00bb background_color=\u00bbrgba(0,0,0,0)\u00bb background_image=\u00bbhttps:\/\/www.talsoft.com.ar\/site\/wp-content\/uploads\/2014\/05\/bg_talsoft_1354x619.jpg\u00bb hover_enabled=\u00bb0&#8243; border_radii=\u00bbon|20px|20px|20px|20px\u00bb global_colors_info=\u00bb{}\u00bb sticky_enabled=\u00bb0&#8243;]<p><span class=\"tlid-translation translation\"><span title=\"\">\u00ab<span>M\u00e1s all\u00e1 de la detecci\u00f3n de riesgos internos y externos a nuestra organizaci\u00f3n, la sugerencia de un plan de acci\u00f3n con temas concretos a trabajar y mejoras a implementar hace que la auditor\u00eda de seguridad sea \u00fatil y efectiva<\/span><\/span><\/span>\u00ab<\/p>[\/et_pb_testimonial][et_pb_testimonial author=\u00bbRicardo May\u00bb company_name=\u00bbNexuscom Arg.\u00bb portrait_url=\u00bbhttps:\/\/www.talsoft.com.ar\/site\/wp-content\/uploads\/2020\/08\/foto2.jpeg\u00bb _builder_version=\u00bb4.16&#8243; _module_preset=\u00bbdefault\u00bb background_color=\u00bbrgba(0,0,0,0)\u00bb background_image=\u00bbhttps:\/\/www.talsoft.com.ar\/site\/wp-content\/uploads\/2014\/05\/bg_talsoft_1354x619.jpg\u00bb custom_padding=\u00bb||70px|||\u00bb border_radii=\u00bbon|20px|20px|20px|20px\u00bb global_colors_info=\u00bb{}\u00bb]<p><span class=\"tlid-translation translation\"><span title=\"\">\u00abCon vuestros servicios de consultor\u00eda logramos mejorar la seguridad inform\u00e1tica de nuestros sistemas, permiti\u00e9ndonos alcanzar un nivel de excelencia y as\u00ed certificar PCI-DSS.<\/span><\/span>\u00ab<\/p>[\/et_pb_testimonial][\/et_pb_column][\/et_pb_row][et_pb_row admin_label=\u00bbCalltoaction\u00bb _builder_version=\u00bb4.16&#8243; _module_preset=\u00bbdefault\u00bb global_colors_info=\u00bb{}\u00bb][et_pb_column type=\u00bb4_4&#8243; _builder_version=\u00bb4.16&#8243; _module_preset=\u00bbdefault\u00bb global_colors_info=\u00bb{}\u00bb][et_pb_cta button_url=\u00bbhttps:\/\/myths.talsoft-security.com\/schedule-call-contacto\u00bb button_text=\u00bbCont\u00e1ctenos\u00bb _builder_version=\u00bb4.21.0&#8243; _module_preset=\u00bbdefault\u00bb background_color=\u00bb#cb0519&#8243; border_radii=\u00bbon|20px|20px|20px|20px\u00bb global_colors_info=\u00bb{}\u00bb]<p>Empieze a proteger su negocio frente ataques inform\u00e1ticos<\/p>[\/et_pb_cta][\/et_pb_column][\/et_pb_row][\/et_pb_section]","protected":false},"excerpt":{"rendered":"<p>Un proyecto de Hacking \u00c9tico consiste en una auditor\u00eda de seguridad\u00a0controlada en los sistemas inform\u00e1ticos de una empresa, de la misma forma que lo har\u00eda un intruso o pirata inform\u00e1tico pero de forma \u00e9tica, previa autorizaci\u00f3n de un convenio de confidencialidad por escrito. El resultado es un informe donde se identifican los sistemas en los [&hellip;]<\/p>\n","protected":false},"author":3,"featured_media":0,"parent":1191,"menu_order":0,"comment_status":"closed","ping_status":"closed","template":"","meta":{"_et_pb_use_builder":"on","_et_pb_old_content":"<!-- wp:core-embed\/youtube {\"url\":\"https:\/\/www.youtube.com\/watch?v=Jw8C8NNHCbo\",\"type\":\"video\",\"providerNameSlug\":\"youtube\",\"className\":\"wp-embed-aspect-16-9 wp-has-aspect-ratio\"} -->\n<figure class=\"wp-block-embed-youtube wp-block-embed is-type-video is-provider-youtube wp-embed-aspect-16-9 wp-has-aspect-ratio\"><div class=\"wp-block-embed__wrapper\">\nhttps:\/\/www.youtube.com\/watch?v=Jw8C8NNHCbo\n<\/div><\/figure>\n<!-- \/wp:core-embed\/youtube -->\n\n<!-- wp:paragraph -->\n<p>Un proyecto de<strong> Hacking \u00c9tico<\/strong> consiste en una auditor\u00eda de seguridad&nbsp;controlada en los sistemas inform\u00e1ticos de una empresa, de <em><strong>la misma forma que lo har\u00eda un intruso o pirata inform\u00e1tico pero de forma \u00e9tica, previa autorizaci\u00f3n de un convenio de confidencialidad por escrito<\/strong><\/em>. El resultado es un informe donde se identifican los sistemas en los que se ha logrado penetrar y la informaci\u00f3n confidencial y\/o secreta conseguida. <strong>E<em>ste servicio tambi\u00e9n puede utilizarse para garantizar el cumplimiento de PCI DSS<\/em>.<\/strong><\/p>\n<!-- \/wp:paragraph -->\n\n<!-- wp:paragraph -->\n<p>Comprende un conjunto de <strong><em>metodolog\u00edas y t\u00e9cnicas para realizar un diagn\u00f3stico integral de las debilidades de los sistemas inform\u00e1ticos de la organizaci\u00f3n<\/em>.<\/strong> Consiste en un modelo que reproduce intentos de acceso a cualquier entorno inform\u00e1tico de un intruso potencial desde los diferentes puntos de entrada que existan, tanto internos como remotos. Detectando las debilidades de la organizaci\u00f3n antes de que se produzcan los ingresos indebidos de intrusos.<\/p>\n<!-- \/wp:paragraph -->\n\n<h2>Tipos de Hacking \u00e9tico<\/h2>\n<ul>\n<li><strong>Hacking \u00c9tico Externo<\/strong>: Permite evaluar el estado de la seguridad de una organizaci\u00f3n desde Internet como si lo hiciera un intruso real.<\/li>\n<li><strong>Hacking \u00c9tico Interno<\/strong>: Permite evaluar el estado de la seguridad dentro de la organizaci\u00f3n.<\/li>\n<\/ul>\n<h2>Conoce la opini\u00f3n de nuestros clientes<\/h2>\n<p>[tw_divider type=\"space\" height=\"20\"]<\/p>\n<p>[tw_testimonials test_style=\"style_2\" category_ids=\"\" count=\"22\" bg_color=\" \" text_color=\" \" name_color=\" \" direction=\"right\" duration=\"1000\" timeout=\"2000\"]<\/p>\n<p>[tw_divider type=\"space\" height=\"20\"]<\/p>\n<p style=\"text-align: center;\">[tw_button icon=\"\" link=\"http:\/\/www.talsoft.com.ar\/site\/obtener-una-cotizacion\/\" size=\"medium\" rounded=\"true\" style=\"flat\" hover=\"default\" color=\"#f01d1d\" target=\"_blank\"]Obtener una cotizaci\u00f3n[\/tw_button]<\/p>\n<h2>Metodolog\u00eda<a href=\"http:\/\/www.talsoft.com.ar\/site\/wp-content\/uploads\/2011\/01\/Pentest.png\"><img class=\" wp-image-2870 size-large aligncenter\" src=\"http:\/\/www.talsoft.com.ar\/site\/wp-content\/uploads\/2011\/01\/metodologia_frame2-1024x658.png\" alt=\"metodologia_frame2\" width=\"960\" height=\"617\"\/><\/a><\/h2>\n<h2>Beneficios para su empresa<\/h2>\n<p style=\"text-align: justify;\"><strong>La inversi\u00f3n<\/strong> que realiza la empresa con nuestros servicios, permite <strong>minimizar la p\u00e9rdida de dinero y maximizar las ganancias<\/strong>, a\u00fan cuando ocurren ataques cibern\u00e9ticos. <strong>Aumentar\u00e1 su imagen, prestigio, fidelidad<\/strong> porque proteger\u00e1 la informaci\u00f3n confidencial y la relaci\u00f3n<strong> con clientes, inversores, proveedores<\/strong>.<\/p>\n<p style=\"text-align: justify;\">Le garantizamos que con nuestros servicios,<strong> podr\u00e1 controlar y conocer <\/strong>el estado de la seguridad inform\u00e1tica de tu empresa y concentrarte en el crecimiento y prosperidad de tu negocio. <strong>Nuestros profesionales trabajan en forma artesanal<\/strong>, de la misma forma que lo hace un intruso pero <strong>en forma autorizada<\/strong>. Tendr\u00e1 a su disposici\u00f3n <strong>expertos en seguridad inform\u00e1tica<\/strong> que lo ayudaran en dar respuestas a los incidentes y toma de decisiones en forma personalizada.<\/p>\n<p style=\"text-align: justify;\"><strong><span style=\"text-decoration: underline;\">Es el momento de empezar a proteger su negocio<\/span>. <span style=\"text-decoration: underline;\">Obtenga sin costo su cotizaci\u00f3n personalizada<\/span> con nuestros expertos, <span style=\"text-decoration: underline;\">ahora mismo...<\/span><\/strong><\/p>\n<p style=\"text-align: justify;\">[tw_divider type=\"space\" height=\"40\"]<\/p>\n<p style=\"text-align: justify;\">[tw_pricing_table column=\"3\" price_category_list=\"hackingetico\"]<\/p>\n<p style=\"text-align: justify;\">[tw_divider type=\"space\" height=\"40\"]<\/p>","_et_gb_content_width":"","footnotes":""},"class_list":["post-1049","page","type-page","status-publish","hentry"],"_links":{"self":[{"href":"https:\/\/www.talsoft.com.ar\/site\/wp-json\/wp\/v2\/pages\/1049","targetHints":{"allow":["GET"]}}],"collection":[{"href":"https:\/\/www.talsoft.com.ar\/site\/wp-json\/wp\/v2\/pages"}],"about":[{"href":"https:\/\/www.talsoft.com.ar\/site\/wp-json\/wp\/v2\/types\/page"}],"author":[{"embeddable":true,"href":"https:\/\/www.talsoft.com.ar\/site\/wp-json\/wp\/v2\/users\/3"}],"replies":[{"embeddable":true,"href":"https:\/\/www.talsoft.com.ar\/site\/wp-json\/wp\/v2\/comments?post=1049"}],"version-history":[{"count":89,"href":"https:\/\/www.talsoft.com.ar\/site\/wp-json\/wp\/v2\/pages\/1049\/revisions"}],"predecessor-version":[{"id":7271,"href":"https:\/\/www.talsoft.com.ar\/site\/wp-json\/wp\/v2\/pages\/1049\/revisions\/7271"}],"up":[{"embeddable":true,"href":"https:\/\/www.talsoft.com.ar\/site\/wp-json\/wp\/v2\/pages\/1191"}],"wp:attachment":[{"href":"https:\/\/www.talsoft.com.ar\/site\/wp-json\/wp\/v2\/media?parent=1049"}],"curies":[{"name":"wp","href":"https:\/\/api.w.org\/{rel}","templated":true}]}}